{"id":787,"date":"2021-08-11T13:35:38","date_gmt":"2021-08-11T11:35:38","guid":{"rendered":"https:\/\/rumex.mendelu.cz\/zstv\/?page_id=787"},"modified":"2021-08-11T13:35:17","modified_gmt":"2021-08-11T11:35:17","slug":"expertizy","status":"publish","type":"page","link":"https:\/\/zstv.cz\/?page_id=787","title":{"rendered":"Expert\u00edzy"},"content":{"rendered":"\n<p><span style=\"font-family: Arial, serif;\">Jako zku\u0161ebna stavebn\u011b truhl\u00e1\u0159sk\u00fdch v\u00fdrobk\u016f prov\u00e1d\u00edme technick\u00e1 posouzen\u00ed v\u00fdrobk\u016f na m\u00edst\u011b nebo v&nbsp;prostor\u00e1ch na\u0161\u00ed laborato\u0159e vymezen\u00fdch na\u0161\u00ed \u010dinnost\u00ed. V&nbsp;p\u0159\u00edpad\u011b pot\u0159eby jsme schopni zajistit posouzen\u00ed a zkou\u0161ky u extern\u00edch instituc\u00ed, pokud to povaha v\u00fdrobku vy\u017eaduje.<\/span><\/p>\n","protected":false},"excerpt":{"rendered":"<p>Jako zku\u0161ebna stavebn\u011b truhl\u00e1\u0159sk\u00fdch v\u00fdrobk\u016f prov\u00e1d\u00edme technick\u00e1 posouzen\u00ed v\u00fdrobk\u016f na m\u00edst\u011b nebo v&nbsp;prostor\u00e1ch na\u0161\u00ed laborato\u0159e vymezen\u00fdch na\u0161\u00ed \u010dinnost\u00ed. V&nbsp;p\u0159\u00edpad\u011b pot\u0159eby [&hellip;]<\/p>\n","protected":false},"author":3,"featured_media":0,"parent":0,"menu_order":0,"comment_status":"closed","ping_status":"closed","template":"","meta":{"footnotes":""},"class_list":["post-787","page","type-page","status-publish","hentry"],"yoast_head":"<!-- This site is optimized with the Yoast SEO plugin v27.4 - https:\/\/yoast.com\/product\/yoast-seo-wordpress\/ -->\n<title>Expert\u00edzy - Zku\u0161ebna stavebn\u011b truhl\u00e1\u0159sk\u00fdch v\u00fdrobk\u016f a n\u00e1bytku<\/title>\n<meta name=\"robots\" content=\"index, follow, max-snippet:-1, max-image-preview:large, max-video-preview:-1\" \/>\n<link rel=\"canonical\" href=\"https:\/\/zstv.cz\/?page_id=787\" \/>\n<meta property=\"og:locale\" content=\"cs_CZ\" \/>\n<meta property=\"og:type\" content=\"article\" \/>\n<meta property=\"og:title\" content=\"Expert\u00edzy - Zku\u0161ebna stavebn\u011b truhl\u00e1\u0159sk\u00fdch v\u00fdrobk\u016f a n\u00e1bytku\" \/>\n<meta property=\"og:description\" content=\"Jako zku\u0161ebna stavebn\u011b truhl\u00e1\u0159sk\u00fdch v\u00fdrobk\u016f prov\u00e1d\u00edme technick\u00e1 posouzen\u00ed v\u00fdrobk\u016f na m\u00edst\u011b nebo v&nbsp;prostor\u00e1ch na\u0161\u00ed laborato\u0159e vymezen\u00fdch na\u0161\u00ed \u010dinnost\u00ed. V&nbsp;p\u0159\u00edpad\u011b pot\u0159eby [&hellip;]\" \/>\n<meta property=\"og:url\" content=\"https:\/\/zstv.cz\/?page_id=787\" \/>\n<meta property=\"og:site_name\" content=\"Zku\u0161ebna stavebn\u011b truhl\u00e1\u0159sk\u00fdch v\u00fdrobk\u016f a n\u00e1bytku\" \/>\n<meta name=\"twitter:card\" content=\"summary_large_image\" \/>\n<meta name=\"twitter:label1\" content=\"Odhadovan\u00e1 doba \u010dten\u00ed\" \/>\n\t<meta name=\"twitter:data1\" content=\"1 minuta\" \/>\n<script type=\"application\/ld+json\" class=\"yoast-schema-graph\">{\"@context\":\"https:\\\/\\\/schema.org\",\"@graph\":[{\"@type\":\"WebPage\",\"@id\":\"https:\\\/\\\/zstv.cz\\\/?page_id=787\",\"url\":\"https:\\\/\\\/zstv.cz\\\/?page_id=787\",\"name\":\"Expert\u00edzy - Zku\u0161ebna stavebn\u011b truhl\u00e1\u0159sk\u00fdch v\u00fdrobk\u016f a n\u00e1bytku\",\"isPartOf\":{\"@id\":\"https:\\\/\\\/zstv.cz\\\/#website\"},\"datePublished\":\"2021-08-11T11:35:38+00:00\",\"breadcrumb\":{\"@id\":\"https:\\\/\\\/zstv.cz\\\/?page_id=787#breadcrumb\"},\"inLanguage\":\"cs\",\"potentialAction\":[{\"@type\":\"ReadAction\",\"target\":[\"https:\\\/\\\/zstv.cz\\\/?page_id=787\"]}]},{\"@type\":\"BreadcrumbList\",\"@id\":\"https:\\\/\\\/zstv.cz\\\/?page_id=787#breadcrumb\",\"itemListElement\":[{\"@type\":\"ListItem\",\"position\":1,\"name\":\"Dom\u016f\",\"item\":\"https:\\\/\\\/zstv.cz\\\/\"},{\"@type\":\"ListItem\",\"position\":2,\"name\":\"Expert\u00edzy\"}]},{\"@type\":\"WebSite\",\"@id\":\"https:\\\/\\\/zstv.cz\\\/#website\",\"url\":\"https:\\\/\\\/zstv.cz\\\/\",\"name\":\"Zku\u0161ebna stavebn\u011b truhl\u00e1\u0159sk\u00fdch v\u00fdrobk\u016f a n\u00e1bytku\",\"description\":\"\",\"potentialAction\":[{\"@type\":\"SearchAction\",\"target\":{\"@type\":\"EntryPoint\",\"urlTemplate\":\"https:\\\/\\\/zstv.cz\\\/?s={search_term_string}\"},\"query-input\":{\"@type\":\"PropertyValueSpecification\",\"valueRequired\":true,\"valueName\":\"search_term_string\"}}],\"inLanguage\":\"cs\"}]}<\/script>\n<!-- \/ Yoast SEO plugin. -->","yoast_head_json":{"title":"Expert\u00edzy - Zku\u0161ebna stavebn\u011b truhl\u00e1\u0159sk\u00fdch v\u00fdrobk\u016f a n\u00e1bytku","robots":{"index":"index","follow":"follow","max-snippet":"max-snippet:-1","max-image-preview":"max-image-preview:large","max-video-preview":"max-video-preview:-1"},"canonical":"https:\/\/zstv.cz\/?page_id=787","og_locale":"cs_CZ","og_type":"article","og_title":"Expert\u00edzy - Zku\u0161ebna stavebn\u011b truhl\u00e1\u0159sk\u00fdch v\u00fdrobk\u016f a n\u00e1bytku","og_description":"Jako zku\u0161ebna stavebn\u011b truhl\u00e1\u0159sk\u00fdch v\u00fdrobk\u016f prov\u00e1d\u00edme technick\u00e1 posouzen\u00ed v\u00fdrobk\u016f na m\u00edst\u011b nebo v&nbsp;prostor\u00e1ch na\u0161\u00ed laborato\u0159e vymezen\u00fdch na\u0161\u00ed \u010dinnost\u00ed. V&nbsp;p\u0159\u00edpad\u011b pot\u0159eby [&hellip;]","og_url":"https:\/\/zstv.cz\/?page_id=787","og_site_name":"Zku\u0161ebna stavebn\u011b truhl\u00e1\u0159sk\u00fdch v\u00fdrobk\u016f a n\u00e1bytku","twitter_card":"summary_large_image","twitter_misc":{"Odhadovan\u00e1 doba \u010dten\u00ed":"1 minuta"},"schema":{"@context":"https:\/\/schema.org","@graph":[{"@type":"WebPage","@id":"https:\/\/zstv.cz\/?page_id=787","url":"https:\/\/zstv.cz\/?page_id=787","name":"Expert\u00edzy - Zku\u0161ebna stavebn\u011b truhl\u00e1\u0159sk\u00fdch v\u00fdrobk\u016f a n\u00e1bytku","isPartOf":{"@id":"https:\/\/zstv.cz\/#website"},"datePublished":"2021-08-11T11:35:38+00:00","breadcrumb":{"@id":"https:\/\/zstv.cz\/?page_id=787#breadcrumb"},"inLanguage":"cs","potentialAction":[{"@type":"ReadAction","target":["https:\/\/zstv.cz\/?page_id=787"]}]},{"@type":"BreadcrumbList","@id":"https:\/\/zstv.cz\/?page_id=787#breadcrumb","itemListElement":[{"@type":"ListItem","position":1,"name":"Dom\u016f","item":"https:\/\/zstv.cz\/"},{"@type":"ListItem","position":2,"name":"Expert\u00edzy"}]},{"@type":"WebSite","@id":"https:\/\/zstv.cz\/#website","url":"https:\/\/zstv.cz\/","name":"Zku\u0161ebna stavebn\u011b truhl\u00e1\u0159sk\u00fdch v\u00fdrobk\u016f a n\u00e1bytku","description":"","potentialAction":[{"@type":"SearchAction","target":{"@type":"EntryPoint","urlTemplate":"https:\/\/zstv.cz\/?s={search_term_string}"},"query-input":{"@type":"PropertyValueSpecification","valueRequired":true,"valueName":"search_term_string"}}],"inLanguage":"cs"}]}},"_links":{"self":[{"href":"https:\/\/zstv.cz\/index.php?rest_route=\/wp\/v2\/pages\/787","targetHints":{"allow":["GET"]}}],"collection":[{"href":"https:\/\/zstv.cz\/index.php?rest_route=\/wp\/v2\/pages"}],"about":[{"href":"https:\/\/zstv.cz\/index.php?rest_route=\/wp\/v2\/types\/page"}],"author":[{"embeddable":true,"href":"https:\/\/zstv.cz\/index.php?rest_route=\/wp\/v2\/users\/3"}],"replies":[{"embeddable":true,"href":"https:\/\/zstv.cz\/index.php?rest_route=%2Fwp%2Fv2%2Fcomments&post=787"}],"version-history":[{"count":4,"href":"https:\/\/zstv.cz\/index.php?rest_route=\/wp\/v2\/pages\/787\/revisions"}],"predecessor-version":[{"id":1344,"href":"https:\/\/zstv.cz\/index.php?rest_route=\/wp\/v2\/pages\/787\/revisions\/1344"}],"wp:attachment":[{"href":"https:\/\/zstv.cz\/index.php?rest_route=%2Fwp%2Fv2%2Fmedia&parent=787"}],"curies":[{"name":"wp","href":"https:\/\/api.w.org\/{rel}","templated":true}]}}