{"id":633,"date":"2021-08-17T08:30:00","date_gmt":"2021-08-17T06:30:00","guid":{"rendered":"https:\/\/rumex.mendelu.cz\/zstv\/?page_id=633"},"modified":"2026-02-05T14:54:42","modified_gmt":"2026-02-05T13:54:42","slug":"partner-pro-vyrobce-nabytku","status":"publish","type":"page","link":"https:\/\/zstv.cz\/?page_id=633","title":{"rendered":"Partner pro v\u00fdrobce n\u00e1bytku"},"content":{"rendered":"\n<p>Pro v\u00fdrobu n\u00e1bytku jsou pou\u017e\u00edv\u00e1ny r\u016fzn\u00e9 materi\u00e1ly. M\u016f\u017ee b\u00fdt vyroben\u00fd ze d\u0159eva, materi\u00e1l\u016f na b\u00e1zi d\u0159eva, ale tak\u00e9 kovu, plastu, skla \u010di kamene. Zvl\u00e1\u0161t\u011b u velkoplo\u0161n\u00fdch materi\u00e1l\u016f, jako jsou d\u0159evot\u0159\u00edskov\u00e9 nebo d\u0159evovl\u00e1knit\u00e9 desky a p\u0159ekli\u017eky, nen\u00ed d\u016fle\u017eit\u00e1 pouze jejich kvalita a vzhled, ale i obsah nebezpe\u010dn\u00fdch t\u011bkav\u00fdch l\u00e1tek.<\/p>\n\n\n\n<p>Ka\u017ed\u00fd v\u00fdrobce n\u00e1bytku m\u00e1 sv\u016fj syst\u00e9m \u0159\u00edzen\u00ed kvality a specifick\u00e9 v\u00fdrobn\u00ed prost\u0159edky. P\u0159esto\u017ee se jedn\u00e1 o neregulovanou oblast, spousta v\u00fdrobc\u016f si nech\u00e1 prov\u00e9st alespo\u0148 z\u00e1kladn\u00ed zkou\u0161ky, aby si ov\u011b\u0159ili vlastnosti a funk\u010dnost sv\u00e9ho v\u00fdrobku.<\/p>\n\n\n\n<p><b>Slu\u017eby laborato\u0159e<\/b><\/p>\n\n\n\n<p>V&nbsp;na\u0161\u00ed Zku\u0161ebn\u011b n\u00e1bytku jsme p\u0159ipraveni poskytovat jak akreditovan\u00e9 zkou\u0161ky jak\u00e9hokoliv typu n\u00e1bytku (sedac\u00ed, lehac\u00ed, pro dom\u00e1c\u00ed, komer\u010dn\u00ed nebo i jin\u00e9 pou\u017eit\u00ed), tak i r\u016fzn\u00e9 dopl\u0148kov\u00e9 zkou\u0161ky a simulace nam\u00e1h\u00e1n\u00ed v&nbsp;n\u00e1vaznosti na oblasti pou\u017eit\u00ed.<\/p>\n\n\n\n<p>Pro jednotliv\u00e9 kategorie v\u00fdrobk\u016f uv\u00e1d\u00edme n\u011bkter\u00e9 nej\u010dast\u011bji prov\u00e1d\u011bn\u00e9 zkou\u0161ky:<\/p>\n\n\n\n<p><span style=\"text-decoration:underline\">Mezi na\u0161e st\u011b\u017eejn\u00ed zkou\u0161ky pat\u0159\u00ed p\u0159edev\u0161\u00edm<\/span><\/p>\n\n\n\n<ul class=\"wp-block-list\">\n<li>stanoven\u00ed emise t\u011bkav\u00fdch organick\u00fdch l\u00e1tek ze stavebn\u00edch materi\u00e1l\u016f a n\u00e1bytku (VOC) metodou GC\/MS &#8211; metoda zku\u0161ebn\u00ed komory a TVOCMS (TSVOCMS) v\u00fdpo\u010dtem z nam\u011b\u0159en\u00fdch hodnot,<\/li>\n\n\n\n<li>jako jedin\u00e1 zku\u0161ebn\u00ed laborato\u0159 v&nbsp;\u010cR m\u00e1me akreditovanou zkou\u0161ku kvantitativn\u00edho stanoven\u00ed pentachlorfenolu ve d\u0159ev\u011b a v\u00fdrobc\u00edch ze d\u0159eva metodou GC\/MS.<\/li>\n<\/ul>\n\n\n\n<p><\/p>\n\n\n\n<p><span style=\"text-decoration:underline\">Sedac\u00ed n\u00e1bytek (pro vnit\u0159n\u00ed i venkovn\u00ed pou\u017eit\u00ed):<\/span><\/p>\n\n\n\n<ul class=\"wp-block-list\">\n<li>kombinovan\u00e1 zkou\u0161ka pevnosti a trvanlivosti sedadla a op\u011bradla,<\/li>\n\n\n\n<li>zkou\u0161ka trvanlivosti podru\u010dek,<\/li>\n\n\n\n<li>zkou\u0161ka sedadla n\u00e1razem.<\/li>\n<\/ul>\n\n\n\n<p><\/p>\n\n\n\n<p><span style=\"text-decoration:underline\">Lehac\u00ed n\u00e1bytek (postele, patrov\u00e9 postele ro\u0161ty, matrace):<\/span><\/p>\n\n\n\n<ul class=\"wp-block-list\">\n<li>zkou\u0161ka trvanlivosti lehac\u00ed plochy a ro\u0161tu,<\/li>\n\n\n\n<li>r\u00e1zov\u00e1 zkou\u0161ka svisle p\u016fsob\u00edc\u00ed silou,<\/li>\n\n\n\n<li>zkou\u0161ky statick\u00fdm zat\u00ed\u017een\u00edm svisle p\u016fsob\u00edc\u00ed silou na lehac\u00ed plochy a ro\u0161ty,<\/li>\n\n\n\n<li>zkou\u0161ka m\u011bkkosti matrace.<\/li>\n<\/ul>\n\n\n\n<p><\/p>\n\n\n\n<p><span style=\"text-decoration:underline\">Zkou\u0161en\u00ed a ov\u011b\u0159en\u00ed kvality povrchov\u00e9 \u00fapravy n\u00e1bytkov\u00fdch d\u00edlc\u016f:<\/span><\/p>\n\n\n\n<ul class=\"wp-block-list\">\n<li>m\u011b\u0159en\u00ed tlou\u0161\u0165ky n\u00e1nosu n\u00e1t\u011brov\u00e9ho filmu,<\/li>\n\n\n\n<li>p\u0159\u00eddr\u017enost povrchu n\u00e1t\u011brov\u00e9ho filmu,<\/li>\n\n\n\n<li>stanoven\u00ed fyzik\u00e1ln\u011b-mechanick\u00fdch a chemick\u00fdch odolnost\u00ed povrchov\u00fdch \u00faprav n\u00e1bytku.<\/li>\n<\/ul>\n\n\n\n<p>Dal\u0161\u00ed vlastnosti naleznete <a href=\"?page_id=775\">v&nbsp;seznamu zkou\u0161ek<\/a> pro danou v\u00fdrobkovou kategorii.<\/p>\n\n\n\n<p><\/p>\n\n\n\n<p><b>Certifikace n\u00e1bytku<\/b><\/p>\n\n\n\n<p>N\u00e1bytek nespad\u00e1 do regulovan\u00e9 oblasti, p\u0159esto jsme p\u0159ipraveni va\u0161e v\u00fdrobky certifikovat v r\u00e1mci na\u0161eho certifika\u010dn\u00edho org\u00e1nu \u010d. 3061. Nepovinnou certifikac\u00ed z\u00edsk\u00e1te n\u00e1skok p\u0159ed ostatn\u00edmi v\u00fdrobci, kdy v\u00e1m na z\u00e1klad\u011b n\u00e1mi proveden\u00fdch zkou\u0161ek a prov\u011brky syst\u00e9mu \u0159\u00edzen\u00ed v\u00fdroby vystav\u00edme certifik\u00e1t v\u00fdrobku. Kvalitu va\u0161eho v\u00fdrobku pravideln\u011b prov\u011b\u0159\u00edme.<\/p>\n\n\n\n<p><\/p>\n\n\n\n<p><b>Aplikovan\u00fd v\u00fdzkum<\/b><\/p>\n\n\n\n<p>Vyv\u00edj\u00edte nov\u00fd v\u00fdrobek a chcete spolupracovat s&nbsp;odbornou instituc\u00ed? Pot\u0159ebujete pro sv\u016fj vyv\u00edjen\u00fd v\u00fdrobek zjistit jeho vlastnosti a nem\u00e1te na to pot\u0159ebn\u00e9 za\u0159\u00edzen\u00ed? Nab\u00edz\u00edme v\u00e1m proveden\u00ed zkou\u0161ek v na\u0161ich laboratorn\u00edch prostor\u00e1ch i mimo n\u011b p\u0159i:<\/p>\n\n\n\n<ul class=\"wp-block-list\">\n<li>v\u00fdvoji nov\u00fdch v\u00fdrobk\u016f,<\/li>\n\n\n\n<li>inovac\u00edch v\u00fdrobk\u016f,<\/li>\n\n\n\n<li>v\u00fdvoji a testov\u00e1n\u00ed prototyp\u016f.<\/li>\n<\/ul>\n\n\n\n<p><\/p>\n\n\n\n<p class=\"hidden\"><b>Poradenstv\u00ed<\/b><\/p>\n\n\n\n<ul class=\"hidden wp-block-list\">\n<li>konzulta\u010dn\u00ed \u010dinnost v\u00fdrobkov\u00e1 a technologick\u00e1,<\/li>\n\n\n\n<li>poradenstv\u00ed p\u0159i volb\u011b a zm\u011bn\u011b materi\u00e1l\u016f,<\/li>\n\n\n\n<li>poradenstv\u00ed p\u0159i volb\u011b a zm\u011bn\u011b technologi\u00ed,<\/li>\n\n\n\n<li>technick\u00e1 podpora pro zad\u00e1n\u00ed v\u00fdb\u011brov\u00fdch \u0159\u00edzen\u00ed.<\/li>\n<\/ul>\n\n\n\n<p><\/p>\n\n\n\n<p><b>Expertizy<\/b><\/p>\n\n\n\n<ul class=\"wp-block-list\">\n<li>m\u011b\u0159en\u00ed a posuzov\u00e1n\u00ed technick\u00e9ho stavu v\u00fdrobk\u016f a vstupn\u00edch polotovar\u016f,<\/li>\n\n\n\n<li>m\u011b\u0159en\u00ed a posuzov\u00e1n\u00ed kvality ovzdu\u0161\u00ed v&nbsp;n\u00e1vaznosti na mo\u017en\u00e9 uvol\u0148ov\u00e1n\u00ed nebezpe\u010dn\u00fdch l\u00e1tek,<\/li>\n\n\n\n<li>m\u011b\u0159en\u00ed a posuzov\u00e1n\u00ed stavu povrchov\u00e9 \u00fapravy v\u00fdrobk\u016f.<\/li>\n<\/ul>\n\n\n\n<p><\/p>\n\n\n\n<p><b>Vzd\u011bl\u00e1v\u00e1n\u00ed<\/b><\/p>\n\n\n\n<p>Jako sou\u010d\u00e1st Lesnick\u00e9 a d\u0159eva\u0159sk\u00e9 fakulty na Mendelov\u011b univerzit\u011b velmi \u00fazce spolupracujeme s&nbsp;\u00dastavem n\u00e1bytku, designu a bydlen\u00ed. Pod\u00edl\u00edme se tak na vzd\u011bl\u00e1v\u00e1n\u00ed nov\u00fdch odborn\u00edk\u016f v&nbsp;oboru. Nab\u00edz\u00edme tak\u00e9 kurzy a vzd\u011bl\u00e1v\u00e1n\u00ed v oblasti n\u00e1bytk\u00e1\u0159sk\u00e9 v\u00fdroby a povrchov\u00e9 \u00fapravy, a to nejen n\u00e1bytku.<\/p>\n\n\n\n<p><\/p>\n\n\n\n<h2 class=\"wp-block-heading\">N\u00e1\u0161 specialista v dan\u00e9 oblasti<\/h2>\n\n\n<div id=\"pl-gb633-69f0b43ba1c91\"  class=\"panel-layout wp-block-siteorigin-panels-layout-block\" ><div id=\"pg-gb633-69f0b43ba1c91-0\"  class=\"panel-grid panel-no-style\" ><div id=\"pgc-gb633-69f0b43ba1c91-0-0\"  class=\"panel-grid-cell\" ><div id=\"panel-gb633-69f0b43ba1c91-0-0-0\" class=\"so-panel widget widget_text panel-first-child panel-last-child\" data-index=\"0\" >\t\t\t<div class=\"textwidget\"><p><img decoding=\"async\" class=\"alignnone size-full wp-image-1070 lazyload\" data-src=\"https:\/\/zstv.cz\/wp-content\/uploads\/2021\/06\/ZM_1843.jpg\" alt=\"\" width=\"96\" height=\"128\" src=\"data:image\/svg+xml;base64,PHN2ZyB3aWR0aD0iMSIgaGVpZ2h0PSIxIiB4bWxucz0iaHR0cDovL3d3dy53My5vcmcvMjAwMC9zdmciPjwvc3ZnPg==\" style=\"--smush-placeholder-width: 96px; --smush-placeholder-aspect-ratio: 96\/128;\" \/><\/p>\n<\/div>\n\t\t<\/div><\/div><div id=\"pgc-gb633-69f0b43ba1c91-0-1\"  class=\"panel-grid-cell\" ><div id=\"panel-gb633-69f0b43ba1c91-0-1-0\" class=\"so-panel widget widget_text panel-first-child panel-last-child\" data-index=\"1\" >\t\t\t<div class=\"textwidget\"><figure class=\"wp-block-table alignwide is-style-stripes\">\n<table>\n<tbody>\n<tr>\n<td><a href=\"?page_id=390\" data-type=\"URL\" data-id=\"?page_id=390\" data-rich-text-format-boundary=\"true\">Ing. Miroslav Zapletal, Ph.D.<\/a><\/td>\n<\/tr>\n<tr>\n<td><\/td>\n<\/tr>\n<tr>\n<td>mobil: +420 606 056 342<\/td>\n<\/tr>\n<tr>\n<td>e-mail: <u><a class=\"mail-link\" href=\"mailto:mira.zapletal@zstv.cz\" data-enc-email=\"zven.mncyrgny[at]mfgi.pm\" data-wpel-link=\"ignore\"><span id=\"eeb-457992-817147\">mira.zapletal@zstv.cz<\/span><\/a><\/u><\/td>\n<\/tr>\n<\/tbody>\n<\/table>\n<\/figure>\n<\/div>\n\t\t<\/div><\/div><\/div><\/div>\n\n\n<p><\/p>\n\n\n\n<p><\/p>\n","protected":false},"excerpt":{"rendered":"<p>Pro v\u00fdrobu n\u00e1bytku jsou pou\u017e\u00edv\u00e1ny r\u016fzn\u00e9 materi\u00e1ly. M\u016f\u017ee b\u00fdt vyroben\u00fd ze d\u0159eva, materi\u00e1l\u016f na b\u00e1zi d\u0159eva, ale tak\u00e9 kovu, plastu, [&hellip;]<\/p>\n","protected":false},"author":3,"featured_media":0,"parent":0,"menu_order":0,"comment_status":"closed","ping_status":"closed","template":"","meta":{"footnotes":""},"class_list":["post-633","page","type-page","status-publish","hentry"],"yoast_head":"<!-- This site is optimized with the Yoast SEO plugin v27.4 - https:\/\/yoast.com\/product\/yoast-seo-wordpress\/ -->\n<title>Partner pro v\u00fdrobce n\u00e1bytku - Zku\u0161ebna stavebn\u011b truhl\u00e1\u0159sk\u00fdch v\u00fdrobk\u016f a n\u00e1bytku<\/title>\n<meta name=\"robots\" content=\"index, follow, max-snippet:-1, max-image-preview:large, max-video-preview:-1\" \/>\n<link rel=\"canonical\" href=\"https:\/\/zstv.cz\/?page_id=633\" \/>\n<meta property=\"og:locale\" content=\"cs_CZ\" \/>\n<meta property=\"og:type\" content=\"article\" \/>\n<meta property=\"og:title\" content=\"Partner pro v\u00fdrobce n\u00e1bytku - Zku\u0161ebna stavebn\u011b truhl\u00e1\u0159sk\u00fdch v\u00fdrobk\u016f a n\u00e1bytku\" \/>\n<meta property=\"og:description\" content=\"Pro v\u00fdrobu n\u00e1bytku jsou pou\u017e\u00edv\u00e1ny r\u016fzn\u00e9 materi\u00e1ly. M\u016f\u017ee b\u00fdt vyroben\u00fd ze d\u0159eva, materi\u00e1l\u016f na b\u00e1zi d\u0159eva, ale tak\u00e9 kovu, plastu, [&hellip;]\" \/>\n<meta property=\"og:url\" content=\"https:\/\/zstv.cz\/?page_id=633\" \/>\n<meta property=\"og:site_name\" content=\"Zku\u0161ebna stavebn\u011b truhl\u00e1\u0159sk\u00fdch v\u00fdrobk\u016f a n\u00e1bytku\" \/>\n<meta property=\"article:modified_time\" content=\"2026-02-05T13:54:42+00:00\" \/>\n<meta name=\"twitter:card\" content=\"summary_large_image\" \/>\n<meta name=\"twitter:label1\" content=\"Odhadovan\u00e1 doba \u010dten\u00ed\" \/>\n\t<meta name=\"twitter:data1\" content=\"3 minuty\" \/>\n<script type=\"application\/ld+json\" class=\"yoast-schema-graph\">{\"@context\":\"https:\\\/\\\/schema.org\",\"@graph\":[{\"@type\":\"WebPage\",\"@id\":\"https:\\\/\\\/zstv.cz\\\/?page_id=633\",\"url\":\"https:\\\/\\\/zstv.cz\\\/?page_id=633\",\"name\":\"Partner pro v\u00fdrobce n\u00e1bytku - Zku\u0161ebna stavebn\u011b truhl\u00e1\u0159sk\u00fdch v\u00fdrobk\u016f a n\u00e1bytku\",\"isPartOf\":{\"@id\":\"https:\\\/\\\/zstv.cz\\\/#website\"},\"datePublished\":\"2021-08-17T06:30:00+00:00\",\"dateModified\":\"2026-02-05T13:54:42+00:00\",\"breadcrumb\":{\"@id\":\"https:\\\/\\\/zstv.cz\\\/?page_id=633#breadcrumb\"},\"inLanguage\":\"cs\",\"potentialAction\":[{\"@type\":\"ReadAction\",\"target\":[\"https:\\\/\\\/zstv.cz\\\/?page_id=633\"]}]},{\"@type\":\"BreadcrumbList\",\"@id\":\"https:\\\/\\\/zstv.cz\\\/?page_id=633#breadcrumb\",\"itemListElement\":[{\"@type\":\"ListItem\",\"position\":1,\"name\":\"Dom\u016f\",\"item\":\"https:\\\/\\\/zstv.cz\\\/\"},{\"@type\":\"ListItem\",\"position\":2,\"name\":\"Partner pro v\u00fdrobce n\u00e1bytku\"}]},{\"@type\":\"WebSite\",\"@id\":\"https:\\\/\\\/zstv.cz\\\/#website\",\"url\":\"https:\\\/\\\/zstv.cz\\\/\",\"name\":\"Zku\u0161ebna stavebn\u011b truhl\u00e1\u0159sk\u00fdch v\u00fdrobk\u016f a n\u00e1bytku\",\"description\":\"\",\"potentialAction\":[{\"@type\":\"SearchAction\",\"target\":{\"@type\":\"EntryPoint\",\"urlTemplate\":\"https:\\\/\\\/zstv.cz\\\/?s={search_term_string}\"},\"query-input\":{\"@type\":\"PropertyValueSpecification\",\"valueRequired\":true,\"valueName\":\"search_term_string\"}}],\"inLanguage\":\"cs\"}]}<\/script>\n<!-- \/ Yoast SEO plugin. -->","yoast_head_json":{"title":"Partner pro v\u00fdrobce n\u00e1bytku - Zku\u0161ebna stavebn\u011b truhl\u00e1\u0159sk\u00fdch v\u00fdrobk\u016f a n\u00e1bytku","robots":{"index":"index","follow":"follow","max-snippet":"max-snippet:-1","max-image-preview":"max-image-preview:large","max-video-preview":"max-video-preview:-1"},"canonical":"https:\/\/zstv.cz\/?page_id=633","og_locale":"cs_CZ","og_type":"article","og_title":"Partner pro v\u00fdrobce n\u00e1bytku - Zku\u0161ebna stavebn\u011b truhl\u00e1\u0159sk\u00fdch v\u00fdrobk\u016f a n\u00e1bytku","og_description":"Pro v\u00fdrobu n\u00e1bytku jsou pou\u017e\u00edv\u00e1ny r\u016fzn\u00e9 materi\u00e1ly. M\u016f\u017ee b\u00fdt vyroben\u00fd ze d\u0159eva, materi\u00e1l\u016f na b\u00e1zi d\u0159eva, ale tak\u00e9 kovu, plastu, [&hellip;]","og_url":"https:\/\/zstv.cz\/?page_id=633","og_site_name":"Zku\u0161ebna stavebn\u011b truhl\u00e1\u0159sk\u00fdch v\u00fdrobk\u016f a n\u00e1bytku","article_modified_time":"2026-02-05T13:54:42+00:00","twitter_card":"summary_large_image","twitter_misc":{"Odhadovan\u00e1 doba \u010dten\u00ed":"3 minuty"},"schema":{"@context":"https:\/\/schema.org","@graph":[{"@type":"WebPage","@id":"https:\/\/zstv.cz\/?page_id=633","url":"https:\/\/zstv.cz\/?page_id=633","name":"Partner pro v\u00fdrobce n\u00e1bytku - Zku\u0161ebna stavebn\u011b truhl\u00e1\u0159sk\u00fdch v\u00fdrobk\u016f a n\u00e1bytku","isPartOf":{"@id":"https:\/\/zstv.cz\/#website"},"datePublished":"2021-08-17T06:30:00+00:00","dateModified":"2026-02-05T13:54:42+00:00","breadcrumb":{"@id":"https:\/\/zstv.cz\/?page_id=633#breadcrumb"},"inLanguage":"cs","potentialAction":[{"@type":"ReadAction","target":["https:\/\/zstv.cz\/?page_id=633"]}]},{"@type":"BreadcrumbList","@id":"https:\/\/zstv.cz\/?page_id=633#breadcrumb","itemListElement":[{"@type":"ListItem","position":1,"name":"Dom\u016f","item":"https:\/\/zstv.cz\/"},{"@type":"ListItem","position":2,"name":"Partner pro v\u00fdrobce n\u00e1bytku"}]},{"@type":"WebSite","@id":"https:\/\/zstv.cz\/#website","url":"https:\/\/zstv.cz\/","name":"Zku\u0161ebna stavebn\u011b truhl\u00e1\u0159sk\u00fdch v\u00fdrobk\u016f a n\u00e1bytku","description":"","potentialAction":[{"@type":"SearchAction","target":{"@type":"EntryPoint","urlTemplate":"https:\/\/zstv.cz\/?s={search_term_string}"},"query-input":{"@type":"PropertyValueSpecification","valueRequired":true,"valueName":"search_term_string"}}],"inLanguage":"cs"}]}},"_links":{"self":[{"href":"https:\/\/zstv.cz\/index.php?rest_route=\/wp\/v2\/pages\/633","targetHints":{"allow":["GET"]}}],"collection":[{"href":"https:\/\/zstv.cz\/index.php?rest_route=\/wp\/v2\/pages"}],"about":[{"href":"https:\/\/zstv.cz\/index.php?rest_route=\/wp\/v2\/types\/page"}],"author":[{"embeddable":true,"href":"https:\/\/zstv.cz\/index.php?rest_route=\/wp\/v2\/users\/3"}],"replies":[{"embeddable":true,"href":"https:\/\/zstv.cz\/index.php?rest_route=%2Fwp%2Fv2%2Fcomments&post=633"}],"version-history":[{"count":23,"href":"https:\/\/zstv.cz\/index.php?rest_route=\/wp\/v2\/pages\/633\/revisions"}],"predecessor-version":[{"id":1737,"href":"https:\/\/zstv.cz\/index.php?rest_route=\/wp\/v2\/pages\/633\/revisions\/1737"}],"wp:attachment":[{"href":"https:\/\/zstv.cz\/index.php?rest_route=%2Fwp%2Fv2%2Fmedia&parent=633"}],"curies":[{"name":"wp","href":"https:\/\/api.w.org\/{rel}","templated":true}]}}