{"id":629,"date":"2021-08-12T07:25:00","date_gmt":"2021-08-12T05:25:00","guid":{"rendered":"https:\/\/rumex.mendelu.cz\/zstv\/?page_id=629"},"modified":"2022-07-19T10:11:37","modified_gmt":"2022-07-19T08:11:37","slug":"partner-pilarskych-firem-a-vyrobcu-konstrukcniho-reziva","status":"publish","type":"page","link":"https:\/\/zstv.cz\/?page_id=629","title":{"rendered":"Partner pila\u0159sk\u00fdch firem a v\u00fdrobc\u016f konstruk\u010dn\u00edho \u0159eziva"},"content":{"rendered":"\n<p><span style=\"font-family: Arial, serif;\">P\u0159edev\u0161\u00edm u konstruk\u010dn\u00edho d\u0159\u00edv\u00ed pro nosn\u00e9 \u00fa\u010dely je nutnost\u00ed m\u00edt \u0159ezivo certifikovan\u00e9.<\/span> <\/p>\n\n\n\n<p><span style=\"font-family: Arial, serif;\"><b>Certifikace konstruk\u010dn\u00edho d\u0159\u00edv\u00ed<\/b><\/span><\/p>\n\n\n\n<p><span style=\"color: #000000;\"><span style=\"font-family: Arial, serif;\">V&nbsp;r\u00e1mci certifikace d\u0159eva na stavebn\u00ed konstrukce s&nbsp;n\u00e1mi m\u016f\u017eete za\u010d\u00edt ji\u017e jej\u00ed p\u0159\u00edpravou. V r\u00e1mci p\u0159edprov\u011brky s v\u00e1mi probereme v\u0161e, co m\u00e1 v\u00fdrobce m\u00edt zavedeno ve v\u00fdrob\u011b, co v\u0161e m\u00e1 b\u00fdt evidov\u00e1no a archivov\u00e1no, tak aby naplnil v\u0161echny legislativn\u00ed po\u017eadavky pro zd\u00e1rn\u00fd proces certifikace. Na konci cel\u00e9ho procesu je n\u00e1mi vydan\u00fd certifik\u00e1t na v\u00fdrobek.<\/span><\/span><\/p>\n\n\n\n<p><span style=\"color: #000000;\"><span style=\"font-family: Arial, serif;\">Jednotliv\u00e9 kroky jsou n\u00e1sleduj\u00edc\u00ed:<\/span><\/span><\/p>\n\n\n\n<ul class=\"wp-block-list\"><li><span style=\"font-family: Arial, serif;\">p\u0159\u00edprava pro zaveden\u00ed syst\u00e9mu \u0159\u00edzen\u00ed v\u00fdroby (FPC),<\/span><\/li><li><span style=\"font-family: Arial, serif;\">posouzen\u00ed a certifikace zaveden\u00e9ho syt\u00e9mu \u0159\u00edzen\u00ed v\u00fdroby (FPC) podle po\u017eadavk\u016f harmonizovan\u00e9 normy,<\/span><\/li><li><span style=\"font-family: Arial, serif;\">vystaven\u00ed dokument\u016f pot\u0159ebn\u00fdch pro vyd\u00e1n\u00ed Prohl\u00e1\u0161en\u00ed o vlastnostech a k ozna\u010den\u00ed v\u00fdrobk\u016f zna\u010dkou CE,<\/span><\/li><li><span style=\"font-family: Arial, serif;\">dohled nad syst\u00e9mem \u0159\u00edzen\u00ed v\u00fdroby p\u0159\u00edmo u v\u00fdrobce,<\/span><\/li><li><span style=\"color: #000000;\"><span style=\"font-family: Arial, serif;\">certifikace konstruk\u010dn\u00edho d\u0159eva pro nosn\u00e9 \u00fa\u010dely, <\/span><\/span><span style=\"font-family: Arial, serif;\">zaveden\u00e9ho syt\u00e9mu \u0159\u00edzen\u00ed v\u00fdroby (FPC), <\/span><span style=\"font-family: Arial, serif;\">posouzen\u00ed<\/span><span style=\"font-family: Arial, serif;\"> shody (CE),<\/span><\/li><li><span style=\"color: #000000;\"><span style=\"font-family: Arial, serif;\">expertizy \u2013 posouzen\u00ed stavu d\u0159ev\u011bn\u00fdch konstrukc\u00ed, v\u010detn\u011b anal\u00fdz p\u0159\u00ed\u010din vad a doporu\u010den\u00ed k&nbsp;n\u00e1prav\u011b.<\/span><\/span><\/li><\/ul>\n\n\n\n<p><\/p>\n\n\n\n<p><span style=\"font-family: Arial, serif;\">Co je p\u0159i certifikaci pot\u0159ebn\u00e9:<\/span><\/p>\n\n\n\n<ul class=\"wp-block-list\"><li><span style=\"font-family: Arial, serif;\">zaji\u0161t\u011bn\u00ed z\u00e1kladn\u00edch technick\u00fdch norem pro konstruk\u010dn\u00ed d\u0159evo,<\/span><\/li><li><span style=\"font-family: Arial, serif;\">organiza\u010dn\u00ed roz\u010dlen\u011bn\u00ed firmy s p\u0159i\u0159azen\u00edm odpov\u011bdnost\u00ed,<\/span><\/li><li><span style=\"font-family: Arial, serif;\">popis v\u00fdrobn\u00edho procesu, zaveden\u00ed kontroly v\u00fdrobn\u00edho procesu a veden\u00ed pravideln\u00fdch z\u00e1znam\u016f,<\/span><\/li><li><span style=\"font-family: Arial, serif;\">pro\u0161kolen\u00ed pracovn\u00edk\u016f odpov\u011bdn\u00fdch za t\u0159\u00edd\u011bn\u00ed konstruk\u010dn\u00edho \u0159eziva,<\/span><\/li><li><span style=\"font-family: Arial, serif;\">zaji\u0161t\u011bn\u00ed ov\u011b\u0159en\u00fdch m\u011b\u0159idel,<\/span><\/li><li><span style=\"font-family: Arial, serif;\">ozna\u010den\u00ed shody v\u00fdrobku, resp. pr\u016fvodn\u00edho dokladu zna\u010dkou \u201eCE\u201c,<\/span><\/li><li><span style=\"font-family: Arial, serif;\">vypracov\u00e1n\u00ed protokolu o zkou\u0161k\u00e1ch podle normy pro vizu\u00e1ln\u00ed t\u0159\u00edd\u011bn\u00ed \u0159eziva.<\/span><\/li><\/ul>\n\n\n\n<p><\/p>\n\n\n\n<p><span style=\"font-family: Arial, serif;\"><b>Slu\u017eby laborato\u0159e<\/b><\/span><\/p>\n\n\n\n<p><span style=\"color: #000000;\"><span style=\"font-family: Arial, serif;\">Jako nez\u00e1visl\u00e1 organizace v\u00e1m m\u016f\u017eeme prov\u00e9st m\u011b\u0159en\u00ed a kontrolu vad \u0159eziva a stavebn\u00edch d\u00edl\u016f nebo stanovit kvalitativn\u00ed parametry pro vizu\u00e1ln\u00ed t\u0159\u00edd\u011bn\u00ed.<\/span><\/span><\/p>\n\n\n\n<p><\/p>\n\n\n\n<p><span style=\"font-family: Arial, serif;\"><b>Vzd\u011bl\u00e1v\u00e1n\u00ed<\/b><\/span><\/p>\n\n\n\n<ul class=\"wp-block-list\"><li><span style=\"font-family: Arial, serif;\">\u0161kolen\u00ed t\u0159\u00eddi\u010d\u016f konstruk\u010dn\u00edho \u0159eziva,<\/span><\/li><li><span style=\"font-family: Arial, serif;\">konzultace v oblasti platn\u00fdch na\u0159\u00edzen\u00ed a norem.<\/span><\/li><\/ul>\n\n\n\n<p><\/p>\n\n\n\n<h2 class=\"wp-block-heading\">N\u00e1\u0161 specialista v dan\u00e9 oblasti<\/h2>\n\n\n<div id=\"pl-gb629-69f0b44122d94\"  class=\"panel-layout\" ><div id=\"pg-gb629-69f0b44122d94-0\"  class=\"panel-grid panel-no-style\" ><div id=\"pgc-gb629-69f0b44122d94-0-0\"  class=\"panel-grid-cell\" ><div id=\"panel-gb629-69f0b44122d94-0-0-0\" class=\"so-panel widget widget_text panel-first-child panel-last-child\" data-index=\"0\" >\t\t\t<div class=\"textwidget\"><p><img decoding=\"async\" class=\"size-full wp-image-979 aligncenter lazyload\" data-src=\"https:\/\/rumex.mendelu.cz\/zstv\/wp-content\/uploads\/2021\/06\/Mitacek-Petr-2021-02-03_IMG_1826-1.jpg\" alt=\"\" width=\"200\" height=\"267\" src=\"data:image\/svg+xml;base64,PHN2ZyB3aWR0aD0iMSIgaGVpZ2h0PSIxIiB4bWxucz0iaHR0cDovL3d3dy53My5vcmcvMjAwMC9zdmciPjwvc3ZnPg==\" style=\"--smush-placeholder-width: 200px; --smush-placeholder-aspect-ratio: 200\/267;\" \/><\/p>\n<\/div>\n\t\t<\/div><\/div><div id=\"pgc-gb629-69f0b44122d94-0-1\"  class=\"panel-grid-cell\" ><div id=\"panel-gb629-69f0b44122d94-0-1-0\" class=\"so-panel widget widget_text panel-first-child panel-last-child\" data-index=\"1\" >\t\t\t<div class=\"textwidget\"><figure class=\"wp-block-table alignwide is-style-stripes\">\n<table>\n<tbody>\n<tr>\n<td><a href=\"?page_id=390\">Ing. Petr Mit\u00e1\u010dek<\/a><\/td>\n<\/tr>\n<tr>\n<td>posuzov\u00e1n\u00ed shody a certifikace stavebn\u00edho d\u0159\u00edv\u00ed a podlahovin<\/td>\n<\/tr>\n<tr>\n<td>mobil: +420 739 555 327<\/td>\n<\/tr>\n<tr>\n<td>e-mail: <a href=\"mailto:petr.mitacek@zstv.cz\">petr.mitacek@zstv.cz<\/a><\/td>\n<\/tr>\n<\/tbody>\n<\/table>\n<\/figure>\n<\/div>\n\t\t<\/div><\/div><\/div><\/div>","protected":false},"excerpt":{"rendered":"<p>P\u0159edev\u0161\u00edm u konstruk\u010dn\u00edho d\u0159\u00edv\u00ed pro nosn\u00e9 \u00fa\u010dely je nutnost\u00ed m\u00edt \u0159ezivo certifikovan\u00e9. Certifikace konstruk\u010dn\u00edho d\u0159\u00edv\u00ed V&nbsp;r\u00e1mci certifikace d\u0159eva na stavebn\u00ed [&hellip;]<\/p>\n","protected":false},"author":3,"featured_media":0,"parent":0,"menu_order":0,"comment_status":"closed","ping_status":"closed","template":"","meta":{"footnotes":""},"class_list":["post-629","page","type-page","status-publish","hentry"],"yoast_head":"<!-- This site is optimized with the Yoast SEO plugin v27.4 - https:\/\/yoast.com\/product\/yoast-seo-wordpress\/ -->\n<title>Partner pila\u0159sk\u00fdch firem a v\u00fdrobc\u016f konstruk\u010dn\u00edho \u0159eziva - Zku\u0161ebna stavebn\u011b truhl\u00e1\u0159sk\u00fdch v\u00fdrobk\u016f a n\u00e1bytku<\/title>\n<meta name=\"robots\" content=\"index, follow, max-snippet:-1, max-image-preview:large, max-video-preview:-1\" \/>\n<link rel=\"canonical\" href=\"https:\/\/zstv.cz\/?page_id=629\" \/>\n<meta property=\"og:locale\" content=\"cs_CZ\" \/>\n<meta property=\"og:type\" content=\"article\" \/>\n<meta property=\"og:title\" content=\"Partner pila\u0159sk\u00fdch firem a v\u00fdrobc\u016f konstruk\u010dn\u00edho \u0159eziva - Zku\u0161ebna stavebn\u011b truhl\u00e1\u0159sk\u00fdch v\u00fdrobk\u016f a n\u00e1bytku\" \/>\n<meta property=\"og:description\" content=\"P\u0159edev\u0161\u00edm u konstruk\u010dn\u00edho d\u0159\u00edv\u00ed pro nosn\u00e9 \u00fa\u010dely je nutnost\u00ed m\u00edt \u0159ezivo certifikovan\u00e9. Certifikace konstruk\u010dn\u00edho d\u0159\u00edv\u00ed V&nbsp;r\u00e1mci certifikace d\u0159eva na stavebn\u00ed [&hellip;]\" \/>\n<meta property=\"og:url\" content=\"https:\/\/zstv.cz\/?page_id=629\" \/>\n<meta property=\"og:site_name\" content=\"Zku\u0161ebna stavebn\u011b truhl\u00e1\u0159sk\u00fdch v\u00fdrobk\u016f a n\u00e1bytku\" \/>\n<meta property=\"article:modified_time\" content=\"2022-07-19T08:11:37+00:00\" \/>\n<meta property=\"og:image\" content=\"https:\/\/rumex.mendelu.cz\/zstv\/wp-content\/uploads\/2021\/06\/Mitacek-Petr-2021-02-03_IMG_1826-1.jpg\" \/>\n<meta name=\"twitter:card\" content=\"summary_large_image\" \/>\n<meta name=\"twitter:label1\" content=\"Odhadovan\u00e1 doba \u010dten\u00ed\" \/>\n\t<meta name=\"twitter:data1\" content=\"2 minuty\" \/>\n<script type=\"application\/ld+json\" class=\"yoast-schema-graph\">{\"@context\":\"https:\\\/\\\/schema.org\",\"@graph\":[{\"@type\":\"WebPage\",\"@id\":\"https:\\\/\\\/zstv.cz\\\/?page_id=629\",\"url\":\"https:\\\/\\\/zstv.cz\\\/?page_id=629\",\"name\":\"Partner pila\u0159sk\u00fdch firem a v\u00fdrobc\u016f konstruk\u010dn\u00edho \u0159eziva - Zku\u0161ebna stavebn\u011b truhl\u00e1\u0159sk\u00fdch v\u00fdrobk\u016f a n\u00e1bytku\",\"isPartOf\":{\"@id\":\"https:\\\/\\\/zstv.cz\\\/#website\"},\"primaryImageOfPage\":{\"@id\":\"https:\\\/\\\/zstv.cz\\\/?page_id=629#primaryimage\"},\"image\":{\"@id\":\"https:\\\/\\\/zstv.cz\\\/?page_id=629#primaryimage\"},\"thumbnailUrl\":\"https:\\\/\\\/rumex.mendelu.cz\\\/zstv\\\/wp-content\\\/uploads\\\/2021\\\/06\\\/Mitacek-Petr-2021-02-03_IMG_1826-1.jpg\",\"datePublished\":\"2021-08-12T05:25:00+00:00\",\"dateModified\":\"2022-07-19T08:11:37+00:00\",\"breadcrumb\":{\"@id\":\"https:\\\/\\\/zstv.cz\\\/?page_id=629#breadcrumb\"},\"inLanguage\":\"cs\",\"potentialAction\":[{\"@type\":\"ReadAction\",\"target\":[\"https:\\\/\\\/zstv.cz\\\/?page_id=629\"]}]},{\"@type\":\"ImageObject\",\"inLanguage\":\"cs\",\"@id\":\"https:\\\/\\\/zstv.cz\\\/?page_id=629#primaryimage\",\"url\":\"https:\\\/\\\/rumex.mendelu.cz\\\/zstv\\\/wp-content\\\/uploads\\\/2021\\\/06\\\/Mitacek-Petr-2021-02-03_IMG_1826-1.jpg\",\"contentUrl\":\"https:\\\/\\\/rumex.mendelu.cz\\\/zstv\\\/wp-content\\\/uploads\\\/2021\\\/06\\\/Mitacek-Petr-2021-02-03_IMG_1826-1.jpg\"},{\"@type\":\"BreadcrumbList\",\"@id\":\"https:\\\/\\\/zstv.cz\\\/?page_id=629#breadcrumb\",\"itemListElement\":[{\"@type\":\"ListItem\",\"position\":1,\"name\":\"Dom\u016f\",\"item\":\"https:\\\/\\\/zstv.cz\\\/\"},{\"@type\":\"ListItem\",\"position\":2,\"name\":\"Partner pila\u0159sk\u00fdch firem a v\u00fdrobc\u016f konstruk\u010dn\u00edho \u0159eziva\"}]},{\"@type\":\"WebSite\",\"@id\":\"https:\\\/\\\/zstv.cz\\\/#website\",\"url\":\"https:\\\/\\\/zstv.cz\\\/\",\"name\":\"Zku\u0161ebna stavebn\u011b truhl\u00e1\u0159sk\u00fdch v\u00fdrobk\u016f a n\u00e1bytku\",\"description\":\"\",\"potentialAction\":[{\"@type\":\"SearchAction\",\"target\":{\"@type\":\"EntryPoint\",\"urlTemplate\":\"https:\\\/\\\/zstv.cz\\\/?s={search_term_string}\"},\"query-input\":{\"@type\":\"PropertyValueSpecification\",\"valueRequired\":true,\"valueName\":\"search_term_string\"}}],\"inLanguage\":\"cs\"}]}<\/script>\n<!-- \/ Yoast SEO plugin. -->","yoast_head_json":{"title":"Partner pila\u0159sk\u00fdch firem a v\u00fdrobc\u016f konstruk\u010dn\u00edho \u0159eziva - Zku\u0161ebna stavebn\u011b truhl\u00e1\u0159sk\u00fdch v\u00fdrobk\u016f a n\u00e1bytku","robots":{"index":"index","follow":"follow","max-snippet":"max-snippet:-1","max-image-preview":"max-image-preview:large","max-video-preview":"max-video-preview:-1"},"canonical":"https:\/\/zstv.cz\/?page_id=629","og_locale":"cs_CZ","og_type":"article","og_title":"Partner pila\u0159sk\u00fdch firem a v\u00fdrobc\u016f konstruk\u010dn\u00edho \u0159eziva - Zku\u0161ebna stavebn\u011b truhl\u00e1\u0159sk\u00fdch v\u00fdrobk\u016f a n\u00e1bytku","og_description":"P\u0159edev\u0161\u00edm u konstruk\u010dn\u00edho d\u0159\u00edv\u00ed pro nosn\u00e9 \u00fa\u010dely je nutnost\u00ed m\u00edt \u0159ezivo certifikovan\u00e9. Certifikace konstruk\u010dn\u00edho d\u0159\u00edv\u00ed V&nbsp;r\u00e1mci certifikace d\u0159eva na stavebn\u00ed [&hellip;]","og_url":"https:\/\/zstv.cz\/?page_id=629","og_site_name":"Zku\u0161ebna stavebn\u011b truhl\u00e1\u0159sk\u00fdch v\u00fdrobk\u016f a n\u00e1bytku","article_modified_time":"2022-07-19T08:11:37+00:00","og_image":[{"url":"https:\/\/rumex.mendelu.cz\/zstv\/wp-content\/uploads\/2021\/06\/Mitacek-Petr-2021-02-03_IMG_1826-1.jpg","type":"","width":"","height":""}],"twitter_card":"summary_large_image","twitter_misc":{"Odhadovan\u00e1 doba \u010dten\u00ed":"2 minuty"},"schema":{"@context":"https:\/\/schema.org","@graph":[{"@type":"WebPage","@id":"https:\/\/zstv.cz\/?page_id=629","url":"https:\/\/zstv.cz\/?page_id=629","name":"Partner pila\u0159sk\u00fdch firem a v\u00fdrobc\u016f konstruk\u010dn\u00edho \u0159eziva - Zku\u0161ebna stavebn\u011b truhl\u00e1\u0159sk\u00fdch v\u00fdrobk\u016f a n\u00e1bytku","isPartOf":{"@id":"https:\/\/zstv.cz\/#website"},"primaryImageOfPage":{"@id":"https:\/\/zstv.cz\/?page_id=629#primaryimage"},"image":{"@id":"https:\/\/zstv.cz\/?page_id=629#primaryimage"},"thumbnailUrl":"https:\/\/rumex.mendelu.cz\/zstv\/wp-content\/uploads\/2021\/06\/Mitacek-Petr-2021-02-03_IMG_1826-1.jpg","datePublished":"2021-08-12T05:25:00+00:00","dateModified":"2022-07-19T08:11:37+00:00","breadcrumb":{"@id":"https:\/\/zstv.cz\/?page_id=629#breadcrumb"},"inLanguage":"cs","potentialAction":[{"@type":"ReadAction","target":["https:\/\/zstv.cz\/?page_id=629"]}]},{"@type":"ImageObject","inLanguage":"cs","@id":"https:\/\/zstv.cz\/?page_id=629#primaryimage","url":"https:\/\/rumex.mendelu.cz\/zstv\/wp-content\/uploads\/2021\/06\/Mitacek-Petr-2021-02-03_IMG_1826-1.jpg","contentUrl":"https:\/\/rumex.mendelu.cz\/zstv\/wp-content\/uploads\/2021\/06\/Mitacek-Petr-2021-02-03_IMG_1826-1.jpg"},{"@type":"BreadcrumbList","@id":"https:\/\/zstv.cz\/?page_id=629#breadcrumb","itemListElement":[{"@type":"ListItem","position":1,"name":"Dom\u016f","item":"https:\/\/zstv.cz\/"},{"@type":"ListItem","position":2,"name":"Partner pila\u0159sk\u00fdch firem a v\u00fdrobc\u016f konstruk\u010dn\u00edho \u0159eziva"}]},{"@type":"WebSite","@id":"https:\/\/zstv.cz\/#website","url":"https:\/\/zstv.cz\/","name":"Zku\u0161ebna stavebn\u011b truhl\u00e1\u0159sk\u00fdch v\u00fdrobk\u016f a n\u00e1bytku","description":"","potentialAction":[{"@type":"SearchAction","target":{"@type":"EntryPoint","urlTemplate":"https:\/\/zstv.cz\/?s={search_term_string}"},"query-input":{"@type":"PropertyValueSpecification","valueRequired":true,"valueName":"search_term_string"}}],"inLanguage":"cs"}]}},"_links":{"self":[{"href":"https:\/\/zstv.cz\/index.php?rest_route=\/wp\/v2\/pages\/629","targetHints":{"allow":["GET"]}}],"collection":[{"href":"https:\/\/zstv.cz\/index.php?rest_route=\/wp\/v2\/pages"}],"about":[{"href":"https:\/\/zstv.cz\/index.php?rest_route=\/wp\/v2\/types\/page"}],"author":[{"embeddable":true,"href":"https:\/\/zstv.cz\/index.php?rest_route=\/wp\/v2\/users\/3"}],"replies":[{"embeddable":true,"href":"https:\/\/zstv.cz\/index.php?rest_route=%2Fwp%2Fv2%2Fcomments&post=629"}],"version-history":[{"count":14,"href":"https:\/\/zstv.cz\/index.php?rest_route=\/wp\/v2\/pages\/629\/revisions"}],"predecessor-version":[{"id":1548,"href":"https:\/\/zstv.cz\/index.php?rest_route=\/wp\/v2\/pages\/629\/revisions\/1548"}],"wp:attachment":[{"href":"https:\/\/zstv.cz\/index.php?rest_route=%2Fwp%2Fv2%2Fmedia&parent=629"}],"curies":[{"name":"wp","href":"https:\/\/api.w.org\/{rel}","templated":true}]}}