{"id":605,"date":"2021-08-12T14:45:00","date_gmt":"2021-08-12T12:45:00","guid":{"rendered":"https:\/\/rumex.mendelu.cz\/zstv\/?page_id=605"},"modified":"2021-08-17T09:06:29","modified_gmt":"2021-08-17T07:06:29","slug":"partner-stavitelu","status":"publish","type":"page","link":"https:\/\/zstv.cz\/?page_id=605","title":{"rendered":"Partner stavitel\u016f"},"content":{"rendered":"\n<p>Modern\u00ed stavby by m\u011bly b\u00fdt energeticky \u00fasporn\u00e9 a d\u016fraz je kladen i na jejich vzduchot\u011bsnost. V t\u00e9to oblasti v\u00e1m m\u016f\u017eeme pomoci.<\/p>\n\n\n\n<p><strong>Stanoven\u00ed pr\u016fvzdu\u0161nosti budov &#8211; Blower door test<\/strong><\/p>\n\n\n\n<p>Stav\u00edte nebo prov\u00e1d\u00edte rekonstrukci? Jsou na v\u00e1s kladeny po\u017eadavky na zaji\u0161t\u011bn\u00ed \u0159\u00e1dn\u00e9 vzduchot\u011bsnosti stavby? Nev\u00edte, jak dos\u00e1hnout pot\u0159ebn\u00fdch opat\u0159en\u00ed, kdy a jak\u00fdm zp\u016fsobem jejich funk\u010dnost zkontrolovat? Porad\u00edme v\u00e1m s&nbsp;p\u0159\u00edpravou vzduchot\u011bsnic\u00edch opat\u0159en\u00ed a provedeme m\u011b\u0159en\u00ed pr\u016fvzdu\u0161nosti ob\u00e1lky budovy, tzv. BlowerDoor test, a pom\u016f\u017eeme odhalit necht\u011bn\u00e1 pochyben\u00ed je\u0161t\u011b d\u0159\u00edve, ne\u017e budou m\u00edt negativn\u00ed dopad na stavbu v&nbsp;dob\u011b jej\u00edho u\u017e\u00edv\u00e1n\u00ed. <!-- <a>V\u00edce\u2026<\/a> --><\/p>\n\n\n\n<div class=\"wp-block-image is-style-default\"><figure class=\"aligncenter size-large is-resized\"><img decoding=\"async\" data-src=\"https:\/\/rumex.mendelu.cz\/zstv\/wp-content\/uploads\/2021\/04\/IMG_9637-1024x768.jpg\" alt=\"Blowerdoor test\" class=\"wp-image-769 lazyload\" width=\"512\" height=\"384\" data-srcset=\"https:\/\/zstv.cz\/wp-content\/uploads\/2021\/04\/IMG_9637-1024x768.jpg 1024w, https:\/\/zstv.cz\/wp-content\/uploads\/2021\/04\/IMG_9637-300x225.jpg 300w, https:\/\/zstv.cz\/wp-content\/uploads\/2021\/04\/IMG_9637-768x576.jpg 768w, https:\/\/zstv.cz\/wp-content\/uploads\/2021\/04\/IMG_9637-1536x1152.jpg 1536w, https:\/\/zstv.cz\/wp-content\/uploads\/2021\/04\/IMG_9637-2048x1536.jpg 2048w\" data-sizes=\"(max-width: 512px) 100vw, 512px\" src=\"data:image\/svg+xml;base64,PHN2ZyB3aWR0aD0iMSIgaGVpZ2h0PSIxIiB4bWxucz0iaHR0cDovL3d3dy53My5vcmcvMjAwMC9zdmciPjwvc3ZnPg==\" style=\"--smush-placeholder-width: 512px; --smush-placeholder-aspect-ratio: 512\/384;\" \/><\/figure><\/div>\n\n\n\n<p><\/p>\n\n\n\n<p><strong>Simulace teplotn\u00edch pol\u00ed a pr\u016fb\u011bh izoterm<\/strong><\/p>\n\n\n\n<p>M\u016f\u017ee se v\u00e1m st\u00e1t, \u017ee budete pot\u0159ebovat v\u011bd\u011bt, zda na dodan\u00fdch oknech nebude kondenzovat voda. Zpracujeme v\u00e1m simulaci teplotn\u00edch pol\u00ed, pr\u016fb\u011bhu izoterm a ur\u010d\u00edme nejni\u017e\u0161\u00ed vnit\u0159n\u00ed povrchovou teplotu konkr\u00e9tn\u00edho detailu okna s&nbsp;p\u0159ilehlou stavebn\u00ed konstrukc\u00ed. Pom\u016f\u017eeme v\u00e1m tak nal\u00e9zt p\u0159\u00ed\u010dinu ne\u017e\u00e1douc\u00ed kondenzace vody p\u0159i poklesu venkovn\u00edch teplot. <a href=\"?page_id=375\">V\u00edce\u2026<\/a><\/p>\n\n\n\n<p><strong>Dozor p\u0159i mont\u00e1\u017ei otvorov\u00fdch v\u00fdpln\u00ed do stavby<\/strong><\/p>\n\n\n\n<p>Maj\u00ed v\u00e1m montovat nov\u00e1 okna a vy chcete m\u00edt jistotu, \u017ee v\u0161e prob\u011bhne k&nbsp;va\u0161\u00ed pln\u00e9 spokojenosti? Budeme st\u00e1t za v\u00e1mi p\u0159i p\u0159ej\u00edmce dodan\u00fdch oken a dve\u0159\u00ed a provedeme odborn\u00fd dozor mont\u00e1\u017ee otvorov\u00fdch v\u00fdpln\u00ed do stavby podle platn\u00fdch p\u0159edpis\u016f a podm\u00ednek ve smlouv\u011b.<\/p>\n\n\n\n<p><\/p>\n\n\n\n<h2 class=\"wp-block-heading\">N\u00e1\u0161 specialista v dan\u00e9 oblasti<\/h2>\n\n\n<div id=\"pl-gb605-69f0b49374d5d\"  class=\"panel-layout\" ><div id=\"pg-gb605-69f0b49374d5d-0\"  class=\"panel-grid panel-no-style\" ><div id=\"pgc-gb605-69f0b49374d5d-0-0\"  class=\"panel-grid-cell\" ><div id=\"panel-gb605-69f0b49374d5d-0-0-0\" class=\"so-panel widget widget_text panel-first-child panel-last-child\" data-index=\"0\" >\t\t\t<div class=\"textwidget\"><p><img decoding=\"async\" class=\"size-full wp-image-1015 aligncenter lazyload\" data-src=\"https:\/\/rumex.mendelu.cz\/zstv\/wp-content\/uploads\/2021\/06\/KT_1816.jpg\" alt=\"\" width=\"200\" height=\"267\" src=\"data:image\/svg+xml;base64,PHN2ZyB3aWR0aD0iMSIgaGVpZ2h0PSIxIiB4bWxucz0iaHR0cDovL3d3dy53My5vcmcvMjAwMC9zdmciPjwvc3ZnPg==\" style=\"--smush-placeholder-width: 200px; --smush-placeholder-aspect-ratio: 200\/267;\" \/><\/p>\n<\/div>\n\t\t<\/div><\/div><div id=\"pgc-gb605-69f0b49374d5d-0-1\"  class=\"panel-grid-cell\" ><div id=\"panel-gb605-69f0b49374d5d-0-1-0\" class=\"so-panel widget widget_text panel-first-child panel-last-child\" data-index=\"1\" >\t\t\t<div class=\"textwidget\"><figure class=\"wp-block-table alignwide is-style-stripes\">\n<table>\n<tbody>\n<tr>\n<td><a href=\"?page_id=390\">Ing. Tom\u00e1\u0161 Kocfelda<\/a><\/td>\n<\/tr>\n<tr>\n<td>slu\u017eby laborato\u0159e, m\u011b\u0159en\u00ed v ter\u00e9nu, BlowerDoor test, metrologie<\/td>\n<\/tr>\n<tr>\n<td>mobil: +420 739 555 329<\/td>\n<\/tr>\n<tr>\n<td>e-mail: <a href=\"mailto:tomas.kocfelda@zstv.cz\">tomas.kocfelda@zstv.cz<\/a><\/td>\n<\/tr>\n<\/tbody>\n<\/table>\n<\/figure>\n<\/div>\n\t\t<\/div><\/div><\/div><\/div>","protected":false},"excerpt":{"rendered":"<p>Modern\u00ed stavby by m\u011bly b\u00fdt energeticky \u00fasporn\u00e9 a d\u016fraz je kladen i na jejich vzduchot\u011bsnost. V t\u00e9to oblasti v\u00e1m m\u016f\u017eeme [&hellip;]<\/p>\n","protected":false},"author":3,"featured_media":0,"parent":0,"menu_order":0,"comment_status":"closed","ping_status":"closed","template":"","meta":{"footnotes":""},"class_list":["post-605","page","type-page","status-publish","hentry"],"yoast_head":"<!-- This site is optimized with the Yoast SEO plugin v27.4 - https:\/\/yoast.com\/product\/yoast-seo-wordpress\/ -->\n<title>Partner stavitel\u016f - Zku\u0161ebna stavebn\u011b truhl\u00e1\u0159sk\u00fdch v\u00fdrobk\u016f a n\u00e1bytku<\/title>\n<meta name=\"robots\" content=\"index, follow, max-snippet:-1, max-image-preview:large, max-video-preview:-1\" \/>\n<link rel=\"canonical\" href=\"https:\/\/zstv.cz\/?page_id=605\" \/>\n<meta property=\"og:locale\" content=\"cs_CZ\" \/>\n<meta property=\"og:type\" content=\"article\" \/>\n<meta property=\"og:title\" content=\"Partner stavitel\u016f - Zku\u0161ebna stavebn\u011b truhl\u00e1\u0159sk\u00fdch v\u00fdrobk\u016f a n\u00e1bytku\" \/>\n<meta property=\"og:description\" content=\"Modern\u00ed stavby by m\u011bly b\u00fdt energeticky \u00fasporn\u00e9 a d\u016fraz je kladen i na jejich vzduchot\u011bsnost. V t\u00e9to oblasti v\u00e1m m\u016f\u017eeme [&hellip;]\" \/>\n<meta property=\"og:url\" content=\"https:\/\/zstv.cz\/?page_id=605\" \/>\n<meta property=\"og:site_name\" content=\"Zku\u0161ebna stavebn\u011b truhl\u00e1\u0159sk\u00fdch v\u00fdrobk\u016f a n\u00e1bytku\" \/>\n<meta property=\"article:modified_time\" content=\"2021-08-17T07:06:29+00:00\" \/>\n<meta property=\"og:image\" content=\"https:\/\/rumex.mendelu.cz\/zstv\/wp-content\/uploads\/2021\/04\/IMG_9637-1024x768.jpg\" \/>\n<meta name=\"twitter:card\" content=\"summary_large_image\" \/>\n<meta name=\"twitter:label1\" content=\"Odhadovan\u00e1 doba \u010dten\u00ed\" \/>\n\t<meta name=\"twitter:data1\" content=\"2 minuty\" \/>\n<script type=\"application\/ld+json\" class=\"yoast-schema-graph\">{\"@context\":\"https:\\\/\\\/schema.org\",\"@graph\":[{\"@type\":\"WebPage\",\"@id\":\"https:\\\/\\\/zstv.cz\\\/?page_id=605\",\"url\":\"https:\\\/\\\/zstv.cz\\\/?page_id=605\",\"name\":\"Partner stavitel\u016f - Zku\u0161ebna stavebn\u011b truhl\u00e1\u0159sk\u00fdch v\u00fdrobk\u016f a n\u00e1bytku\",\"isPartOf\":{\"@id\":\"https:\\\/\\\/zstv.cz\\\/#website\"},\"primaryImageOfPage\":{\"@id\":\"https:\\\/\\\/zstv.cz\\\/?page_id=605#primaryimage\"},\"image\":{\"@id\":\"https:\\\/\\\/zstv.cz\\\/?page_id=605#primaryimage\"},\"thumbnailUrl\":\"https:\\\/\\\/rumex.mendelu.cz\\\/zstv\\\/wp-content\\\/uploads\\\/2021\\\/04\\\/IMG_9637-1024x768.jpg\",\"datePublished\":\"2021-08-12T12:45:00+00:00\",\"dateModified\":\"2021-08-17T07:06:29+00:00\",\"breadcrumb\":{\"@id\":\"https:\\\/\\\/zstv.cz\\\/?page_id=605#breadcrumb\"},\"inLanguage\":\"cs\",\"potentialAction\":[{\"@type\":\"ReadAction\",\"target\":[\"https:\\\/\\\/zstv.cz\\\/?page_id=605\"]}]},{\"@type\":\"ImageObject\",\"inLanguage\":\"cs\",\"@id\":\"https:\\\/\\\/zstv.cz\\\/?page_id=605#primaryimage\",\"url\":\"https:\\\/\\\/rumex.mendelu.cz\\\/zstv\\\/wp-content\\\/uploads\\\/2021\\\/04\\\/IMG_9637-1024x768.jpg\",\"contentUrl\":\"https:\\\/\\\/rumex.mendelu.cz\\\/zstv\\\/wp-content\\\/uploads\\\/2021\\\/04\\\/IMG_9637-1024x768.jpg\"},{\"@type\":\"BreadcrumbList\",\"@id\":\"https:\\\/\\\/zstv.cz\\\/?page_id=605#breadcrumb\",\"itemListElement\":[{\"@type\":\"ListItem\",\"position\":1,\"name\":\"Dom\u016f\",\"item\":\"https:\\\/\\\/zstv.cz\\\/\"},{\"@type\":\"ListItem\",\"position\":2,\"name\":\"Partner stavitel\u016f\"}]},{\"@type\":\"WebSite\",\"@id\":\"https:\\\/\\\/zstv.cz\\\/#website\",\"url\":\"https:\\\/\\\/zstv.cz\\\/\",\"name\":\"Zku\u0161ebna stavebn\u011b truhl\u00e1\u0159sk\u00fdch v\u00fdrobk\u016f a n\u00e1bytku\",\"description\":\"\",\"potentialAction\":[{\"@type\":\"SearchAction\",\"target\":{\"@type\":\"EntryPoint\",\"urlTemplate\":\"https:\\\/\\\/zstv.cz\\\/?s={search_term_string}\"},\"query-input\":{\"@type\":\"PropertyValueSpecification\",\"valueRequired\":true,\"valueName\":\"search_term_string\"}}],\"inLanguage\":\"cs\"}]}<\/script>\n<!-- \/ Yoast SEO plugin. -->","yoast_head_json":{"title":"Partner stavitel\u016f - Zku\u0161ebna stavebn\u011b truhl\u00e1\u0159sk\u00fdch v\u00fdrobk\u016f a n\u00e1bytku","robots":{"index":"index","follow":"follow","max-snippet":"max-snippet:-1","max-image-preview":"max-image-preview:large","max-video-preview":"max-video-preview:-1"},"canonical":"https:\/\/zstv.cz\/?page_id=605","og_locale":"cs_CZ","og_type":"article","og_title":"Partner stavitel\u016f - Zku\u0161ebna stavebn\u011b truhl\u00e1\u0159sk\u00fdch v\u00fdrobk\u016f a n\u00e1bytku","og_description":"Modern\u00ed stavby by m\u011bly b\u00fdt energeticky \u00fasporn\u00e9 a d\u016fraz je kladen i na jejich vzduchot\u011bsnost. V t\u00e9to oblasti v\u00e1m m\u016f\u017eeme [&hellip;]","og_url":"https:\/\/zstv.cz\/?page_id=605","og_site_name":"Zku\u0161ebna stavebn\u011b truhl\u00e1\u0159sk\u00fdch v\u00fdrobk\u016f a n\u00e1bytku","article_modified_time":"2021-08-17T07:06:29+00:00","og_image":[{"url":"https:\/\/rumex.mendelu.cz\/zstv\/wp-content\/uploads\/2021\/04\/IMG_9637-1024x768.jpg","type":"","width":"","height":""}],"twitter_card":"summary_large_image","twitter_misc":{"Odhadovan\u00e1 doba \u010dten\u00ed":"2 minuty"},"schema":{"@context":"https:\/\/schema.org","@graph":[{"@type":"WebPage","@id":"https:\/\/zstv.cz\/?page_id=605","url":"https:\/\/zstv.cz\/?page_id=605","name":"Partner stavitel\u016f - Zku\u0161ebna stavebn\u011b truhl\u00e1\u0159sk\u00fdch v\u00fdrobk\u016f a n\u00e1bytku","isPartOf":{"@id":"https:\/\/zstv.cz\/#website"},"primaryImageOfPage":{"@id":"https:\/\/zstv.cz\/?page_id=605#primaryimage"},"image":{"@id":"https:\/\/zstv.cz\/?page_id=605#primaryimage"},"thumbnailUrl":"https:\/\/rumex.mendelu.cz\/zstv\/wp-content\/uploads\/2021\/04\/IMG_9637-1024x768.jpg","datePublished":"2021-08-12T12:45:00+00:00","dateModified":"2021-08-17T07:06:29+00:00","breadcrumb":{"@id":"https:\/\/zstv.cz\/?page_id=605#breadcrumb"},"inLanguage":"cs","potentialAction":[{"@type":"ReadAction","target":["https:\/\/zstv.cz\/?page_id=605"]}]},{"@type":"ImageObject","inLanguage":"cs","@id":"https:\/\/zstv.cz\/?page_id=605#primaryimage","url":"https:\/\/rumex.mendelu.cz\/zstv\/wp-content\/uploads\/2021\/04\/IMG_9637-1024x768.jpg","contentUrl":"https:\/\/rumex.mendelu.cz\/zstv\/wp-content\/uploads\/2021\/04\/IMG_9637-1024x768.jpg"},{"@type":"BreadcrumbList","@id":"https:\/\/zstv.cz\/?page_id=605#breadcrumb","itemListElement":[{"@type":"ListItem","position":1,"name":"Dom\u016f","item":"https:\/\/zstv.cz\/"},{"@type":"ListItem","position":2,"name":"Partner stavitel\u016f"}]},{"@type":"WebSite","@id":"https:\/\/zstv.cz\/#website","url":"https:\/\/zstv.cz\/","name":"Zku\u0161ebna stavebn\u011b truhl\u00e1\u0159sk\u00fdch v\u00fdrobk\u016f a n\u00e1bytku","description":"","potentialAction":[{"@type":"SearchAction","target":{"@type":"EntryPoint","urlTemplate":"https:\/\/zstv.cz\/?s={search_term_string}"},"query-input":{"@type":"PropertyValueSpecification","valueRequired":true,"valueName":"search_term_string"}}],"inLanguage":"cs"}]}},"_links":{"self":[{"href":"https:\/\/zstv.cz\/index.php?rest_route=\/wp\/v2\/pages\/605","targetHints":{"allow":["GET"]}}],"collection":[{"href":"https:\/\/zstv.cz\/index.php?rest_route=\/wp\/v2\/pages"}],"about":[{"href":"https:\/\/zstv.cz\/index.php?rest_route=\/wp\/v2\/types\/page"}],"author":[{"embeddable":true,"href":"https:\/\/zstv.cz\/index.php?rest_route=\/wp\/v2\/users\/3"}],"replies":[{"embeddable":true,"href":"https:\/\/zstv.cz\/index.php?rest_route=%2Fwp%2Fv2%2Fcomments&post=605"}],"version-history":[{"count":29,"href":"https:\/\/zstv.cz\/index.php?rest_route=\/wp\/v2\/pages\/605\/revisions"}],"predecessor-version":[{"id":1418,"href":"https:\/\/zstv.cz\/index.php?rest_route=\/wp\/v2\/pages\/605\/revisions\/1418"}],"wp:attachment":[{"href":"https:\/\/zstv.cz\/index.php?rest_route=%2Fwp%2Fv2%2Fmedia&parent=605"}],"curies":[{"name":"wp","href":"https:\/\/api.w.org\/{rel}","templated":true}]}}