{"id":592,"date":"2021-08-17T08:00:00","date_gmt":"2021-08-17T06:00:00","guid":{"rendered":"https:\/\/rumex.mendelu.cz\/zstv\/?page_id=592"},"modified":"2022-07-19T10:28:00","modified_gmt":"2022-07-19T08:28:00","slug":"partner-podlaharu","status":"publish","type":"page","link":"https:\/\/zstv.cz\/?page_id=592","title":{"rendered":"Partner podlah\u00e1\u0159\u016f"},"content":{"rendered":"\n<p><span style=\"font-family: Arial, serif;\">Podlahy jsou sou\u010d\u00e1st\u00ed interi\u00e9r\u016f, a proto je velmi d\u016fle\u017eit\u00e9, aby se z nich neuvol\u0148ovaly do prost\u0159ed\u00ed, ve kter\u00e9m \u017eijeme, nebezpe\u010dn\u00e9 l\u00e1tky.<\/span><\/p>\n\n\n\n<p><span style=\"font-family: Arial, serif;\"><b>Slu\u017eby laborato\u0159e<\/b><\/span><\/p>\n\n\n\n<p><span style=\"font-family: Arial, serif;\">V&nbsp;na\u0161\u00ed akreditovan\u00e9 zku\u0161ebn\u00ed laborato\u0159i jsme p\u0159ipraveni poskytnout zkou\u0161ky podlahovin pro z\u00e1kladn\u00ed, ale i dopl\u0148kov\u00e9 vlastnosti. V&nbsp;p\u0159\u00edpad\u011b nutnosti zkou\u0161ek, kter\u00e9 nejsou v&nbsp;na\u0161em rozsahu, vyu\u017e\u00edv\u00e1me smluvn\u00ed akreditovan\u00e9 zku\u0161ebn\u00ed laborato\u0159e. Dok\u00e1\u017eeme tak obs\u00e1hnout ucelen\u00fd komplet zkou\u0161ek, kter\u00fd je pro dan\u00fd v\u00fdrobek po\u017eadovan\u00fd.<\/span><\/p>\n\n\n\n<p><span style=\"font-family: Arial, serif;\">Podlahovin je cel\u00e1 \u0159ada a t\u00e9m\u011b\u0159 ka\u017ed\u00fd typ m\u00e1 svoji v\u00fdrobkovou normu. Uv\u00e1d\u00edme z\u00e1kladn\u00ed vlastnosti, kter\u00e9 jsou pro velk\u00e9 mno\u017estv\u00ed podlahovin spole\u010dn\u00e9:<\/span><\/p>\n\n\n\n<ul class=\"wp-block-list\"><li><span style=\"font-family: Arial, serif;\">reakce na ohe\u0148 (zkou\u0161ka),<\/span><\/li><li><span style=\"font-family: Arial, serif;\">emise formaldehydu (zkou\u0161ka),<\/span><\/li><li><span style=\"font-family: Arial, serif;\">obsah pentachlorfenolu (zkou\u0161ka),<\/span><\/li><li><span style=\"font-family: Arial, serif;\">mez pevnosti,<\/span><\/li><li><span style=\"font-family: Arial, serif;\">odolnost proti skluzu (zkou\u0161ka),<\/span><\/li><li><span style=\"font-family: Arial, serif;\">tepeln\u00e1 vodivost (v\u00fdpo\u010det),<\/span><\/li><li><span style=\"font-family: Arial, serif;\">biologick\u00e1 trvanlivost (posouzen\u00ed).<\/span><\/li><\/ul>\n\n\n\n<div class=\"wp-block-image\"><figure class=\"aligncenter\"><img decoding=\"async\" width=\"300\" height=\"200\" data-src=\"https:\/\/rumex.mendelu.cz\/zstv\/wp-content\/uploads\/2020\/11\/image-4-300x200.png\" alt=\"\" class=\"wp-image-514 lazyload\" data-srcset=\"https:\/\/zstv.cz\/wp-content\/uploads\/2020\/11\/image-4-300x200.png 300w, https:\/\/zstv.cz\/wp-content\/uploads\/2020\/11\/image-4.png 693w\" data-sizes=\"(max-width: 300px) 100vw, 300px\" src=\"data:image\/svg+xml;base64,PHN2ZyB3aWR0aD0iMSIgaGVpZ2h0PSIxIiB4bWxucz0iaHR0cDovL3d3dy53My5vcmcvMjAwMC9zdmciPjwvc3ZnPg==\" style=\"--smush-placeholder-width: 300px; --smush-placeholder-aspect-ratio: 300\/200;\" \/><\/figure><\/div>\n\n\n\n<p><span style=\"font-family: Arial, serif;\">Dal\u0161\u00ed vlastnosti naleznete v&nbsp;seznamu zkou\u0161ek<!-- proklik na seznam zkou\u0161ek --> pro danou v\u00fdrobkovou kategorii.<\/span><\/p>\n\n\n\n<p><\/p>\n\n\n\n<p><span style=\"font-family: Arial, serif;\"><b>Posouzen\u00ed vlastnost\u00ed ozn\u00e1men\u00fdm subjektem a ozna\u010den\u00ed zna\u010dkou CE<\/b><\/span><\/p>\n\n\n\n<p><span style=\"font-family: Arial, serif;\">Jsme p\u0159ipraveni v\u00e1m zpracovat posouzen\u00ed vlastnost\u00ed v\u00fdrobk\u016f, abyste si na z\u00e1klad\u011b v\u00fdsledk\u016f zkou\u0161ek mohli vystavit prohl\u00e1\u0161en\u00ed o vlastnostech a ozna\u010dovat va\u0161e v\u00fdrobky zna\u010dkou CE.<\/span><\/p>\n\n\n\n<p><span style=\"font-family: Arial, serif;\">Toto m\u016f\u017eeme prov\u00e9st na z\u00e1klad\u011b zkou\u0161ek proveden\u00fdch v na\u0161\u00ed akreditovan\u00e9 zku\u0161ebn\u00ed laborato\u0159i nebo na z\u00e1klad\u011b v\u00e1mi dodan\u00fdch protokol\u016f o zkou\u0161k\u00e1ch z jin\u00e9 akreditovan\u00e9 zku\u0161ebn\u00ed laborato\u0159e.<\/span><\/p>\n\n\n\n<p><\/p>\n\n\n\n<p><span style=\"font-family: Arial, serif;\"><b>Aplikovan\u00fd v\u00fdzkum<\/b><\/span><\/p>\n\n\n\n<p><span style=\"font-family: Arial, serif;\">Vyv\u00edj\u00edte nov\u00fd v\u00fdrobek a chcete spolupracovat s\u00a0odbornou instituc\u00ed? Pot\u0159ebujete pro sv\u016fj vyv\u00edjen\u00fd v\u00fdrobek zjistit jeho vlastnosti a nem\u00e1te na to pot\u0159ebn\u00e9 za\u0159\u00edzen\u00ed? Nab\u00edz\u00edme v\u00e1m proveden\u00ed zkou\u0161ek v na\u0161ich laboratorn\u00edch prostor\u00e1ch i mimo n\u011b p\u0159i:<\/span><\/p>\n\n\n\n<ul class=\"wp-block-list\"><li><span style=\"font-family: Arial, serif;\">v\u00fdvoji nov\u00fdch v\u00fdrobk\u016f,<\/span><\/li><li><span style=\"font-family: Arial, serif;\">inovac\u00edch v\u00fdrobk\u016f,<\/span><\/li><li><span style=\"font-family: Arial, serif;\">v\u00fdvoji a testov\u00e1n\u00ed prototyp\u016f.<\/span><\/li><\/ul>\n\n\n\n<p><\/p>\n\n\n\n<p class=\"hidden\"><span style=\"font-family: Arial, serif;\"><b>Poradenstv\u00ed<\/b><\/span><\/p>\n\n\n\n<ul class=\"hidden wp-block-list\"><li><span style=\"font-family: Arial, serif;\">posouzen\u00ed vhodnosti kombinac\u00ed materi\u00e1l\u016f a podklad\u016f,<\/span><\/li><li><span style=\"font-family: Arial, serif;\">konzulta\u010dn\u00ed \u010dinnost v\u00fdrobkov\u00e1 a technologick\u00e1,<\/span><\/li><li><span style=\"font-family: Arial, serif;\">poradenstv\u00ed p\u0159i volb\u011b a zm\u011bn\u011b materi\u00e1l\u016f,<\/span><\/li><li><span style=\"font-family: Arial, serif;\">poradenstv\u00ed p\u0159i volb\u011b a zm\u011bn\u011b technologi\u00ed,<\/span><\/li><li><span style=\"font-family: Arial, serif;\">technick\u00e1 podpora pro zad\u00e1n\u00ed v\u00fdb\u011brov\u00fdch \u0159\u00edzen\u00ed,<\/span><\/li><li><span style=\"font-family: Arial, serif;\">dozorov\u00e1n\u00ed mont\u00e1\u017e\u00ed podlahovin.<\/span><\/li><\/ul>\n\n\n\n<p><\/p>\n\n\n\n<p><span style=\"font-family: Arial, serif;\"><b>Expertizy<\/b><\/span><\/p>\n\n\n\n<ul class=\"wp-block-list\"><li><span style=\"font-family: Arial, serif;\">m\u011b\u0159en\u00ed a posuzov\u00e1n\u00ed technick\u00e9ho stavu v\u00fdrobk\u016f,<\/span><\/li><li><span style=\"font-family: Arial, serif;\">zkou\u0161ky skluznosti podlahovin v laborato\u0159i i na stavb\u00e1ch,<\/span><\/li><li><span style=\"font-family: Arial, serif;\">posouzen\u00ed stavu zabudovan\u00fdch podlahovin,<\/span><\/li><li><span style=\"font-family: Arial, serif;\">podpora p\u0159i p\u0159ej\u00edmce stavby p\u0159ed mont\u00e1\u017e\u00ed v\u00fdrobk\u016f,<\/span><\/li><li><span style=\"font-family: Arial, serif;\">podpora a protokolov\u00e1n\u00ed stavu p\u0159i p\u0159ed\u00e1n\u00ed d\u00edla.<\/span><\/li><\/ul>\n\n\n\n<div class=\"wp-block-image\"><figure class=\"aligncenter\"><img decoding=\"async\" width=\"207\" height=\"300\" data-src=\"https:\/\/rumex.mendelu.cz\/zstv\/wp-content\/uploads\/2021\/04\/zstv_mereni-207x300.png\" alt=\"\" class=\"wp-image-593 lazyload\" data-srcset=\"https:\/\/zstv.cz\/wp-content\/uploads\/2021\/04\/zstv_mereni-207x300.png 207w, https:\/\/zstv.cz\/wp-content\/uploads\/2021\/04\/zstv_mereni.png 570w\" data-sizes=\"(max-width: 207px) 100vw, 207px\" src=\"data:image\/svg+xml;base64,PHN2ZyB3aWR0aD0iMSIgaGVpZ2h0PSIxIiB4bWxucz0iaHR0cDovL3d3dy53My5vcmcvMjAwMC9zdmciPjwvc3ZnPg==\" style=\"--smush-placeholder-width: 207px; --smush-placeholder-aspect-ratio: 207\/300;\" \/><\/figure><\/div>\n\n\n\n<p><\/p>\n\n\n\n<h2 class=\"wp-block-heading\">N\u00e1\u0161 specialista v dan\u00e9 oblasti<\/h2>\n\n\n<div id=\"pl-gb592-69f0b42db474b\"  class=\"panel-layout\" ><div id=\"pg-gb592-69f0b42db474b-0\"  class=\"panel-grid panel-no-style\" ><div id=\"pgc-gb592-69f0b42db474b-0-0\"  class=\"panel-grid-cell\" ><div id=\"panel-gb592-69f0b42db474b-0-0-0\" class=\"so-panel widget widget_text panel-first-child panel-last-child\" data-index=\"0\" >\t\t\t<div class=\"textwidget\"><p><img decoding=\"async\" class=\"size-full wp-image-979 aligncenter lazyload\" data-src=\"https:\/\/rumex.mendelu.cz\/zstv\/wp-content\/uploads\/2021\/06\/Mitacek-Petr-2021-02-03_IMG_1826-1.jpg\" alt=\"\" width=\"200\" height=\"267\" src=\"data:image\/svg+xml;base64,PHN2ZyB3aWR0aD0iMSIgaGVpZ2h0PSIxIiB4bWxucz0iaHR0cDovL3d3dy53My5vcmcvMjAwMC9zdmciPjwvc3ZnPg==\" style=\"--smush-placeholder-width: 200px; --smush-placeholder-aspect-ratio: 200\/267;\" \/><\/p>\n<\/div>\n\t\t<\/div><\/div><div id=\"pgc-gb592-69f0b42db474b-0-1\"  class=\"panel-grid-cell\" ><div id=\"panel-gb592-69f0b42db474b-0-1-0\" class=\"so-panel widget widget_text panel-first-child panel-last-child\" data-index=\"1\" >\t\t\t<div class=\"textwidget\"><figure class=\"wp-block-table alignwide is-style-stripes\">\n<table>\n<tbody>\n<tr>\n<td><a href=\"?page_id=390\">Ing. Petr Mit\u00e1\u010dek<\/a><\/td>\n<\/tr>\n<tr>\n<td>posuzov\u00e1n\u00ed shody a certifikace stavebn\u00edho d\u0159\u00edv\u00ed a podlahovin<\/td>\n<\/tr>\n<tr>\n<td>mobil: +420 739 555 327<\/td>\n<\/tr>\n<tr>\n<td>e-mail: <a href=\"mailto:petr.mitacek@zstv.cz\">petr.mitacek@zstv.cz<\/a><\/td>\n<\/tr>\n<\/tbody>\n<\/table>\n<\/figure>\n<\/div>\n\t\t<\/div><\/div><\/div><\/div>\n\n\n<p><\/p>\n","protected":false},"excerpt":{"rendered":"<p>Podlahy jsou sou\u010d\u00e1st\u00ed interi\u00e9r\u016f, a proto je velmi d\u016fle\u017eit\u00e9, aby se z nich neuvol\u0148ovaly do prost\u0159ed\u00ed, ve kter\u00e9m \u017eijeme, nebezpe\u010dn\u00e9 [&hellip;]<\/p>\n","protected":false},"author":3,"featured_media":0,"parent":0,"menu_order":0,"comment_status":"closed","ping_status":"closed","template":"","meta":{"footnotes":""},"class_list":["post-592","page","type-page","status-publish","hentry"],"yoast_head":"<!-- This site is optimized with the Yoast SEO plugin v27.4 - https:\/\/yoast.com\/product\/yoast-seo-wordpress\/ -->\n<title>Partner podlah\u00e1\u0159\u016f - Zku\u0161ebna stavebn\u011b truhl\u00e1\u0159sk\u00fdch v\u00fdrobk\u016f a n\u00e1bytku<\/title>\n<meta name=\"robots\" content=\"index, follow, max-snippet:-1, max-image-preview:large, max-video-preview:-1\" \/>\n<link rel=\"canonical\" href=\"https:\/\/zstv.cz\/?page_id=592\" \/>\n<meta property=\"og:locale\" content=\"cs_CZ\" \/>\n<meta property=\"og:type\" content=\"article\" \/>\n<meta property=\"og:title\" content=\"Partner podlah\u00e1\u0159\u016f - Zku\u0161ebna stavebn\u011b truhl\u00e1\u0159sk\u00fdch v\u00fdrobk\u016f a n\u00e1bytku\" \/>\n<meta property=\"og:description\" content=\"Podlahy jsou sou\u010d\u00e1st\u00ed interi\u00e9r\u016f, a proto je velmi d\u016fle\u017eit\u00e9, aby se z nich neuvol\u0148ovaly do prost\u0159ed\u00ed, ve kter\u00e9m \u017eijeme, nebezpe\u010dn\u00e9 [&hellip;]\" \/>\n<meta property=\"og:url\" content=\"https:\/\/zstv.cz\/?page_id=592\" \/>\n<meta property=\"og:site_name\" content=\"Zku\u0161ebna stavebn\u011b truhl\u00e1\u0159sk\u00fdch v\u00fdrobk\u016f a n\u00e1bytku\" \/>\n<meta property=\"article:modified_time\" content=\"2022-07-19T08:28:00+00:00\" \/>\n<meta property=\"og:image\" content=\"https:\/\/rumex.mendelu.cz\/zstv\/wp-content\/uploads\/2020\/11\/image-4-300x200.png\" \/>\n<meta name=\"twitter:card\" content=\"summary_large_image\" \/>\n<meta name=\"twitter:label1\" content=\"Odhadovan\u00e1 doba \u010dten\u00ed\" \/>\n\t<meta name=\"twitter:data1\" content=\"2 minuty\" \/>\n<script type=\"application\/ld+json\" class=\"yoast-schema-graph\">{\"@context\":\"https:\\\/\\\/schema.org\",\"@graph\":[{\"@type\":\"WebPage\",\"@id\":\"https:\\\/\\\/zstv.cz\\\/?page_id=592\",\"url\":\"https:\\\/\\\/zstv.cz\\\/?page_id=592\",\"name\":\"Partner podlah\u00e1\u0159\u016f - Zku\u0161ebna stavebn\u011b truhl\u00e1\u0159sk\u00fdch v\u00fdrobk\u016f a n\u00e1bytku\",\"isPartOf\":{\"@id\":\"https:\\\/\\\/zstv.cz\\\/#website\"},\"primaryImageOfPage\":{\"@id\":\"https:\\\/\\\/zstv.cz\\\/?page_id=592#primaryimage\"},\"image\":{\"@id\":\"https:\\\/\\\/zstv.cz\\\/?page_id=592#primaryimage\"},\"thumbnailUrl\":\"https:\\\/\\\/rumex.mendelu.cz\\\/zstv\\\/wp-content\\\/uploads\\\/2020\\\/11\\\/image-4-300x200.png\",\"datePublished\":\"2021-08-17T06:00:00+00:00\",\"dateModified\":\"2022-07-19T08:28:00+00:00\",\"breadcrumb\":{\"@id\":\"https:\\\/\\\/zstv.cz\\\/?page_id=592#breadcrumb\"},\"inLanguage\":\"cs\",\"potentialAction\":[{\"@type\":\"ReadAction\",\"target\":[\"https:\\\/\\\/zstv.cz\\\/?page_id=592\"]}]},{\"@type\":\"ImageObject\",\"inLanguage\":\"cs\",\"@id\":\"https:\\\/\\\/zstv.cz\\\/?page_id=592#primaryimage\",\"url\":\"https:\\\/\\\/rumex.mendelu.cz\\\/zstv\\\/wp-content\\\/uploads\\\/2020\\\/11\\\/image-4-300x200.png\",\"contentUrl\":\"https:\\\/\\\/rumex.mendelu.cz\\\/zstv\\\/wp-content\\\/uploads\\\/2020\\\/11\\\/image-4-300x200.png\"},{\"@type\":\"BreadcrumbList\",\"@id\":\"https:\\\/\\\/zstv.cz\\\/?page_id=592#breadcrumb\",\"itemListElement\":[{\"@type\":\"ListItem\",\"position\":1,\"name\":\"Dom\u016f\",\"item\":\"https:\\\/\\\/zstv.cz\\\/\"},{\"@type\":\"ListItem\",\"position\":2,\"name\":\"Partner podlah\u00e1\u0159\u016f\"}]},{\"@type\":\"WebSite\",\"@id\":\"https:\\\/\\\/zstv.cz\\\/#website\",\"url\":\"https:\\\/\\\/zstv.cz\\\/\",\"name\":\"Zku\u0161ebna stavebn\u011b truhl\u00e1\u0159sk\u00fdch v\u00fdrobk\u016f a n\u00e1bytku\",\"description\":\"\",\"potentialAction\":[{\"@type\":\"SearchAction\",\"target\":{\"@type\":\"EntryPoint\",\"urlTemplate\":\"https:\\\/\\\/zstv.cz\\\/?s={search_term_string}\"},\"query-input\":{\"@type\":\"PropertyValueSpecification\",\"valueRequired\":true,\"valueName\":\"search_term_string\"}}],\"inLanguage\":\"cs\"}]}<\/script>\n<!-- \/ Yoast SEO plugin. -->","yoast_head_json":{"title":"Partner podlah\u00e1\u0159\u016f - Zku\u0161ebna stavebn\u011b truhl\u00e1\u0159sk\u00fdch v\u00fdrobk\u016f a n\u00e1bytku","robots":{"index":"index","follow":"follow","max-snippet":"max-snippet:-1","max-image-preview":"max-image-preview:large","max-video-preview":"max-video-preview:-1"},"canonical":"https:\/\/zstv.cz\/?page_id=592","og_locale":"cs_CZ","og_type":"article","og_title":"Partner podlah\u00e1\u0159\u016f - Zku\u0161ebna stavebn\u011b truhl\u00e1\u0159sk\u00fdch v\u00fdrobk\u016f a n\u00e1bytku","og_description":"Podlahy jsou sou\u010d\u00e1st\u00ed interi\u00e9r\u016f, a proto je velmi d\u016fle\u017eit\u00e9, aby se z nich neuvol\u0148ovaly do prost\u0159ed\u00ed, ve kter\u00e9m \u017eijeme, nebezpe\u010dn\u00e9 [&hellip;]","og_url":"https:\/\/zstv.cz\/?page_id=592","og_site_name":"Zku\u0161ebna stavebn\u011b truhl\u00e1\u0159sk\u00fdch v\u00fdrobk\u016f a n\u00e1bytku","article_modified_time":"2022-07-19T08:28:00+00:00","og_image":[{"url":"https:\/\/rumex.mendelu.cz\/zstv\/wp-content\/uploads\/2020\/11\/image-4-300x200.png","type":"","width":"","height":""}],"twitter_card":"summary_large_image","twitter_misc":{"Odhadovan\u00e1 doba \u010dten\u00ed":"2 minuty"},"schema":{"@context":"https:\/\/schema.org","@graph":[{"@type":"WebPage","@id":"https:\/\/zstv.cz\/?page_id=592","url":"https:\/\/zstv.cz\/?page_id=592","name":"Partner podlah\u00e1\u0159\u016f - Zku\u0161ebna stavebn\u011b truhl\u00e1\u0159sk\u00fdch v\u00fdrobk\u016f a n\u00e1bytku","isPartOf":{"@id":"https:\/\/zstv.cz\/#website"},"primaryImageOfPage":{"@id":"https:\/\/zstv.cz\/?page_id=592#primaryimage"},"image":{"@id":"https:\/\/zstv.cz\/?page_id=592#primaryimage"},"thumbnailUrl":"https:\/\/rumex.mendelu.cz\/zstv\/wp-content\/uploads\/2020\/11\/image-4-300x200.png","datePublished":"2021-08-17T06:00:00+00:00","dateModified":"2022-07-19T08:28:00+00:00","breadcrumb":{"@id":"https:\/\/zstv.cz\/?page_id=592#breadcrumb"},"inLanguage":"cs","potentialAction":[{"@type":"ReadAction","target":["https:\/\/zstv.cz\/?page_id=592"]}]},{"@type":"ImageObject","inLanguage":"cs","@id":"https:\/\/zstv.cz\/?page_id=592#primaryimage","url":"https:\/\/rumex.mendelu.cz\/zstv\/wp-content\/uploads\/2020\/11\/image-4-300x200.png","contentUrl":"https:\/\/rumex.mendelu.cz\/zstv\/wp-content\/uploads\/2020\/11\/image-4-300x200.png"},{"@type":"BreadcrumbList","@id":"https:\/\/zstv.cz\/?page_id=592#breadcrumb","itemListElement":[{"@type":"ListItem","position":1,"name":"Dom\u016f","item":"https:\/\/zstv.cz\/"},{"@type":"ListItem","position":2,"name":"Partner podlah\u00e1\u0159\u016f"}]},{"@type":"WebSite","@id":"https:\/\/zstv.cz\/#website","url":"https:\/\/zstv.cz\/","name":"Zku\u0161ebna stavebn\u011b truhl\u00e1\u0159sk\u00fdch v\u00fdrobk\u016f a n\u00e1bytku","description":"","potentialAction":[{"@type":"SearchAction","target":{"@type":"EntryPoint","urlTemplate":"https:\/\/zstv.cz\/?s={search_term_string}"},"query-input":{"@type":"PropertyValueSpecification","valueRequired":true,"valueName":"search_term_string"}}],"inLanguage":"cs"}]}},"_links":{"self":[{"href":"https:\/\/zstv.cz\/index.php?rest_route=\/wp\/v2\/pages\/592","targetHints":{"allow":["GET"]}}],"collection":[{"href":"https:\/\/zstv.cz\/index.php?rest_route=\/wp\/v2\/pages"}],"about":[{"href":"https:\/\/zstv.cz\/index.php?rest_route=\/wp\/v2\/types\/page"}],"author":[{"embeddable":true,"href":"https:\/\/zstv.cz\/index.php?rest_route=\/wp\/v2\/users\/3"}],"replies":[{"embeddable":true,"href":"https:\/\/zstv.cz\/index.php?rest_route=%2Fwp%2Fv2%2Fcomments&post=592"}],"version-history":[{"count":11,"href":"https:\/\/zstv.cz\/index.php?rest_route=\/wp\/v2\/pages\/592\/revisions"}],"predecessor-version":[{"id":1550,"href":"https:\/\/zstv.cz\/index.php?rest_route=\/wp\/v2\/pages\/592\/revisions\/1550"}],"wp:attachment":[{"href":"https:\/\/zstv.cz\/index.php?rest_route=%2Fwp%2Fv2%2Fmedia&parent=592"}],"curies":[{"name":"wp","href":"https:\/\/api.w.org\/{rel}","templated":true}]}}