{"id":425,"date":"2021-08-11T13:40:02","date_gmt":"2021-08-11T11:40:02","guid":{"rendered":"https:\/\/rumex.mendelu.cz\/zstv\/?page_id=425"},"modified":"2021-09-13T11:35:29","modified_gmt":"2021-09-13T09:35:29","slug":"clenstvi-v-organizacich","status":"publish","type":"page","link":"https:\/\/zstv.cz\/?page_id=425","title":{"rendered":"\u010clenstv\u00ed v organizac\u00edch"},"content":{"rendered":"\n<h2 class=\"wp-block-heading\">TNK<\/h2>\n\n\n\n<p>Jako \u010dlen <a href=\"http:\/\/www.agentura-cas.cz\/clenove-tnk\" target=\"_blank\" rel=\"noreferrer noopener\">Technick\u00fdch normaliza\u010dn\u00edch komis\u00ed<\/a> se pod\u00edl\u00edme na tvorb\u011b norem a standard\u016f, p\u0159ipom\u00ednkov\u00e1n\u00ed norem v oblasti d\u0159eva\u0159sk\u00fdch v\u00fdrobk\u016f jak v r\u00e1mci Evropsk\u00e9ho v\u00fdboru pro normalizaci (CEN), tak i v r\u00e1mci zav\u00e1d\u011bn\u00ed norem EN do syst\u00e9mu \u010cesk\u00fdch technick\u00fdch norem v&nbsp;n\u00e1sleduj\u00edc\u00edch oborech:<\/p>\n\n\n\n<ul class=\"wp-block-list\"><li>TNK 60 \u2013 Otvorov\u00e9 v\u00fdpln\u011b a lehk\u00e9 obvodov\u00e9 pl\u00e1\u0161t\u011b<ul><li>Ing. Milan Helegda, Ph.D. \u2013 p\u0159edseda<\/li><li>Ing. Miroslav Zapletal, Ph.D. \u2013 \u010dlen<\/li><\/ul><\/li><li>TNK 135 \u2013 D\u0159evo a v\u00fdrobky na b\u00e1zi d\u0159eva<ul><li>Ing. Petr Mit\u00e1\u010dek \u2013 \u010dlen<\/li><\/ul><\/li><li>TNK 150 \u2013 N\u00e1bytek<ul><li>Ing. Miroslav Zapletal, Ph.D. \u2013 \u010dlen<\/li><\/ul><\/li><li>TNK 27\/2 \u2013 pracovn\u00ed skupina pro Po\u017e\u00e1rn\u00ed uz\u00e1v\u011bry<ul><li>Ing. Miroslav Zapletal, Ph.D. \u2013 \u010dlen<\/li><\/ul><\/li><\/ul>\n\n\n\n<h2 class=\"wp-block-heading\">AAAO<\/h2>\n\n\n\n<p> Jako \u010dlen <a href=\"http:\/\/www.aaao.cz\/clenove\/\" target=\"_blank\" rel=\"noreferrer noopener\">Asociace akreditovan\u00fdch a autorizovan\u00fdch organizac\u00ed<\/a>, kter\u00e9 sdru\u017euje zku\u0161ebn\u00ed, inspek\u010dn\u00ed a certifika\u010dn\u00ed organizace z \u010cesk\u00e9 republiky, se pod\u00edl\u00edme na tvorb\u011b a harmonizaci p\u0159edpisov\u00e9 z\u00e1kladny v oblasti posuzov\u00e1n\u00ed shody.<\/p>\n\n\n\n<h2 class=\"wp-block-heading\">SZV<\/h2>\n\n\n\n<p>Jako \u010dlen <a href=\"http:\/\/szv.cz\/Kontakty_clenove.php\" target=\"_blank\" rel=\"noreferrer noopener\">Svazu zku\u0161eben pro v\u00fdstavbu<\/a> se pod\u00edl\u00edme na koordinaci postup\u016f v oblastech stavebn\u00edho zku\u0161ebnictv\u00ed a vyjad\u0159ujeme se k obecn\u011b z\u00e1vazn\u00fdm a jin\u00fdm p\u0159edpis\u016fm pro v\u00fdstavbu.<\/p>\n\n\n\n<h2 class=\"wp-block-heading\">EUROLAB-CZ<\/h2>\n\n\n\n<p>Jsme \u010dlenem z\u00e1jmov\u00e9ho sdru\u017een\u00ed <a href=\"http:\/\/www.eurolabcz.cz\/\" target=\"_blank\" rel=\"noreferrer noopener\">EUROLAB-CZ<\/a> \u2013 Asociace \u010desk\u00fdch m\u011b\u0159ic\u00edch, zku\u0161ebn\u00edch a analytick\u00fdch laborato\u0159\u00ed, kter\u00e9 p\u016fsob\u00ed v prohlubov\u00e1n\u00ed spolupr\u00e1ce a zp\u011btn\u00e9 vazby s normalizac\u00ed, akreditac\u00ed, certifikac\u00ed a posuzov\u00e1n\u00edm shody a zastupuje z\u00e1jmy sv\u00fdch \u010dlen\u016f v\u016f\u010di evropsk\u00e9 federaci EUROLAB.<\/p>\n","protected":false},"excerpt":{"rendered":"<p>TNK Jako \u010dlen Technick\u00fdch normaliza\u010dn\u00edch komis\u00ed se pod\u00edl\u00edme na tvorb\u011b norem a standard\u016f, p\u0159ipom\u00ednkov\u00e1n\u00ed norem v oblasti d\u0159eva\u0159sk\u00fdch v\u00fdrobk\u016f jak [&hellip;]<\/p>\n","protected":false},"author":3,"featured_media":0,"parent":0,"menu_order":0,"comment_status":"closed","ping_status":"closed","template":"","meta":{"footnotes":""},"class_list":["post-425","page","type-page","status-publish","hentry"],"yoast_head":"<!-- This site is optimized with the Yoast SEO plugin v27.4 - https:\/\/yoast.com\/product\/yoast-seo-wordpress\/ -->\n<title>\u010clenstv\u00ed v organizac\u00edch - Zku\u0161ebna stavebn\u011b truhl\u00e1\u0159sk\u00fdch v\u00fdrobk\u016f a n\u00e1bytku<\/title>\n<meta name=\"robots\" content=\"index, follow, max-snippet:-1, max-image-preview:large, max-video-preview:-1\" \/>\n<link rel=\"canonical\" href=\"https:\/\/zstv.cz\/?page_id=425\" \/>\n<meta property=\"og:locale\" content=\"cs_CZ\" \/>\n<meta property=\"og:type\" content=\"article\" \/>\n<meta property=\"og:title\" content=\"\u010clenstv\u00ed v organizac\u00edch - Zku\u0161ebna stavebn\u011b truhl\u00e1\u0159sk\u00fdch v\u00fdrobk\u016f a n\u00e1bytku\" \/>\n<meta property=\"og:description\" content=\"TNK Jako \u010dlen Technick\u00fdch normaliza\u010dn\u00edch komis\u00ed se pod\u00edl\u00edme na tvorb\u011b norem a standard\u016f, p\u0159ipom\u00ednkov\u00e1n\u00ed norem v oblasti d\u0159eva\u0159sk\u00fdch v\u00fdrobk\u016f jak [&hellip;]\" \/>\n<meta property=\"og:url\" content=\"https:\/\/zstv.cz\/?page_id=425\" \/>\n<meta property=\"og:site_name\" content=\"Zku\u0161ebna stavebn\u011b truhl\u00e1\u0159sk\u00fdch v\u00fdrobk\u016f a n\u00e1bytku\" \/>\n<meta property=\"article:modified_time\" content=\"2021-09-13T09:35:29+00:00\" \/>\n<meta name=\"twitter:card\" content=\"summary_large_image\" \/>\n<meta name=\"twitter:label1\" content=\"Odhadovan\u00e1 doba \u010dten\u00ed\" \/>\n\t<meta name=\"twitter:data1\" content=\"1 minuta\" \/>\n<script type=\"application\/ld+json\" class=\"yoast-schema-graph\">{\"@context\":\"https:\\\/\\\/schema.org\",\"@graph\":[{\"@type\":\"WebPage\",\"@id\":\"https:\\\/\\\/zstv.cz\\\/?page_id=425\",\"url\":\"https:\\\/\\\/zstv.cz\\\/?page_id=425\",\"name\":\"\u010clenstv\u00ed v organizac\u00edch - Zku\u0161ebna stavebn\u011b truhl\u00e1\u0159sk\u00fdch v\u00fdrobk\u016f a n\u00e1bytku\",\"isPartOf\":{\"@id\":\"https:\\\/\\\/zstv.cz\\\/#website\"},\"datePublished\":\"2021-08-11T11:40:02+00:00\",\"dateModified\":\"2021-09-13T09:35:29+00:00\",\"breadcrumb\":{\"@id\":\"https:\\\/\\\/zstv.cz\\\/?page_id=425#breadcrumb\"},\"inLanguage\":\"cs\",\"potentialAction\":[{\"@type\":\"ReadAction\",\"target\":[\"https:\\\/\\\/zstv.cz\\\/?page_id=425\"]}]},{\"@type\":\"BreadcrumbList\",\"@id\":\"https:\\\/\\\/zstv.cz\\\/?page_id=425#breadcrumb\",\"itemListElement\":[{\"@type\":\"ListItem\",\"position\":1,\"name\":\"Dom\u016f\",\"item\":\"https:\\\/\\\/zstv.cz\\\/\"},{\"@type\":\"ListItem\",\"position\":2,\"name\":\"\u010clenstv\u00ed v organizac\u00edch\"}]},{\"@type\":\"WebSite\",\"@id\":\"https:\\\/\\\/zstv.cz\\\/#website\",\"url\":\"https:\\\/\\\/zstv.cz\\\/\",\"name\":\"Zku\u0161ebna stavebn\u011b truhl\u00e1\u0159sk\u00fdch v\u00fdrobk\u016f a n\u00e1bytku\",\"description\":\"\",\"potentialAction\":[{\"@type\":\"SearchAction\",\"target\":{\"@type\":\"EntryPoint\",\"urlTemplate\":\"https:\\\/\\\/zstv.cz\\\/?s={search_term_string}\"},\"query-input\":{\"@type\":\"PropertyValueSpecification\",\"valueRequired\":true,\"valueName\":\"search_term_string\"}}],\"inLanguage\":\"cs\"}]}<\/script>\n<!-- \/ Yoast SEO plugin. -->","yoast_head_json":{"title":"\u010clenstv\u00ed v organizac\u00edch - Zku\u0161ebna stavebn\u011b truhl\u00e1\u0159sk\u00fdch v\u00fdrobk\u016f a n\u00e1bytku","robots":{"index":"index","follow":"follow","max-snippet":"max-snippet:-1","max-image-preview":"max-image-preview:large","max-video-preview":"max-video-preview:-1"},"canonical":"https:\/\/zstv.cz\/?page_id=425","og_locale":"cs_CZ","og_type":"article","og_title":"\u010clenstv\u00ed v organizac\u00edch - Zku\u0161ebna stavebn\u011b truhl\u00e1\u0159sk\u00fdch v\u00fdrobk\u016f a n\u00e1bytku","og_description":"TNK Jako \u010dlen Technick\u00fdch normaliza\u010dn\u00edch komis\u00ed se pod\u00edl\u00edme na tvorb\u011b norem a standard\u016f, p\u0159ipom\u00ednkov\u00e1n\u00ed norem v oblasti d\u0159eva\u0159sk\u00fdch v\u00fdrobk\u016f jak [&hellip;]","og_url":"https:\/\/zstv.cz\/?page_id=425","og_site_name":"Zku\u0161ebna stavebn\u011b truhl\u00e1\u0159sk\u00fdch v\u00fdrobk\u016f a n\u00e1bytku","article_modified_time":"2021-09-13T09:35:29+00:00","twitter_card":"summary_large_image","twitter_misc":{"Odhadovan\u00e1 doba \u010dten\u00ed":"1 minuta"},"schema":{"@context":"https:\/\/schema.org","@graph":[{"@type":"WebPage","@id":"https:\/\/zstv.cz\/?page_id=425","url":"https:\/\/zstv.cz\/?page_id=425","name":"\u010clenstv\u00ed v organizac\u00edch - Zku\u0161ebna stavebn\u011b truhl\u00e1\u0159sk\u00fdch v\u00fdrobk\u016f a n\u00e1bytku","isPartOf":{"@id":"https:\/\/zstv.cz\/#website"},"datePublished":"2021-08-11T11:40:02+00:00","dateModified":"2021-09-13T09:35:29+00:00","breadcrumb":{"@id":"https:\/\/zstv.cz\/?page_id=425#breadcrumb"},"inLanguage":"cs","potentialAction":[{"@type":"ReadAction","target":["https:\/\/zstv.cz\/?page_id=425"]}]},{"@type":"BreadcrumbList","@id":"https:\/\/zstv.cz\/?page_id=425#breadcrumb","itemListElement":[{"@type":"ListItem","position":1,"name":"Dom\u016f","item":"https:\/\/zstv.cz\/"},{"@type":"ListItem","position":2,"name":"\u010clenstv\u00ed v organizac\u00edch"}]},{"@type":"WebSite","@id":"https:\/\/zstv.cz\/#website","url":"https:\/\/zstv.cz\/","name":"Zku\u0161ebna stavebn\u011b truhl\u00e1\u0159sk\u00fdch v\u00fdrobk\u016f a n\u00e1bytku","description":"","potentialAction":[{"@type":"SearchAction","target":{"@type":"EntryPoint","urlTemplate":"https:\/\/zstv.cz\/?s={search_term_string}"},"query-input":{"@type":"PropertyValueSpecification","valueRequired":true,"valueName":"search_term_string"}}],"inLanguage":"cs"}]}},"_links":{"self":[{"href":"https:\/\/zstv.cz\/index.php?rest_route=\/wp\/v2\/pages\/425","targetHints":{"allow":["GET"]}}],"collection":[{"href":"https:\/\/zstv.cz\/index.php?rest_route=\/wp\/v2\/pages"}],"about":[{"href":"https:\/\/zstv.cz\/index.php?rest_route=\/wp\/v2\/types\/page"}],"author":[{"embeddable":true,"href":"https:\/\/zstv.cz\/index.php?rest_route=\/wp\/v2\/users\/3"}],"replies":[{"embeddable":true,"href":"https:\/\/zstv.cz\/index.php?rest_route=%2Fwp%2Fv2%2Fcomments&post=425"}],"version-history":[{"count":5,"href":"https:\/\/zstv.cz\/index.php?rest_route=\/wp\/v2\/pages\/425\/revisions"}],"predecessor-version":[{"id":1509,"href":"https:\/\/zstv.cz\/index.php?rest_route=\/wp\/v2\/pages\/425\/revisions\/1509"}],"wp:attachment":[{"href":"https:\/\/zstv.cz\/index.php?rest_route=%2Fwp%2Fv2%2Fmedia&parent=425"}],"curies":[{"name":"wp","href":"https:\/\/api.w.org\/{rel}","templated":true}]}}