{"id":398,"date":"2021-08-11T13:30:23","date_gmt":"2021-08-11T11:30:23","guid":{"rendered":"https:\/\/rumex.mendelu.cz\/zstv\/?page_id=398"},"modified":"2025-10-09T09:34:13","modified_gmt":"2025-10-09T07:34:13","slug":"dokumenty-ke-stazeni","status":"publish","type":"page","link":"https:\/\/zstv.cz\/?page_id=398","title":{"rendered":"Dokumenty ke sta\u017een\u00ed"},"content":{"rendered":"\n<h3 class=\"wp-block-heading\">\u017d\u00e1dosti, objedn\u00e1vky<\/h3>\n\n\n\n<p><\/p>\n\n\n\n<div class=\"wp-block-file\"><a id=\"wp-block-file--media-8361f50b-1fa7-465c-b9e8-27e8d90d990c\" href=\"https:\/\/zstv.cz\/wp-content\/uploads\/2023\/05\/zadost-k-vykonu-OS-1389.docx\">\u017d\u00e1dost k v\u00fdkonu ozn\u00e1men\u00e9ho subjektu OS 1389<\/a><a href=\"https:\/\/zstv.cz\/wp-content\/uploads\/2023\/05\/zadost-k-vykonu-OS-1389.docx\" class=\"wp-block-file__button wp-element-button\" download aria-describedby=\"wp-block-file--media-8361f50b-1fa7-465c-b9e8-27e8d90d990c\">St\u00e1hnout<\/a><\/div>\n\n\n\n<div class=\"wp-block-file\"><a id=\"wp-block-file--media-51be60dd-d35e-457a-a88e-df3644a76c34\" href=\"https:\/\/zstv.cz\/wp-content\/uploads\/2023\/05\/zadost-k-vykonu-OS-1389-eng.docx\">\u017d\u00e1dost k v\u00fdkonu ozn\u00e1men\u00e9ho subjektu OS 1389 eng<\/a><a href=\"https:\/\/zstv.cz\/wp-content\/uploads\/2023\/05\/zadost-k-vykonu-OS-1389-eng.docx\" class=\"wp-block-file__button wp-element-button\" download aria-describedby=\"wp-block-file--media-51be60dd-d35e-457a-a88e-df3644a76c34\">St\u00e1hnout<\/a><\/div>\n\n\n\n<div class=\"wp-block-file\"><a id=\"wp-block-file--media-b450e4c8-355f-41f6-8452-18127ea60bd3\" href=\"https:\/\/zstv.cz\/wp-content\/uploads\/2023\/05\/zadost-k-vykonu-AO-209.docx\">\u017d\u00e1dost k v\u00fdkonu autorizovan\u00e9 osoby AO 209<\/a><a href=\"https:\/\/zstv.cz\/wp-content\/uploads\/2023\/05\/zadost-k-vykonu-AO-209.docx\" class=\"wp-block-file__button wp-element-button\" download aria-describedby=\"wp-block-file--media-b450e4c8-355f-41f6-8452-18127ea60bd3\">St\u00e1hnout<\/a><\/div>\n\n\n\n<div class=\"wp-block-file\"><a id=\"wp-block-file--media-b913d770-f6ce-47e6-890d-b2e84e069410\" href=\"https:\/\/zstv.cz\/wp-content\/uploads\/2023\/03\/zadost-o-certifikaci-vyrobku-nebo-procesu.docx\">\u017d\u00e1dost o certifikaci v\u00fdrobku nebo procesu<\/a><a href=\"https:\/\/zstv.cz\/wp-content\/uploads\/2023\/03\/zadost-o-certifikaci-vyrobku-nebo-procesu.docx\" class=\"wp-block-file__button wp-element-button\" download aria-describedby=\"wp-block-file--media-b913d770-f6ce-47e6-890d-b2e84e069410\">St\u00e1hnout<\/a><\/div>\n\n\n\n<div class=\"wp-block-file\"><a id=\"wp-block-file--media-a8a63ea2-7b6c-40a1-83f2-9bbfa4af2312\" href=\"https:\/\/zstv.cz\/wp-content\/uploads\/2022\/07\/zadost-o-vydani-osveceni-ZSTV.docx\">\u017d\u00e1dost o vyd\u00e1n\u00ed osv\u011bd\u010den\u00ed ZSTV<\/a><a href=\"https:\/\/zstv.cz\/wp-content\/uploads\/2022\/07\/zadost-o-vydani-osveceni-ZSTV.docx\" class=\"wp-block-file__button wp-element-button\" download aria-describedby=\"wp-block-file--media-a8a63ea2-7b6c-40a1-83f2-9bbfa4af2312\">St\u00e1hnout<\/a><\/div>\n\n\n\n<div class=\"wp-block-file\"><a id=\"wp-block-file--media-18709027-a8d3-45e6-a468-512dc08fb7f4\" href=\"https:\/\/zstv.cz\/wp-content\/uploads\/2022\/07\/objednavka-blowerdoor.docx\">Blowerdoor test \u2013 objedn\u00e1vka<\/a><a href=\"https:\/\/zstv.cz\/wp-content\/uploads\/2022\/07\/objednavka-blowerdoor.docx\" class=\"wp-block-file__button wp-element-button\" download aria-describedby=\"wp-block-file--media-18709027-a8d3-45e6-a468-512dc08fb7f4\">St\u00e1hnout<\/a><\/div>\n\n\n\n<p><\/p>\n\n\n\n<h3 class=\"wp-block-heading\">Popis v\u00fdrobku<\/h3>\n\n\n\n<p><\/p>\n\n\n\n<h5 class=\"wp-block-heading\">Okna<\/h5>\n\n\n\n<p><\/p>\n\n\n\n<div class=\"wp-block-file\"><a id=\"wp-block-file--media-86af738c-ce5c-407e-8e7d-4850071dbfa8\" href=\"https:\/\/zstv.cz\/wp-content\/uploads\/2022\/07\/popis_DOJ_EURO.docx\">D\u0159ev\u011bn\u00e9 okno jednoduch\u00e9 (EURO)<\/a><a href=\"https:\/\/zstv.cz\/wp-content\/uploads\/2022\/07\/popis_DOJ_EURO.docx\" class=\"wp-block-file__button wp-element-button\" download aria-describedby=\"wp-block-file--media-86af738c-ce5c-407e-8e7d-4850071dbfa8\">St\u00e1hnout<\/a><\/div>\n\n\n\n<div class=\"wp-block-file\"><a id=\"wp-block-file--media-13b868ef-2f1d-45e0-8d6c-14852707d8d0\" href=\"https:\/\/zstv.cz\/wp-content\/uploads\/2022\/07\/popis_DOJ_EURO_vzor_vyplneni.docx\">D\u0159ev\u011bn\u00e9 okno jednoduch\u00e9 (EURO) &#8211; vzor vypln\u011bn\u00ed<\/a><a href=\"https:\/\/zstv.cz\/wp-content\/uploads\/2022\/07\/popis_DOJ_EURO_vzor_vyplneni.docx\" class=\"wp-block-file__button wp-element-button\" download aria-describedby=\"wp-block-file--media-13b868ef-2f1d-45e0-8d6c-14852707d8d0\">St\u00e1hnout<\/a><\/div>\n\n\n\n<div class=\"wp-block-file\"><a id=\"wp-block-file--media-08aea7e3-d027-49b3-9aec-eec9a990ac0e\" href=\"https:\/\/zstv.cz\/wp-content\/uploads\/2022\/07\/popis_plastove_okno.docx\">Plastov\u00e9 okno<\/a><a href=\"https:\/\/zstv.cz\/wp-content\/uploads\/2022\/07\/popis_plastove_okno.docx\" class=\"wp-block-file__button wp-element-button\" download aria-describedby=\"wp-block-file--media-08aea7e3-d027-49b3-9aec-eec9a990ac0e\">St\u00e1hnout<\/a><\/div>\n\n\n\n<div class=\"wp-block-file\"><a id=\"wp-block-file--media-95162ef4-7330-4731-bad1-5c73d86a8c29\" href=\"https:\/\/zstv.cz\/wp-content\/uploads\/2022\/07\/popis_plastove_okno_vzor_vyplneni.docx\">Plastov\u00e9 okno &#8211; vzor vypln\u011bn\u00ed<\/a><a href=\"https:\/\/zstv.cz\/wp-content\/uploads\/2022\/07\/popis_plastove_okno_vzor_vyplneni.docx\" class=\"wp-block-file__button wp-element-button\" download aria-describedby=\"wp-block-file--media-95162ef4-7330-4731-bad1-5c73d86a8c29\">St\u00e1hnout<\/a><\/div>\n\n\n\n<p><\/p>\n\n\n\n<h5 class=\"wp-block-heading\">Dve\u0159e<\/h5>\n\n\n\n<p><\/p>\n\n\n\n<div class=\"wp-block-file\"><a id=\"wp-block-file--media-d238d148-d651-452a-9d5b-ba1bee483722\" href=\"https:\/\/zstv.cz\/wp-content\/uploads\/2022\/07\/popis_drevene_dvere_vchodove_ramove.docx\">D\u0159ev\u011bn\u00e9 dve\u0159e vchodov\u00e9 r\u00e1mov\u00e9<\/a><a href=\"https:\/\/zstv.cz\/wp-content\/uploads\/2022\/07\/popis_drevene_dvere_vchodove_ramove.docx\" class=\"wp-block-file__button wp-element-button\" download aria-describedby=\"wp-block-file--media-d238d148-d651-452a-9d5b-ba1bee483722\">St\u00e1hnout<\/a><\/div>\n\n\n\n<div class=\"wp-block-file\"><a id=\"wp-block-file--media-fdedbe6c-1a41-443c-bcc5-e40beca993e2\" href=\"https:\/\/zstv.cz\/wp-content\/uploads\/2022\/07\/popis_drevene_dvere_vchodove_ramove_vzor_vyplneni.docx\">D\u0159ev\u011bn\u00e9 dve\u0159e vchodov\u00e9 r\u00e1mov\u00e9 &#8211; vzor vypln\u011bn\u00ed<\/a><a href=\"https:\/\/zstv.cz\/wp-content\/uploads\/2022\/07\/popis_drevene_dvere_vchodove_ramove_vzor_vyplneni.docx\" class=\"wp-block-file__button wp-element-button\" download aria-describedby=\"wp-block-file--media-fdedbe6c-1a41-443c-bcc5-e40beca993e2\">St\u00e1hnout<\/a><\/div>\n\n\n\n<div class=\"wp-block-file\"><a id=\"wp-block-file--media-7a2d3473-99b8-4cb6-97bd-9e75bee024f7\" href=\"https:\/\/zstv.cz\/wp-content\/uploads\/2022\/07\/popis_drevene_dvere_vnejsi_sendvicove.docx\">D\u0159ev\u011bn\u00e9 dve\u0159e vn\u011bj\u0161\u00ed sendvi\u010dov\u00e9<\/a><a href=\"https:\/\/zstv.cz\/wp-content\/uploads\/2022\/07\/popis_drevene_dvere_vnejsi_sendvicove.docx\" class=\"wp-block-file__button wp-element-button\" download aria-describedby=\"wp-block-file--media-7a2d3473-99b8-4cb6-97bd-9e75bee024f7\">St\u00e1hnout<\/a><\/div>\n\n\n\n<div class=\"wp-block-file\"><a id=\"wp-block-file--media-66744f9b-4013-4852-b88a-5968414a30cf\" href=\"https:\/\/zstv.cz\/wp-content\/uploads\/2022\/07\/popis_drevene_dvere_vnejsi_sendvicove_vzor_vyplneni.docx\">D\u0159ev\u011bn\u00e9 dve\u0159e vn\u011bj\u0161\u00ed sendvi\u010dov\u00e9 &#8211; vzor vypln\u011bn\u00ed<\/a><a href=\"https:\/\/zstv.cz\/wp-content\/uploads\/2022\/07\/popis_drevene_dvere_vnejsi_sendvicove_vzor_vyplneni.docx\" class=\"wp-block-file__button wp-element-button\" download aria-describedby=\"wp-block-file--media-66744f9b-4013-4852-b88a-5968414a30cf\">St\u00e1hnout<\/a><\/div>\n\n\n\n<div class=\"wp-block-file\"><a id=\"wp-block-file--media-37fd3448-6e1d-4b10-959e-371478adf5a5\" href=\"https:\/\/zstv.cz\/wp-content\/uploads\/2022\/07\/popis_plastove_vchodove_dvere.docx\">Plastov\u00e9 vchodov\u00e9 dve\u0159e<\/a><a href=\"https:\/\/zstv.cz\/wp-content\/uploads\/2022\/07\/popis_plastove_vchodove_dvere.docx\" class=\"wp-block-file__button wp-element-button\" download aria-describedby=\"wp-block-file--media-37fd3448-6e1d-4b10-959e-371478adf5a5\">St\u00e1hnout<\/a><\/div>\n\n\n\n<div class=\"wp-block-file\"><a id=\"wp-block-file--media-cb154cb8-dd29-4cd3-9196-2c8fc63fadf8\" href=\"https:\/\/zstv.cz\/wp-content\/uploads\/2022\/07\/popis_plastove_vchodove_dvere_vzor_vyplneni.docx\">Plastov\u00e9 vchodov\u00e9 dve\u0159e &#8211; vzor vypln\u011bn\u00ed<\/a><a href=\"https:\/\/zstv.cz\/wp-content\/uploads\/2022\/07\/popis_plastove_vchodove_dvere_vzor_vyplneni.docx\" class=\"wp-block-file__button wp-element-button\" download aria-describedby=\"wp-block-file--media-cb154cb8-dd29-4cd3-9196-2c8fc63fadf8\">St\u00e1hnout<\/a><\/div>\n\n\n\n<p><\/p>\n","protected":false},"excerpt":{"rendered":"<p>\u017d\u00e1dosti, objedn\u00e1vky Popis v\u00fdrobku Okna Dve\u0159e<\/p>\n","protected":false},"author":3,"featured_media":0,"parent":0,"menu_order":0,"comment_status":"closed","ping_status":"closed","template":"","meta":{"footnotes":""},"class_list":["post-398","page","type-page","status-publish","hentry"],"yoast_head":"<!-- This site is optimized with the Yoast SEO plugin v27.4 - https:\/\/yoast.com\/product\/yoast-seo-wordpress\/ -->\n<title>Dokumenty ke sta\u017een\u00ed - Zku\u0161ebna stavebn\u011b truhl\u00e1\u0159sk\u00fdch v\u00fdrobk\u016f a n\u00e1bytku<\/title>\n<meta name=\"robots\" content=\"index, follow, max-snippet:-1, max-image-preview:large, max-video-preview:-1\" \/>\n<link rel=\"canonical\" href=\"https:\/\/zstv.cz\/?page_id=398\" \/>\n<meta property=\"og:locale\" content=\"cs_CZ\" \/>\n<meta property=\"og:type\" content=\"article\" \/>\n<meta property=\"og:title\" content=\"Dokumenty ke sta\u017een\u00ed - Zku\u0161ebna stavebn\u011b truhl\u00e1\u0159sk\u00fdch v\u00fdrobk\u016f a n\u00e1bytku\" \/>\n<meta property=\"og:description\" content=\"\u017d\u00e1dosti, objedn\u00e1vky Popis v\u00fdrobku Okna Dve\u0159e\" \/>\n<meta property=\"og:url\" content=\"https:\/\/zstv.cz\/?page_id=398\" \/>\n<meta property=\"og:site_name\" content=\"Zku\u0161ebna stavebn\u011b truhl\u00e1\u0159sk\u00fdch v\u00fdrobk\u016f a n\u00e1bytku\" \/>\n<meta property=\"article:modified_time\" content=\"2025-10-09T07:34:13+00:00\" \/>\n<meta name=\"twitter:card\" content=\"summary_large_image\" \/>\n<meta name=\"twitter:label1\" content=\"Odhadovan\u00e1 doba \u010dten\u00ed\" \/>\n\t<meta name=\"twitter:data1\" content=\"1 minuta\" \/>\n<script type=\"application\/ld+json\" class=\"yoast-schema-graph\">{\"@context\":\"https:\\\/\\\/schema.org\",\"@graph\":[{\"@type\":\"WebPage\",\"@id\":\"https:\\\/\\\/zstv.cz\\\/?page_id=398\",\"url\":\"https:\\\/\\\/zstv.cz\\\/?page_id=398\",\"name\":\"Dokumenty ke sta\u017een\u00ed - Zku\u0161ebna stavebn\u011b truhl\u00e1\u0159sk\u00fdch v\u00fdrobk\u016f a n\u00e1bytku\",\"isPartOf\":{\"@id\":\"https:\\\/\\\/zstv.cz\\\/#website\"},\"datePublished\":\"2021-08-11T11:30:23+00:00\",\"dateModified\":\"2025-10-09T07:34:13+00:00\",\"breadcrumb\":{\"@id\":\"https:\\\/\\\/zstv.cz\\\/?page_id=398#breadcrumb\"},\"inLanguage\":\"cs\",\"potentialAction\":[{\"@type\":\"ReadAction\",\"target\":[\"https:\\\/\\\/zstv.cz\\\/?page_id=398\"]}]},{\"@type\":\"BreadcrumbList\",\"@id\":\"https:\\\/\\\/zstv.cz\\\/?page_id=398#breadcrumb\",\"itemListElement\":[{\"@type\":\"ListItem\",\"position\":1,\"name\":\"Dom\u016f\",\"item\":\"https:\\\/\\\/zstv.cz\\\/\"},{\"@type\":\"ListItem\",\"position\":2,\"name\":\"Dokumenty ke sta\u017een\u00ed\"}]},{\"@type\":\"WebSite\",\"@id\":\"https:\\\/\\\/zstv.cz\\\/#website\",\"url\":\"https:\\\/\\\/zstv.cz\\\/\",\"name\":\"Zku\u0161ebna stavebn\u011b truhl\u00e1\u0159sk\u00fdch v\u00fdrobk\u016f a n\u00e1bytku\",\"description\":\"\",\"potentialAction\":[{\"@type\":\"SearchAction\",\"target\":{\"@type\":\"EntryPoint\",\"urlTemplate\":\"https:\\\/\\\/zstv.cz\\\/?s={search_term_string}\"},\"query-input\":{\"@type\":\"PropertyValueSpecification\",\"valueRequired\":true,\"valueName\":\"search_term_string\"}}],\"inLanguage\":\"cs\"}]}<\/script>\n<!-- \/ Yoast SEO plugin. -->","yoast_head_json":{"title":"Dokumenty ke sta\u017een\u00ed - Zku\u0161ebna stavebn\u011b truhl\u00e1\u0159sk\u00fdch v\u00fdrobk\u016f a n\u00e1bytku","robots":{"index":"index","follow":"follow","max-snippet":"max-snippet:-1","max-image-preview":"max-image-preview:large","max-video-preview":"max-video-preview:-1"},"canonical":"https:\/\/zstv.cz\/?page_id=398","og_locale":"cs_CZ","og_type":"article","og_title":"Dokumenty ke sta\u017een\u00ed - Zku\u0161ebna stavebn\u011b truhl\u00e1\u0159sk\u00fdch v\u00fdrobk\u016f a n\u00e1bytku","og_description":"\u017d\u00e1dosti, objedn\u00e1vky Popis v\u00fdrobku Okna Dve\u0159e","og_url":"https:\/\/zstv.cz\/?page_id=398","og_site_name":"Zku\u0161ebna stavebn\u011b truhl\u00e1\u0159sk\u00fdch v\u00fdrobk\u016f a n\u00e1bytku","article_modified_time":"2025-10-09T07:34:13+00:00","twitter_card":"summary_large_image","twitter_misc":{"Odhadovan\u00e1 doba \u010dten\u00ed":"1 minuta"},"schema":{"@context":"https:\/\/schema.org","@graph":[{"@type":"WebPage","@id":"https:\/\/zstv.cz\/?page_id=398","url":"https:\/\/zstv.cz\/?page_id=398","name":"Dokumenty ke sta\u017een\u00ed - Zku\u0161ebna stavebn\u011b truhl\u00e1\u0159sk\u00fdch v\u00fdrobk\u016f a n\u00e1bytku","isPartOf":{"@id":"https:\/\/zstv.cz\/#website"},"datePublished":"2021-08-11T11:30:23+00:00","dateModified":"2025-10-09T07:34:13+00:00","breadcrumb":{"@id":"https:\/\/zstv.cz\/?page_id=398#breadcrumb"},"inLanguage":"cs","potentialAction":[{"@type":"ReadAction","target":["https:\/\/zstv.cz\/?page_id=398"]}]},{"@type":"BreadcrumbList","@id":"https:\/\/zstv.cz\/?page_id=398#breadcrumb","itemListElement":[{"@type":"ListItem","position":1,"name":"Dom\u016f","item":"https:\/\/zstv.cz\/"},{"@type":"ListItem","position":2,"name":"Dokumenty ke sta\u017een\u00ed"}]},{"@type":"WebSite","@id":"https:\/\/zstv.cz\/#website","url":"https:\/\/zstv.cz\/","name":"Zku\u0161ebna stavebn\u011b truhl\u00e1\u0159sk\u00fdch v\u00fdrobk\u016f a n\u00e1bytku","description":"","potentialAction":[{"@type":"SearchAction","target":{"@type":"EntryPoint","urlTemplate":"https:\/\/zstv.cz\/?s={search_term_string}"},"query-input":{"@type":"PropertyValueSpecification","valueRequired":true,"valueName":"search_term_string"}}],"inLanguage":"cs"}]}},"_links":{"self":[{"href":"https:\/\/zstv.cz\/index.php?rest_route=\/wp\/v2\/pages\/398","targetHints":{"allow":["GET"]}}],"collection":[{"href":"https:\/\/zstv.cz\/index.php?rest_route=\/wp\/v2\/pages"}],"about":[{"href":"https:\/\/zstv.cz\/index.php?rest_route=\/wp\/v2\/types\/page"}],"author":[{"embeddable":true,"href":"https:\/\/zstv.cz\/index.php?rest_route=\/wp\/v2\/users\/3"}],"replies":[{"embeddable":true,"href":"https:\/\/zstv.cz\/index.php?rest_route=%2Fwp%2Fv2%2Fcomments&post=398"}],"version-history":[{"count":21,"href":"https:\/\/zstv.cz\/index.php?rest_route=\/wp\/v2\/pages\/398\/revisions"}],"predecessor-version":[{"id":1726,"href":"https:\/\/zstv.cz\/index.php?rest_route=\/wp\/v2\/pages\/398\/revisions\/1726"}],"wp:attachment":[{"href":"https:\/\/zstv.cz\/index.php?rest_route=%2Fwp%2Fv2%2Fmedia&parent=398"}],"curies":[{"name":"wp","href":"https:\/\/api.w.org\/{rel}","templated":true}]}}