{"id":390,"date":"2021-08-06T13:00:06","date_gmt":"2021-08-06T11:00:06","guid":{"rendered":"https:\/\/rumex.mendelu.cz\/zstv\/?page_id=390"},"modified":"2025-09-22T08:31:12","modified_gmt":"2025-09-22T06:31:12","slug":"kontakty","status":"publish","type":"page","link":"https:\/\/zstv.cz\/?page_id=390","title":{"rendered":"Kontakty &#8211; Zku\u0161ebna STV Zl\u00edn"},"content":{"rendered":"\n<p>Mendelova univerzita v Brn\u011b<br>Zem\u011bd\u011blsk\u00e1 1<br>613 00 Brno<br>I\u010c: 62156489; DI\u010c: CZ62156489<\/p>\n\n\n\n<p><strong>Bankovn\u00ed spojen\u00ed<\/strong><br>Komer\u010dn\u00ed banka Brno\u010d\u00edslo \u00fa\u010dtu: 7200310267\/0100<br>IBAN: CZ70 0100 0000 0072 0031 0267<br>BIC (SWIFT): KOMBCZPPXXX<\/p>\n\n\n\n<p><strong>Pracovi\u0161t\u011b:<\/strong><br>Zku\u0161ebna stavebn\u011b truhl\u00e1\u0159sk\u00fdch v\u00fdrobk\u016f<br>K Ciheln\u011b 304<br>Louky<br>763 02 Zl\u00edn<br><br>telefon: +420 770 139 713 &nbsp;&nbsp;&nbsp; (v pracovn\u00ed dny 8 &#8211; 15 hod.)<br>e-mail:&nbsp;<a href=\"mailto:info@zstv.cz\">info@zstv.cz<\/a><\/p>\n\n\n\n<p><\/p>\n\n\n\n<p><\/p>\n\n\n<div id=\"pl-gb390-69f0b4948b68b\"  class=\"panel-layout\" ><div id=\"pg-gb390-69f0b4948b68b-0\"  class=\"panel-grid panel-no-style\" ><div id=\"pgc-gb390-69f0b4948b68b-0-0\"  class=\"panel-grid-cell\" ><div id=\"panel-gb390-69f0b4948b68b-0-0-0\" class=\"so-panel widget widget_text panel-first-child panel-last-child\" data-index=\"0\" >\t\t\t<div class=\"textwidget\"><p><img decoding=\"async\" class=\"size-full wp-image-1026 aligncenter lazyload\" data-src=\"https:\/\/rumex.mendelu.cz\/zstv\/wp-content\/uploads\/2021\/06\/SP_1790.jpg\" alt=\"\" width=\"200\" height=\"267\" src=\"data:image\/svg+xml;base64,PHN2ZyB3aWR0aD0iMSIgaGVpZ2h0PSIxIiB4bWxucz0iaHR0cDovL3d3dy53My5vcmcvMjAwMC9zdmciPjwvc3ZnPg==\" style=\"--smush-placeholder-width: 200px; --smush-placeholder-aspect-ratio: 200\/267;\" \/><\/p>\n<\/div>\n\t\t<\/div><\/div><div id=\"pgc-gb390-69f0b4948b68b-0-1\"  class=\"panel-grid-cell\" ><div id=\"panel-gb390-69f0b4948b68b-0-1-0\" class=\"so-panel widget widget_text panel-first-child panel-last-child\" data-index=\"1\" >\t\t\t<div class=\"textwidget\"><figure class=\"wp-block-table alignwide is-style-stripes\">\n<table>\n<tbody>\n<tr>\n<td><strong>Ing. Petr Sl\u00e1\u010d\u00edk<\/strong><\/td>\n<\/tr>\n<tr>\n<td>vedouc\u00ed Zku\u0161ebny stavebn\u011b truhl\u00e1\u0159sk\u00fdch v\u00fdrobk\u016f ve Zl\u00edn\u011b<\/td>\n<\/tr>\n<tr>\n<td>mobil: +420 739 555 328<\/td>\n<\/tr>\n<tr>\n<td>e-mail: <a href=\"mailto:petr.slacik@zstv.cz\">petr.slacik@zstv.cz<\/a><\/td>\n<\/tr>\n<\/tbody>\n<\/table>\n<\/figure>\n<\/div>\n\t\t<\/div><\/div><\/div><\/div>\n\n<div id=\"pl-gb390-69f0b4948c3cb\"  class=\"panel-layout\" ><div id=\"pg-gb390-69f0b4948c3cb-0\"  class=\"panel-grid panel-no-style\" ><div id=\"pgc-gb390-69f0b4948c3cb-0-0\"  class=\"panel-grid-cell\" ><div id=\"panel-gb390-69f0b4948c3cb-0-0-0\" class=\"so-panel widget widget_text panel-first-child panel-last-child\" data-index=\"0\" >\t\t\t<div class=\"textwidget\"><p><img decoding=\"async\" class=\"size-full wp-image-1063 aligncenter lazyload\" data-src=\"https:\/\/rumex.mendelu.cz\/zstv\/wp-content\/uploads\/2021\/06\/BJ_1809.jpg\" alt=\"\" width=\"200\" height=\"267\" src=\"data:image\/svg+xml;base64,PHN2ZyB3aWR0aD0iMSIgaGVpZ2h0PSIxIiB4bWxucz0iaHR0cDovL3d3dy53My5vcmcvMjAwMC9zdmciPjwvc3ZnPg==\" style=\"--smush-placeholder-width: 200px; --smush-placeholder-aspect-ratio: 200\/267;\" \/><\/p>\n<\/div>\n\t\t<\/div><\/div><div id=\"pgc-gb390-69f0b4948c3cb-0-1\"  class=\"panel-grid-cell\" ><div id=\"panel-gb390-69f0b4948c3cb-0-1-0\" class=\"so-panel widget widget_text panel-first-child panel-last-child\" data-index=\"1\" >\t\t\t<div class=\"textwidget\"><figure class=\"wp-block-table alignwide is-style-stripes\">\n<table>\n<tbody>\n<tr>\n<td><strong>Jana Barcuchov\u00e1<\/strong><\/td>\n<\/tr>\n<tr>\n<td>sekretari\u00e1t, ekonomick\u00e9 odd\u011blen\u00ed<\/td>\n<\/tr>\n<tr>\n<td>mobil: +420 606 056 341<\/td>\n<\/tr>\n<tr>\n<td>e-mail: <a href=\"mailto:jana.barcuchova@zstv.cz\">jana.barcuchova@zstv.cz<\/a><\/td>\n<\/tr>\n<\/tbody>\n<\/table>\n<\/figure>\n<\/div>\n\t\t<\/div><\/div><\/div><\/div>\n\n<div id=\"pl-gb390-69f0b4948cc3f\"  class=\"panel-layout\" ><div id=\"pg-gb390-69f0b4948cc3f-0\"  class=\"panel-grid panel-no-style\" ><div id=\"pgc-gb390-69f0b4948cc3f-0-0\"  class=\"panel-grid-cell\" ><div id=\"panel-gb390-69f0b4948cc3f-0-0-0\" class=\"so-panel widget widget_text panel-first-child panel-last-child\" data-index=\"0\" >\t\t\t<div class=\"textwidget\"><p><img decoding=\"async\" class=\"size-full wp-image-979 aligncenter lazyload\" data-src=\"https:\/\/rumex.mendelu.cz\/zstv\/wp-content\/uploads\/2021\/06\/MP_1826.jpg\" alt=\"\" width=\"200\" height=\"267\" src=\"data:image\/svg+xml;base64,PHN2ZyB3aWR0aD0iMSIgaGVpZ2h0PSIxIiB4bWxucz0iaHR0cDovL3d3dy53My5vcmcvMjAwMC9zdmciPjwvc3ZnPg==\" style=\"--smush-placeholder-width: 200px; --smush-placeholder-aspect-ratio: 200\/267;\" \/><\/p>\n<\/div>\n\t\t<\/div><\/div><div id=\"pgc-gb390-69f0b4948cc3f-0-1\"  class=\"panel-grid-cell\" ><div id=\"panel-gb390-69f0b4948cc3f-0-1-0\" class=\"so-panel widget widget_text panel-first-child panel-last-child\" data-index=\"1\" >\t\t\t<div class=\"textwidget\"><figure class=\"wp-block-table alignwide is-style-stripes\">\n<table>\n<tbody>\n<tr>\n<td><strong>Ing. Petr Mit\u00e1\u010dek<\/strong><\/td>\n<\/tr>\n<tr>\n<td>posuzov\u00e1n\u00ed shody a certifikace stavebn\u00edho d\u0159\u00edv\u00ed a podlahovin<\/td>\n<\/tr>\n<tr>\n<td>mobil: +420 739 555 327<\/td>\n<\/tr>\n<tr>\n<td>e-mail: <a href=\"mailto:petr.mitacek@zstv.cz\">petr.mitacek@zstv.cz<\/a><\/td>\n<\/tr>\n<\/tbody>\n<\/table>\n<\/figure>\n<\/div>\n\t\t<\/div><\/div><\/div><\/div>\n\n<div id=\"pl-gb390-69f0b4948d3fc\"  class=\"panel-layout\" ><div id=\"pg-gb390-69f0b4948d3fc-0\"  class=\"panel-grid panel-no-style\" ><div id=\"pgc-gb390-69f0b4948d3fc-0-0\"  class=\"panel-grid-cell\" ><div id=\"panel-gb390-69f0b4948d3fc-0-0-0\" class=\"so-panel widget widget_text panel-first-child panel-last-child\" data-index=\"0\" >\t\t\t<div class=\"textwidget\"><p><img decoding=\"async\" class=\"size-full wp-image-1009 aligncenter lazyload\" data-src=\"https:\/\/rumex.mendelu.cz\/zstv\/wp-content\/uploads\/2021\/06\/ZM_1843.jpg\" alt=\"\" width=\"200\" height=\"267\" src=\"data:image\/svg+xml;base64,PHN2ZyB3aWR0aD0iMSIgaGVpZ2h0PSIxIiB4bWxucz0iaHR0cDovL3d3dy53My5vcmcvMjAwMC9zdmciPjwvc3ZnPg==\" style=\"--smush-placeholder-width: 200px; --smush-placeholder-aspect-ratio: 200\/267;\" \/><\/p>\n<\/div>\n\t\t<\/div><\/div><div id=\"pgc-gb390-69f0b4948d3fc-0-1\"  class=\"panel-grid-cell\" ><div id=\"panel-gb390-69f0b4948d3fc-0-1-0\" class=\"so-panel widget widget_text panel-first-child panel-last-child\" data-index=\"1\" >\t\t\t<div class=\"textwidget\"><figure class=\"wp-block-table alignwide is-style-stripes\">\n<table>\n<tbody>\n<tr>\n<td><strong>Ing. Miroslav Zapletal, Ph.D.<\/strong><\/td>\n<\/tr>\n<tr>\n<td>certifikace po\u017e\u00e1rn\u00edch uz\u00e1v\u011br\u016f, posuzov\u00e1n\u00ed shody otvorov\u00fdch v\u00fdpln\u00ed<\/td>\n<\/tr>\n<tr>\n<td>mobil: +420 606 056 342<\/td>\n<\/tr>\n<tr>\n<td>e-mail: <a href=\"mailto:mira.zapletal@zstv.cz\">mira.zapletal@zstv.cz<\/a><\/td>\n<\/tr>\n<\/tbody>\n<\/table>\n<\/figure>\n<\/div>\n\t\t<\/div><\/div><\/div><\/div>\n\n<div id=\"pl-gb390-69f0b4948dba4\"  class=\"panel-layout\" ><div id=\"pg-gb390-69f0b4948dba4-0\"  class=\"panel-grid panel-no-style\" ><div id=\"pgc-gb390-69f0b4948dba4-0-0\"  class=\"panel-grid-cell\" ><div id=\"panel-gb390-69f0b4948dba4-0-0-0\" class=\"so-panel widget widget_text panel-first-child panel-last-child\" data-index=\"0\" >\t\t\t<div class=\"textwidget\"><p><img decoding=\"async\" class=\"size-full wp-image-1064 aligncenter lazyload\" data-src=\"https:\/\/rumex.mendelu.cz\/zstv\/wp-content\/uploads\/2021\/06\/HM_1837.jpg\" alt=\"\" width=\"200\" height=\"267\" src=\"data:image\/svg+xml;base64,PHN2ZyB3aWR0aD0iMSIgaGVpZ2h0PSIxIiB4bWxucz0iaHR0cDovL3d3dy53My5vcmcvMjAwMC9zdmciPjwvc3ZnPg==\" style=\"--smush-placeholder-width: 200px; --smush-placeholder-aspect-ratio: 200\/267;\" \/><\/p>\n<\/div>\n\t\t<\/div><\/div><div id=\"pgc-gb390-69f0b4948dba4-0-1\"  class=\"panel-grid-cell\" ><div id=\"panel-gb390-69f0b4948dba4-0-1-0\" class=\"so-panel widget widget_text panel-first-child panel-last-child\" data-index=\"1\" >\t\t\t<div class=\"textwidget\"><figure class=\"wp-block-table alignwide is-style-stripes\">\n<table>\n<tbody>\n<tr>\n<td><strong>Ing. Milan Helegda, Ph.D.<\/strong><\/td>\n<\/tr>\n<tr>\n<td>certifikace po\u017e\u00e1rn\u00edch uz\u00e1v\u011br\u016f, posuzov\u00e1n\u00ed shody otvorov\u00fdch v\u00fdpln\u00ed<\/td>\n<\/tr>\n<tr>\n<td>mobil: +420 778 525 036<\/td>\n<\/tr>\n<tr>\n<td>e-mail: <a href=\"mailto:milan.helegda@zstv.cz\">milan.helegda@zstv.cz<\/a><\/td>\n<\/tr>\n<\/tbody>\n<\/table>\n<\/figure>\n<\/div>\n\t\t<\/div><\/div><\/div><\/div>\n\n<div id=\"pl-gb390-69f0b4948e35c\"  class=\"panel-layout\" ><div id=\"pg-gb390-69f0b4948e35c-0\"  class=\"panel-grid panel-no-style\" ><div id=\"pgc-gb390-69f0b4948e35c-0-0\"  class=\"panel-grid-cell\" ><div id=\"panel-gb390-69f0b4948e35c-0-0-0\" class=\"so-panel widget widget_text panel-first-child panel-last-child\" data-index=\"0\" >\t\t\t<div class=\"textwidget\"><p><img decoding=\"async\" class=\"size-full wp-image-1069 aligncenter lazyload\" data-src=\"https:\/\/rumex.mendelu.cz\/zstv\/wp-content\/uploads\/2021\/06\/VL_1866.jpg\" alt=\"\" width=\"200\" height=\"267\" src=\"data:image\/svg+xml;base64,PHN2ZyB3aWR0aD0iMSIgaGVpZ2h0PSIxIiB4bWxucz0iaHR0cDovL3d3dy53My5vcmcvMjAwMC9zdmciPjwvc3ZnPg==\" style=\"--smush-placeholder-width: 200px; --smush-placeholder-aspect-ratio: 200\/267;\" \/><\/p>\n<\/div>\n\t\t<\/div><\/div><div id=\"pgc-gb390-69f0b4948e35c-0-1\"  class=\"panel-grid-cell\" ><div id=\"panel-gb390-69f0b4948e35c-0-1-0\" class=\"so-panel widget widget_text panel-first-child panel-last-child\" data-index=\"1\" >\t\t\t<div class=\"textwidget\"><figure class=\"wp-block-table alignwide is-style-stripes\">\n<table>\n<tbody>\n<tr>\n<td><strong>Ing. Ladislav Vendl<\/strong><\/td>\n<\/tr>\n<tr>\n<td>certifikace po\u017e\u00e1rn\u00edch uz\u00e1v\u011br\u016f<\/td>\n<\/tr>\n<tr>\n<td>mobil: +420 778 525 024<\/td>\n<\/tr>\n<tr>\n<td>e-mail: <a href=\"mailto:ladislav.vendl@zstv.cz\">ladislav.vendl@zstv.cz<\/a><\/td>\n<\/tr>\n<\/tbody>\n<\/table>\n<\/figure>\n<\/div>\n\t\t<\/div><\/div><\/div><\/div>\n\n<div id=\"pl-gb390-69f0b4948eb48\"  class=\"panel-layout\" ><div id=\"pg-gb390-69f0b4948eb48-0\"  class=\"panel-grid panel-no-style\" ><div id=\"pgc-gb390-69f0b4948eb48-0-0\"  class=\"panel-grid-cell\" ><div id=\"panel-gb390-69f0b4948eb48-0-0-0\" class=\"so-panel widget widget_text panel-first-child panel-last-child\" data-index=\"0\" >\t\t\t<div class=\"textwidget\"><p><img decoding=\"async\" class=\"size-full wp-image-1015 aligncenter lazyload\" data-src=\"https:\/\/rumex.mendelu.cz\/zstv\/wp-content\/uploads\/2021\/06\/KT_1816.jpg\" alt=\"\" width=\"200\" height=\"267\" src=\"data:image\/svg+xml;base64,PHN2ZyB3aWR0aD0iMSIgaGVpZ2h0PSIxIiB4bWxucz0iaHR0cDovL3d3dy53My5vcmcvMjAwMC9zdmciPjwvc3ZnPg==\" style=\"--smush-placeholder-width: 200px; --smush-placeholder-aspect-ratio: 200\/267;\" \/><\/p>\n<\/div>\n\t\t<\/div><\/div><div id=\"pgc-gb390-69f0b4948eb48-0-1\"  class=\"panel-grid-cell\" ><div id=\"panel-gb390-69f0b4948eb48-0-1-0\" class=\"so-panel widget widget_text panel-first-child panel-last-child\" data-index=\"1\" >\t\t\t<div class=\"textwidget\"><figure class=\"wp-block-table alignwide is-style-stripes\">\n<table>\n<tbody>\n<tr>\n<td><strong>Ing. Tom\u00e1\u0161 Kocfelda<\/strong><\/td>\n<\/tr>\n<tr>\n<td>slu\u017eby laborato\u0159e, m\u011b\u0159en\u00ed v ter\u00e9nu, BlowerDoor test, metrologie<\/td>\n<\/tr>\n<tr>\n<td>mobil: +420 739 555 329<\/td>\n<\/tr>\n<tr>\n<td>e-mail: <a href=\"mailto:tomas.kocfelda@zstv.cz\">tomas.kocfelda@zstv.cz<\/a><\/td>\n<\/tr>\n<\/tbody>\n<\/table>\n<\/figure>\n<\/div>\n\t\t<\/div><\/div><\/div><\/div>\n\n<div id=\"pl-gb390-69f0b4948f2f4\"  class=\"panel-layout\" ><div id=\"pg-gb390-69f0b4948f2f4-0\"  class=\"panel-grid panel-no-style\" ><div id=\"pgc-gb390-69f0b4948f2f4-0-0\"  class=\"panel-grid-cell\" ><div id=\"panel-gb390-69f0b4948f2f4-0-0-0\" class=\"so-panel widget widget_text panel-first-child panel-last-child\" data-index=\"0\" >\t\t\t<div class=\"textwidget\"><p><img decoding=\"async\" class=\"size-full wp-image-1116 aligncenter lazyload\" data-src=\"https:\/\/rumex.mendelu.cz\/zstv\/wp-content\/uploads\/2021\/06\/KM_1859.jpg\" alt=\"\" width=\"200\" height=\"267\" src=\"data:image\/svg+xml;base64,PHN2ZyB3aWR0aD0iMSIgaGVpZ2h0PSIxIiB4bWxucz0iaHR0cDovL3d3dy53My5vcmcvMjAwMC9zdmciPjwvc3ZnPg==\" style=\"--smush-placeholder-width: 200px; --smush-placeholder-aspect-ratio: 200\/267;\" \/><\/p>\n<\/div>\n\t\t<\/div><\/div><div id=\"pgc-gb390-69f0b4948f2f4-0-1\"  class=\"panel-grid-cell\" ><div id=\"panel-gb390-69f0b4948f2f4-0-1-0\" class=\"so-panel widget widget_text panel-first-child panel-last-child\" data-index=\"1\" >\t\t\t<div class=\"textwidget\"><figure class=\"wp-block-table alignwide is-style-stripes\">\n<table>\n<tbody>\n<tr>\n<td><strong>Miroslav Ko\u0159\u00edstka<\/strong><\/td>\n<\/tr>\n<tr>\n<td>slu\u017eby laborato\u0159e, posuzov\u00e1n\u00ed shody otvorov\u00fdch v\u00fdpln\u00ed<\/td>\n<\/tr>\n<tr>\n<td>mobil: +420 778 464 624<\/td>\n<\/tr>\n<tr>\n<td>e-mail: <a href=\"mailto:miroslav.koristka@zstv.cz\">miroslav.koristka@zstv.cz<\/a><\/td>\n<\/tr>\n<\/tbody>\n<\/table>\n<\/figure>\n<\/div>\n\t\t<\/div><\/div><\/div><\/div>\n\n<div id=\"pl-gb390-69f0b4948fab3\"  class=\"panel-layout\" ><div id=\"pg-gb390-69f0b4948fab3-0\"  class=\"panel-grid panel-no-style\" ><div id=\"pgc-gb390-69f0b4948fab3-0-0\"  class=\"panel-grid-cell\" ><div id=\"panel-gb390-69f0b4948fab3-0-0-0\" class=\"so-panel widget widget_text panel-first-child panel-last-child\" data-index=\"0\" >\t\t\t<div class=\"textwidget\"><p><img decoding=\"async\" class=\"size-full wp-image-1535 aligncenter lazyload\" data-src=\"https:\/\/zstv.cz\/wp-content\/uploads\/2022\/01\/HM.jpg\" alt=\"\" width=\"200\" height=\"267\" src=\"data:image\/svg+xml;base64,PHN2ZyB3aWR0aD0iMSIgaGVpZ2h0PSIxIiB4bWxucz0iaHR0cDovL3d3dy53My5vcmcvMjAwMC9zdmciPjwvc3ZnPg==\" style=\"--smush-placeholder-width: 200px; --smush-placeholder-aspect-ratio: 200\/267;\" \/><\/p>\n<\/div>\n\t\t<\/div><\/div><div id=\"pgc-gb390-69f0b4948fab3-0-1\"  class=\"panel-grid-cell\" ><div id=\"panel-gb390-69f0b4948fab3-0-1-0\" class=\"so-panel widget widget_text panel-first-child panel-last-child\" data-index=\"1\" >\t\t\t<div class=\"textwidget\"><figure class=\"wp-block-table alignwide is-style-stripes\">\n<table>\n<tbody>\n<tr>\n<td><strong>Ing. Matou\u0161 Helegda, Ph.D.<\/strong><\/td>\n<\/tr>\n<tr>\n<td>certifikace po\u017e\u00e1rn\u00edch uz\u00e1v\u011br\u016f<\/td>\n<\/tr>\n<tr>\n<td>mobil: +420 608 550 722<\/td>\n<\/tr>\n<tr>\n<td>e-mail: <a href=\"mailto:matous.helegda@zstv.cz\">matous.helegda@zstv.cz<\/a><\/td>\n<\/tr>\n<\/tbody>\n<\/table>\n<\/figure>\n<\/div>\n\t\t<\/div><\/div><\/div><\/div>\n\n<div id=\"pl-gb390-69f0b4949028e\"  class=\"panel-layout\" ><div id=\"pg-gb390-69f0b4949028e-0\"  class=\"panel-grid panel-no-style\" ><div id=\"pgc-gb390-69f0b4949028e-0-0\"  class=\"panel-grid-cell\" ><div id=\"panel-gb390-69f0b4949028e-0-0-0\" class=\"so-panel widget widget_text panel-first-child panel-last-child\" data-index=\"0\" >\t\t\t<div class=\"textwidget\"><p><img decoding=\"async\" class=\"alignnone wp-image-1174 size-full lazyload\" data-src=\"https:\/\/zstv.cz\/wp-content\/uploads\/2021\/07\/anonym.png\" alt=\"\" width=\"255\" height=\"256\" data-srcset=\"https:\/\/zstv.cz\/wp-content\/uploads\/2021\/07\/anonym.png 255w, https:\/\/zstv.cz\/wp-content\/uploads\/2021\/07\/anonym-150x150.png 150w\" data-sizes=\"(max-width: 255px) 100vw, 255px\" src=\"data:image\/svg+xml;base64,PHN2ZyB3aWR0aD0iMSIgaGVpZ2h0PSIxIiB4bWxucz0iaHR0cDovL3d3dy53My5vcmcvMjAwMC9zdmciPjwvc3ZnPg==\" style=\"--smush-placeholder-width: 255px; --smush-placeholder-aspect-ratio: 255\/256;\" \/><\/p>\n<\/div>\n\t\t<\/div><\/div><div id=\"pgc-gb390-69f0b4949028e-0-1\"  class=\"panel-grid-cell\" ><div id=\"panel-gb390-69f0b4949028e-0-1-0\" class=\"so-panel widget widget_text panel-first-child panel-last-child\" data-index=\"1\" >\t\t\t<div class=\"textwidget\"><figure class=\"wp-block-table alignwide is-style-stripes\">\n<table>\n<tbody>\n<tr>\n<td><strong>Ing. Luk\u00e1\u0161 Vyoral<\/strong><\/td>\n<\/tr>\n<tr>\n<td>technik zku\u0161ebn\u00ed laborato\u0159e<\/td>\n<\/tr>\n<tr>\n<td>mobil: +420 702 082 928<\/td>\n<\/tr>\n<tr>\n<td>e-mail: <a href=\"mailto:lukas.vyoral@zstv.cz\">lukas.vyoral@zstv.cz<\/a><\/td>\n<\/tr>\n<\/tbody>\n<\/table>\n<\/figure>\n<\/div>\n\t\t<\/div><\/div><\/div><\/div>\n\n\n<p><\/p>\n\n\n\n<h2 class=\"wp-block-heading\">Jak se k n\u00e1m dostat?<\/h2>\n\n\n\n\n\n<iframe style=\"border:none\" data-src=\"https:\/\/frame.mapy.cz\/s\/ceteluhane\" width=\"400\" height=\"280\" frameborder=\"0\" src=\"data:image\/svg+xml;base64,PHN2ZyB3aWR0aD0iMSIgaGVpZ2h0PSIxIiB4bWxucz0iaHR0cDovL3d3dy53My5vcmcvMjAwMC9zdmciPjwvc3ZnPg==\" class=\"lazyload\" data-load-mode=\"1\"><\/iframe>\n\n\n\n<p><\/p>\n\n\n\n<p>\u00dasp\u011b\u0161n\u011b dorazit k na\u0161im dve\u0159\u00edm v\u00e1m pom\u016f\u017ee i <a href=\"https:\/\/my.matterport.com\/show\/?m=1AMFHRp8TGU\">virtu\u00e1ln\u00ed prohl\u00eddka<\/a>.<\/p>\n","protected":false},"excerpt":{"rendered":"<p>Mendelova univerzita v Brn\u011bZem\u011bd\u011blsk\u00e1 1613 00 BrnoI\u010c: 62156489; DI\u010c: CZ62156489 Bankovn\u00ed spojen\u00edKomer\u010dn\u00ed banka Brno\u010d\u00edslo \u00fa\u010dtu: 7200310267\/0100IBAN: CZ70 0100 0000 0072 [&hellip;]<\/p>\n","protected":false},"author":3,"featured_media":0,"parent":0,"menu_order":0,"comment_status":"closed","ping_status":"closed","template":"","meta":{"footnotes":""},"class_list":["post-390","page","type-page","status-publish","hentry"],"yoast_head":"<!-- This site is optimized with the Yoast SEO plugin v27.4 - https:\/\/yoast.com\/product\/yoast-seo-wordpress\/ -->\n<title>Kontakty - Zku\u0161ebna STV Zl\u00edn - Zku\u0161ebna stavebn\u011b truhl\u00e1\u0159sk\u00fdch v\u00fdrobk\u016f a n\u00e1bytku<\/title>\n<meta name=\"robots\" content=\"index, follow, max-snippet:-1, max-image-preview:large, max-video-preview:-1\" \/>\n<link rel=\"canonical\" href=\"https:\/\/zstv.cz\/?page_id=390\" \/>\n<meta property=\"og:locale\" content=\"cs_CZ\" \/>\n<meta property=\"og:type\" content=\"article\" \/>\n<meta property=\"og:title\" content=\"Kontakty - Zku\u0161ebna STV Zl\u00edn - Zku\u0161ebna stavebn\u011b truhl\u00e1\u0159sk\u00fdch v\u00fdrobk\u016f a n\u00e1bytku\" \/>\n<meta property=\"og:description\" content=\"Mendelova univerzita v Brn\u011bZem\u011bd\u011blsk\u00e1 1613 00 BrnoI\u010c: 62156489; DI\u010c: CZ62156489 Bankovn\u00ed spojen\u00edKomer\u010dn\u00ed banka Brno\u010d\u00edslo \u00fa\u010dtu: 7200310267\/0100IBAN: CZ70 0100 0000 0072 [&hellip;]\" \/>\n<meta property=\"og:url\" content=\"https:\/\/zstv.cz\/?page_id=390\" \/>\n<meta property=\"og:site_name\" content=\"Zku\u0161ebna stavebn\u011b truhl\u00e1\u0159sk\u00fdch v\u00fdrobk\u016f a n\u00e1bytku\" \/>\n<meta property=\"article:modified_time\" content=\"2025-09-22T06:31:12+00:00\" \/>\n<meta property=\"og:image\" content=\"https:\/\/rumex.mendelu.cz\/zstv\/wp-content\/uploads\/2021\/06\/SP_1790.jpg\" \/>\n<meta name=\"twitter:card\" content=\"summary_large_image\" \/>\n<meta name=\"twitter:label1\" content=\"Odhadovan\u00e1 doba \u010dten\u00ed\" \/>\n\t<meta name=\"twitter:data1\" content=\"4 minuty\" \/>\n<script type=\"application\/ld+json\" class=\"yoast-schema-graph\">{\"@context\":\"https:\\\/\\\/schema.org\",\"@graph\":[{\"@type\":\"WebPage\",\"@id\":\"https:\\\/\\\/zstv.cz\\\/?page_id=390\",\"url\":\"https:\\\/\\\/zstv.cz\\\/?page_id=390\",\"name\":\"Kontakty - Zku\u0161ebna STV Zl\u00edn - Zku\u0161ebna stavebn\u011b truhl\u00e1\u0159sk\u00fdch v\u00fdrobk\u016f a n\u00e1bytku\",\"isPartOf\":{\"@id\":\"https:\\\/\\\/zstv.cz\\\/#website\"},\"primaryImageOfPage\":{\"@id\":\"https:\\\/\\\/zstv.cz\\\/?page_id=390#primaryimage\"},\"image\":{\"@id\":\"https:\\\/\\\/zstv.cz\\\/?page_id=390#primaryimage\"},\"thumbnailUrl\":\"https:\\\/\\\/rumex.mendelu.cz\\\/zstv\\\/wp-content\\\/uploads\\\/2021\\\/06\\\/SP_1790.jpg\",\"datePublished\":\"2021-08-06T11:00:06+00:00\",\"dateModified\":\"2025-09-22T06:31:12+00:00\",\"breadcrumb\":{\"@id\":\"https:\\\/\\\/zstv.cz\\\/?page_id=390#breadcrumb\"},\"inLanguage\":\"cs\",\"potentialAction\":[{\"@type\":\"ReadAction\",\"target\":[\"https:\\\/\\\/zstv.cz\\\/?page_id=390\"]}]},{\"@type\":\"ImageObject\",\"inLanguage\":\"cs\",\"@id\":\"https:\\\/\\\/zstv.cz\\\/?page_id=390#primaryimage\",\"url\":\"https:\\\/\\\/rumex.mendelu.cz\\\/zstv\\\/wp-content\\\/uploads\\\/2021\\\/06\\\/SP_1790.jpg\",\"contentUrl\":\"https:\\\/\\\/rumex.mendelu.cz\\\/zstv\\\/wp-content\\\/uploads\\\/2021\\\/06\\\/SP_1790.jpg\"},{\"@type\":\"BreadcrumbList\",\"@id\":\"https:\\\/\\\/zstv.cz\\\/?page_id=390#breadcrumb\",\"itemListElement\":[{\"@type\":\"ListItem\",\"position\":1,\"name\":\"Dom\u016f\",\"item\":\"https:\\\/\\\/zstv.cz\\\/\"},{\"@type\":\"ListItem\",\"position\":2,\"name\":\"Kontakty &#8211; Zku\u0161ebna STV Zl\u00edn\"}]},{\"@type\":\"WebSite\",\"@id\":\"https:\\\/\\\/zstv.cz\\\/#website\",\"url\":\"https:\\\/\\\/zstv.cz\\\/\",\"name\":\"Zku\u0161ebna stavebn\u011b truhl\u00e1\u0159sk\u00fdch v\u00fdrobk\u016f a n\u00e1bytku\",\"description\":\"\",\"potentialAction\":[{\"@type\":\"SearchAction\",\"target\":{\"@type\":\"EntryPoint\",\"urlTemplate\":\"https:\\\/\\\/zstv.cz\\\/?s={search_term_string}\"},\"query-input\":{\"@type\":\"PropertyValueSpecification\",\"valueRequired\":true,\"valueName\":\"search_term_string\"}}],\"inLanguage\":\"cs\"}]}<\/script>\n<!-- \/ Yoast SEO plugin. -->","yoast_head_json":{"title":"Kontakty - Zku\u0161ebna STV Zl\u00edn - Zku\u0161ebna stavebn\u011b truhl\u00e1\u0159sk\u00fdch v\u00fdrobk\u016f a n\u00e1bytku","robots":{"index":"index","follow":"follow","max-snippet":"max-snippet:-1","max-image-preview":"max-image-preview:large","max-video-preview":"max-video-preview:-1"},"canonical":"https:\/\/zstv.cz\/?page_id=390","og_locale":"cs_CZ","og_type":"article","og_title":"Kontakty - Zku\u0161ebna STV Zl\u00edn - Zku\u0161ebna stavebn\u011b truhl\u00e1\u0159sk\u00fdch v\u00fdrobk\u016f a n\u00e1bytku","og_description":"Mendelova univerzita v Brn\u011bZem\u011bd\u011blsk\u00e1 1613 00 BrnoI\u010c: 62156489; DI\u010c: CZ62156489 Bankovn\u00ed spojen\u00edKomer\u010dn\u00ed banka Brno\u010d\u00edslo \u00fa\u010dtu: 7200310267\/0100IBAN: CZ70 0100 0000 0072 [&hellip;]","og_url":"https:\/\/zstv.cz\/?page_id=390","og_site_name":"Zku\u0161ebna stavebn\u011b truhl\u00e1\u0159sk\u00fdch v\u00fdrobk\u016f a n\u00e1bytku","article_modified_time":"2025-09-22T06:31:12+00:00","og_image":[{"url":"https:\/\/rumex.mendelu.cz\/zstv\/wp-content\/uploads\/2021\/06\/SP_1790.jpg","type":"","width":"","height":""}],"twitter_card":"summary_large_image","twitter_misc":{"Odhadovan\u00e1 doba \u010dten\u00ed":"4 minuty"},"schema":{"@context":"https:\/\/schema.org","@graph":[{"@type":"WebPage","@id":"https:\/\/zstv.cz\/?page_id=390","url":"https:\/\/zstv.cz\/?page_id=390","name":"Kontakty - Zku\u0161ebna STV Zl\u00edn - Zku\u0161ebna stavebn\u011b truhl\u00e1\u0159sk\u00fdch v\u00fdrobk\u016f a n\u00e1bytku","isPartOf":{"@id":"https:\/\/zstv.cz\/#website"},"primaryImageOfPage":{"@id":"https:\/\/zstv.cz\/?page_id=390#primaryimage"},"image":{"@id":"https:\/\/zstv.cz\/?page_id=390#primaryimage"},"thumbnailUrl":"https:\/\/rumex.mendelu.cz\/zstv\/wp-content\/uploads\/2021\/06\/SP_1790.jpg","datePublished":"2021-08-06T11:00:06+00:00","dateModified":"2025-09-22T06:31:12+00:00","breadcrumb":{"@id":"https:\/\/zstv.cz\/?page_id=390#breadcrumb"},"inLanguage":"cs","potentialAction":[{"@type":"ReadAction","target":["https:\/\/zstv.cz\/?page_id=390"]}]},{"@type":"ImageObject","inLanguage":"cs","@id":"https:\/\/zstv.cz\/?page_id=390#primaryimage","url":"https:\/\/rumex.mendelu.cz\/zstv\/wp-content\/uploads\/2021\/06\/SP_1790.jpg","contentUrl":"https:\/\/rumex.mendelu.cz\/zstv\/wp-content\/uploads\/2021\/06\/SP_1790.jpg"},{"@type":"BreadcrumbList","@id":"https:\/\/zstv.cz\/?page_id=390#breadcrumb","itemListElement":[{"@type":"ListItem","position":1,"name":"Dom\u016f","item":"https:\/\/zstv.cz\/"},{"@type":"ListItem","position":2,"name":"Kontakty &#8211; Zku\u0161ebna STV Zl\u00edn"}]},{"@type":"WebSite","@id":"https:\/\/zstv.cz\/#website","url":"https:\/\/zstv.cz\/","name":"Zku\u0161ebna stavebn\u011b truhl\u00e1\u0159sk\u00fdch v\u00fdrobk\u016f a n\u00e1bytku","description":"","potentialAction":[{"@type":"SearchAction","target":{"@type":"EntryPoint","urlTemplate":"https:\/\/zstv.cz\/?s={search_term_string}"},"query-input":{"@type":"PropertyValueSpecification","valueRequired":true,"valueName":"search_term_string"}}],"inLanguage":"cs"}]}},"_links":{"self":[{"href":"https:\/\/zstv.cz\/index.php?rest_route=\/wp\/v2\/pages\/390","targetHints":{"allow":["GET"]}}],"collection":[{"href":"https:\/\/zstv.cz\/index.php?rest_route=\/wp\/v2\/pages"}],"about":[{"href":"https:\/\/zstv.cz\/index.php?rest_route=\/wp\/v2\/types\/page"}],"author":[{"embeddable":true,"href":"https:\/\/zstv.cz\/index.php?rest_route=\/wp\/v2\/users\/3"}],"replies":[{"embeddable":true,"href":"https:\/\/zstv.cz\/index.php?rest_route=%2Fwp%2Fv2%2Fcomments&post=390"}],"version-history":[{"count":62,"href":"https:\/\/zstv.cz\/index.php?rest_route=\/wp\/v2\/pages\/390\/revisions"}],"predecessor-version":[{"id":1708,"href":"https:\/\/zstv.cz\/index.php?rest_route=\/wp\/v2\/pages\/390\/revisions\/1708"}],"wp:attachment":[{"href":"https:\/\/zstv.cz\/index.php?rest_route=%2Fwp%2Fv2%2Fmedia&parent=390"}],"curies":[{"name":"wp","href":"https:\/\/api.w.org\/{rel}","templated":true}]}}