{"id":381,"date":"2021-08-11T13:35:34","date_gmt":"2021-08-11T11:35:34","guid":{"rendered":"https:\/\/rumex.mendelu.cz\/zstv\/?page_id=381"},"modified":"2023-09-27T11:23:29","modified_gmt":"2023-09-27T09:23:29","slug":"o-nas-2","status":"publish","type":"page","link":"https:\/\/zstv.cz\/?page_id=381","title":{"rendered":"O n\u00e1s"},"content":{"rendered":"\n<ul class=\"wp-block-list\"><li>Zku\u0161ebna stavebn\u011b truhl\u00e1\u0159sk\u00fdch v\u00fdrobk\u016f a n\u00e1bytku ve Zl\u00edn\u011b (d\u00e1le Zku\u0161ebna STVN) je sou\u010d\u00e1st\u00ed Mendelovy univerzity v Brn\u011b a organiza\u010dn\u011b je za\u010dlen\u011bna jako pracovi\u0161t\u011b Lesnick\u00e9 a d\u0159eva\u0159sk\u00e9 fakulty v re\u017eimu vedlej\u0161\u00ed hospod\u00e1\u0159sk\u00e9 \u010dinnosti&nbsp;s c\u00edlem ekonomick\u00e9 sob\u011bsta\u010dnosti,<\/li><li>Zku\u0161ebna STVN zaji\u0161\u0165uje slu\u017eby v oblasti testov\u00e1n\u00ed, standardizace a certifikace oken, dve\u0159\u00ed, desek ze d\u0159eva a na b\u00e1zi d\u0159eva, d\u0159ev\u011bn\u00fdch podlahov\u00fdch d\u00edlc\u016f, d\u0159eva pro stavebn\u00ed konstrukce, vrstven\u00fdch materi\u00e1l\u016f na b\u00e1zi d\u0159eva, lepidel a n\u00e1bytku,<\/li><li>jako akreditovan\u00e1 zku\u0161ebn\u00ed laborato\u0159 \u010d. 1030.1 prov\u00e1d\u00ed zkou\u0161ky vlastnost\u00ed materi\u00e1l\u016f a v\u00fdrobk\u016f <a href=\"https:\/\/www.cai.cz\/?subjekt=1030-1-mendelova-univerzita-v-brne\" target=\"_blank\" rel=\"noreferrer noopener\">dle rozsahu akreditace<\/a>,<\/li><li>jako <a href=\"https:\/\/www.unmz.cz\/statni-zkusebnictvi\/seznam-ao-a-os-uno\/\" target=\"_blank\" rel=\"noreferrer noopener\">autorizovan\u00e1 osoba \u010d. 209 a ozn\u00e1men\u00fd subjekt \u010d. 1389<\/a> prov\u00e1d\u00ed posuzov\u00e1n\u00ed shody vlastnost\u00ed v\u00fdrobk\u016f s&nbsp;po\u017eadavky n\u00e1rodn\u00edch nebo evropsk\u00fdch norem a na\u0159\u00edzen\u00ed,<\/li><li>jako certifika\u010dn\u00ed org\u00e1n na v\u00fdrobky \u010d. 3061 prov\u00e1d\u00ed povinnou i nepovinnou certifikaci v\u00fdrobk\u016f <a href=\"https:\/\/www.cai.cz\/?subjekt=3061-mendelova-univerzita-v-brne\" target=\"_blank\" rel=\"noreferrer noopener\">dle rozsahu akreditace<\/a>,<\/li><li>jako Zku\u0161ebna STVN prov\u00e1d\u00ed zkou\u0161ky v&nbsp;r\u00e1mci testov\u00e1n\u00ed prototyp\u016f, odbornou pomoc p\u0159i zav\u00e1d\u011bn\u00ed nov\u00fdch v\u00fdrobk\u016f a pod\u00edl\u00ed se na inovac\u00edch ve d\u0159evozpracuj\u00edc\u00edm pr\u016fmyslu p\u0159i \u0159e\u0161en\u00ed technick\u00fdch a technologick\u00fdch probl\u00e9m\u016f,<\/li><li>Zku\u0161ebna STVN je jedn\u00edm z&nbsp;m\u00e1la specializovan\u00fdch a funguj\u00edc\u00edch v\u00fdzkumn\u00fdch pracovi\u0161\u0165 v&nbsp;\u010cR pro d\u0159evozpracuj\u00edc\u00ed pr\u016fmysl. Tento obor zaji\u0161\u0165uje po str\u00e1nce normaliza\u010dn\u00edch, zku\u0161ebn\u00edch a technologick\u00fdch p\u0159edpis\u016f pro okna, dve\u0159e, d\u0159ev\u011bn\u00e9 podlahoviny a n\u00e1bytek.<\/li><\/ul>\n\n\n\n<h2 class=\"wp-block-heading\">Pro\u010d si vybrat pr\u00e1v\u011b n\u00e1s?<\/h2>\n\n\n\n<ul class=\"wp-block-list\"><li>\n\tjsme\n\tnestrann\u00ed,\n\t<\/li><li>\n\tna\u0161i\n\tcertifikovan\u00ed odborn\u00edci sleduj\u00ed v&nbsp;dan\u00fdch oblastech\n\tnejnov\u011bj\u0161\u00ed\n\ttrendy,&nbsp;\n\t<\/li><li>\n\tjsme\n\t\u010dleny odborn\u00fdch komis\u00ed, disponujeme tud\u00ed\u017e k&nbsp;problematice\n\tnejnov\u011bj\u0161\u00edmi informacemi, v\u010detn\u011b zm\u011bn a \u00faprav sm\u011brnic,\n\tz\u00e1kon\u016f apod.,\n\t<\/li><li>\n\tk\n\tnab\u00edzen\u00fdm expertn\u00edm \u00fakon\u016fm disponujeme \u0161pi\u010dkov\u00fdm vybaven\u00edm\n\ta speci\u00e1ln\u011b vy\u0161kolen\u00fdm person\u00e1lem,\n\t<\/li><li>\n\tjako\n\tpracovi\u0161t\u011b Mendelovy univerzity m\u00e1me vazby na dal\u0161\u00ed odborn\u00edky\n\tz jin\u00fdch instituc\u00ed.\n<\/li><\/ul>\n\n\n\n<p><\/p>\n","protected":false},"excerpt":{"rendered":"<p>Zku\u0161ebna stavebn\u011b truhl\u00e1\u0159sk\u00fdch v\u00fdrobk\u016f a n\u00e1bytku ve Zl\u00edn\u011b (d\u00e1le Zku\u0161ebna STVN) je sou\u010d\u00e1st\u00ed Mendelovy univerzity v Brn\u011b a organiza\u010dn\u011b je [&hellip;]<\/p>\n","protected":false},"author":3,"featured_media":0,"parent":0,"menu_order":0,"comment_status":"closed","ping_status":"closed","template":"","meta":{"footnotes":""},"class_list":["post-381","page","type-page","status-publish","hentry"],"yoast_head":"<!-- This site is optimized with the Yoast SEO plugin v27.4 - https:\/\/yoast.com\/product\/yoast-seo-wordpress\/ -->\n<title>O n\u00e1s - Zku\u0161ebna stavebn\u011b truhl\u00e1\u0159sk\u00fdch v\u00fdrobk\u016f a n\u00e1bytku<\/title>\n<meta name=\"robots\" content=\"index, follow, max-snippet:-1, max-image-preview:large, max-video-preview:-1\" \/>\n<link rel=\"canonical\" href=\"https:\/\/zstv.cz\/?page_id=381\" \/>\n<meta property=\"og:locale\" content=\"cs_CZ\" \/>\n<meta property=\"og:type\" content=\"article\" \/>\n<meta property=\"og:title\" content=\"O n\u00e1s - Zku\u0161ebna stavebn\u011b truhl\u00e1\u0159sk\u00fdch v\u00fdrobk\u016f a n\u00e1bytku\" \/>\n<meta property=\"og:description\" content=\"Zku\u0161ebna stavebn\u011b truhl\u00e1\u0159sk\u00fdch v\u00fdrobk\u016f a n\u00e1bytku ve Zl\u00edn\u011b (d\u00e1le Zku\u0161ebna STVN) je sou\u010d\u00e1st\u00ed Mendelovy univerzity v Brn\u011b a organiza\u010dn\u011b je [&hellip;]\" \/>\n<meta property=\"og:url\" content=\"https:\/\/zstv.cz\/?page_id=381\" \/>\n<meta property=\"og:site_name\" content=\"Zku\u0161ebna stavebn\u011b truhl\u00e1\u0159sk\u00fdch v\u00fdrobk\u016f a n\u00e1bytku\" \/>\n<meta property=\"article:modified_time\" content=\"2023-09-27T09:23:29+00:00\" \/>\n<meta name=\"twitter:card\" content=\"summary_large_image\" \/>\n<meta name=\"twitter:label1\" content=\"Odhadovan\u00e1 doba \u010dten\u00ed\" \/>\n\t<meta name=\"twitter:data1\" content=\"2 minuty\" \/>\n<script type=\"application\/ld+json\" class=\"yoast-schema-graph\">{\"@context\":\"https:\\\/\\\/schema.org\",\"@graph\":[{\"@type\":\"WebPage\",\"@id\":\"https:\\\/\\\/zstv.cz\\\/?page_id=381\",\"url\":\"https:\\\/\\\/zstv.cz\\\/?page_id=381\",\"name\":\"O n\u00e1s - Zku\u0161ebna stavebn\u011b truhl\u00e1\u0159sk\u00fdch v\u00fdrobk\u016f a n\u00e1bytku\",\"isPartOf\":{\"@id\":\"https:\\\/\\\/zstv.cz\\\/#website\"},\"datePublished\":\"2021-08-11T11:35:34+00:00\",\"dateModified\":\"2023-09-27T09:23:29+00:00\",\"breadcrumb\":{\"@id\":\"https:\\\/\\\/zstv.cz\\\/?page_id=381#breadcrumb\"},\"inLanguage\":\"cs\",\"potentialAction\":[{\"@type\":\"ReadAction\",\"target\":[\"https:\\\/\\\/zstv.cz\\\/?page_id=381\"]}]},{\"@type\":\"BreadcrumbList\",\"@id\":\"https:\\\/\\\/zstv.cz\\\/?page_id=381#breadcrumb\",\"itemListElement\":[{\"@type\":\"ListItem\",\"position\":1,\"name\":\"Dom\u016f\",\"item\":\"https:\\\/\\\/zstv.cz\\\/\"},{\"@type\":\"ListItem\",\"position\":2,\"name\":\"O n\u00e1s\"}]},{\"@type\":\"WebSite\",\"@id\":\"https:\\\/\\\/zstv.cz\\\/#website\",\"url\":\"https:\\\/\\\/zstv.cz\\\/\",\"name\":\"Zku\u0161ebna stavebn\u011b truhl\u00e1\u0159sk\u00fdch v\u00fdrobk\u016f a n\u00e1bytku\",\"description\":\"\",\"potentialAction\":[{\"@type\":\"SearchAction\",\"target\":{\"@type\":\"EntryPoint\",\"urlTemplate\":\"https:\\\/\\\/zstv.cz\\\/?s={search_term_string}\"},\"query-input\":{\"@type\":\"PropertyValueSpecification\",\"valueRequired\":true,\"valueName\":\"search_term_string\"}}],\"inLanguage\":\"cs\"}]}<\/script>\n<!-- \/ Yoast SEO plugin. -->","yoast_head_json":{"title":"O n\u00e1s - Zku\u0161ebna stavebn\u011b truhl\u00e1\u0159sk\u00fdch v\u00fdrobk\u016f a n\u00e1bytku","robots":{"index":"index","follow":"follow","max-snippet":"max-snippet:-1","max-image-preview":"max-image-preview:large","max-video-preview":"max-video-preview:-1"},"canonical":"https:\/\/zstv.cz\/?page_id=381","og_locale":"cs_CZ","og_type":"article","og_title":"O n\u00e1s - Zku\u0161ebna stavebn\u011b truhl\u00e1\u0159sk\u00fdch v\u00fdrobk\u016f a n\u00e1bytku","og_description":"Zku\u0161ebna stavebn\u011b truhl\u00e1\u0159sk\u00fdch v\u00fdrobk\u016f a n\u00e1bytku ve Zl\u00edn\u011b (d\u00e1le Zku\u0161ebna STVN) je sou\u010d\u00e1st\u00ed Mendelovy univerzity v Brn\u011b a organiza\u010dn\u011b je [&hellip;]","og_url":"https:\/\/zstv.cz\/?page_id=381","og_site_name":"Zku\u0161ebna stavebn\u011b truhl\u00e1\u0159sk\u00fdch v\u00fdrobk\u016f a n\u00e1bytku","article_modified_time":"2023-09-27T09:23:29+00:00","twitter_card":"summary_large_image","twitter_misc":{"Odhadovan\u00e1 doba \u010dten\u00ed":"2 minuty"},"schema":{"@context":"https:\/\/schema.org","@graph":[{"@type":"WebPage","@id":"https:\/\/zstv.cz\/?page_id=381","url":"https:\/\/zstv.cz\/?page_id=381","name":"O n\u00e1s - Zku\u0161ebna stavebn\u011b truhl\u00e1\u0159sk\u00fdch v\u00fdrobk\u016f a n\u00e1bytku","isPartOf":{"@id":"https:\/\/zstv.cz\/#website"},"datePublished":"2021-08-11T11:35:34+00:00","dateModified":"2023-09-27T09:23:29+00:00","breadcrumb":{"@id":"https:\/\/zstv.cz\/?page_id=381#breadcrumb"},"inLanguage":"cs","potentialAction":[{"@type":"ReadAction","target":["https:\/\/zstv.cz\/?page_id=381"]}]},{"@type":"BreadcrumbList","@id":"https:\/\/zstv.cz\/?page_id=381#breadcrumb","itemListElement":[{"@type":"ListItem","position":1,"name":"Dom\u016f","item":"https:\/\/zstv.cz\/"},{"@type":"ListItem","position":2,"name":"O n\u00e1s"}]},{"@type":"WebSite","@id":"https:\/\/zstv.cz\/#website","url":"https:\/\/zstv.cz\/","name":"Zku\u0161ebna stavebn\u011b truhl\u00e1\u0159sk\u00fdch v\u00fdrobk\u016f a n\u00e1bytku","description":"","potentialAction":[{"@type":"SearchAction","target":{"@type":"EntryPoint","urlTemplate":"https:\/\/zstv.cz\/?s={search_term_string}"},"query-input":{"@type":"PropertyValueSpecification","valueRequired":true,"valueName":"search_term_string"}}],"inLanguage":"cs"}]}},"_links":{"self":[{"href":"https:\/\/zstv.cz\/index.php?rest_route=\/wp\/v2\/pages\/381","targetHints":{"allow":["GET"]}}],"collection":[{"href":"https:\/\/zstv.cz\/index.php?rest_route=\/wp\/v2\/pages"}],"about":[{"href":"https:\/\/zstv.cz\/index.php?rest_route=\/wp\/v2\/types\/page"}],"author":[{"embeddable":true,"href":"https:\/\/zstv.cz\/index.php?rest_route=\/wp\/v2\/users\/3"}],"replies":[{"embeddable":true,"href":"https:\/\/zstv.cz\/index.php?rest_route=%2Fwp%2Fv2%2Fcomments&post=381"}],"version-history":[{"count":12,"href":"https:\/\/zstv.cz\/index.php?rest_route=\/wp\/v2\/pages\/381\/revisions"}],"predecessor-version":[{"id":1658,"href":"https:\/\/zstv.cz\/index.php?rest_route=\/wp\/v2\/pages\/381\/revisions\/1658"}],"wp:attachment":[{"href":"https:\/\/zstv.cz\/index.php?rest_route=%2Fwp%2Fv2%2Fmedia&parent=381"}],"curies":[{"name":"wp","href":"https:\/\/api.w.org\/{rel}","templated":true}]}}