{"id":375,"date":"2021-08-11T12:35:13","date_gmt":"2021-08-11T10:35:13","guid":{"rendered":"https:\/\/rumex.mendelu.cz\/zstv\/?page_id=375"},"modified":"2021-08-11T12:38:11","modified_gmt":"2021-08-11T10:38:11","slug":"simulace-testy","status":"publish","type":"page","link":"https:\/\/zstv.cz\/?page_id=375","title":{"rendered":"Simulace a v\u00fdpo\u010dty"},"content":{"rendered":"\n<h3 class=\"wp-block-heading\"><strong>Po\u010d\u00edta\u010dov\u00e1 simulace tepeln\u00fdch tok\u016f<\/strong>&nbsp;<\/h3>\n\n\n\n<p>Na z\u00e1klad\u011b dodan\u00fdch v\u00fdkresov\u00fdch podklad\u016f a v\u00fd\u010dtu pou\u017eit\u00fdch materi\u00e1l\u016f prov\u00e1d\u00edme simulace tepeln\u00fdch tok\u016f proveden\u00fdm na z\u00e1klad\u011b dvourozm\u011brn\u00e9ho stacion\u00e1rn\u00edho veden\u00ed tepla metodou kone\u010dn\u00fdch prvk\u016f pomoc\u00ed programu AREA.&nbsp;<\/p>\n\n\n\n<h3 class=\"wp-block-heading\"><strong>Sou\u010dinitel prostupu tepla r\u00e1mem a celou otvorovou v\u00fdpln\u00ed<\/strong>&nbsp;<\/h3>\n\n\n\n<p>Simulace lze vyu\u017e\u00edt ke stanoven\u00ed sou\u010dinitele prostupu tepla r\u00e1mem a n\u00e1sledn\u011b k\u202fv\u00fdpo\u010dtu sou\u010dinitele prostupu tepla celou otvorovou v\u00fdpln\u00ed. Tato metoda je p\u0159\u00edmou alternativou ke stanoven\u00ed prostupu tepla r\u00e1mem nebo otvorovou v\u00fdpln\u00ed metodou tepl\u00e9 sk\u0159\u00edn\u011b.&nbsp;<\/p>\n\n\n\n<p><strong>V\u00fdhody po\u010d\u00edta\u010dov\u00e9 simulace:\u00a0<\/strong><\/p>\n\n\n\n<ul class=\"wp-block-list\"><li>stanoven\u00ed sou\u010dinitele prostupu tepla jednotliv\u00fdch detail\u016f otvorov\u00e9 v\u00fdpln\u011b \u2013 horn\u00ed, doln\u00ed a bo\u010dn\u00ed d\u00edl, sraz k\u0159\u00eddel, sloupek s\u202fk\u0159\u00eddly, poutec, sloupek, p\u0159\u00ed\u010dka atd.,&nbsp;<\/li><li>v\u00fdpo\u010det sou\u010dinitele prostupu tepla konkr\u00e9tn\u00edch pozic otvorov\u00fdch v\u00fdpln\u00ed v\u202fz\u00e1vislosti na rozm\u011bru, \u010dlen\u011bn\u00ed a v\u00fdplni r\u00e1mu \u2013 izola\u010dn\u00ed sklo, nepr\u016fsvitn\u00e1 v\u00fdpl\u0148,&nbsp;<\/li><li>variabilita pou\u017eit\u00ed nap\u0159\u00ed\u010d v\u00fdrobky \u2013 okna, dve\u0159e, s\u202fotev\u00edrav\u00fdmi k\u0159\u00eddly, pevn\u00e1 zasklen\u00ed atd.,&nbsp;<\/li><li>stanoven\u00ed sou\u010dinitele prostupu tepla r\u00e1mem a stanoven\u00ed line\u00e1rn\u00edho \u010dinitele prostupu tepla styku r\u00e1mu a v\u00fdpln\u011b pro konkr\u00e9tn\u00ed tlou\u0161\u0165ku a skladbu izola\u010dn\u00edho skla nebo nepr\u016fsvitn\u00e9 v\u00fdpln\u011b,&nbsp;<\/li><li>odla\u010fov\u00e1n\u00ed prototypu za \u00fa\u010delem z\u00edsk\u00e1n\u00ed optim\u00e1ln\u00edch tepeln\u011b-izola\u010dn\u00edch vlastnost\u00ed.&nbsp;<\/li><\/ul>\n\n\n\n<p><\/p>\n\n\n<div class=\"n2-section-smartslider fitvidsignore  n2_clear\" data-ssid=\"7\" tabindex=\"0\" role=\"region\" aria-label=\"Slider\"><div id=\"n2-ss-7-align\" class=\"n2-ss-align\"><div class=\"n2-padding\"><div id=\"n2-ss-7\" data-creator=\"Smart Slider 3\" data-responsive=\"auto\" class=\"n2-ss-slider n2-ow n2-has-hover n2notransition  \"><div class=\"n2-ss-slider-wrapper-inside\">\n        <div class=\"n2-ss-slider-1 n2_ss__touch_element n2-ow\">\n            <div class=\"n2-ss-slider-2 n2-ow\">\n                                                <div class=\"n2-ss-slider-3 n2-ow\">\n\n                    <div class=\"n2-ss-slide-backgrounds n2-ow-all\"><div class=\"n2-ss-slide-background\" data-public-id=\"1\" data-mode=\"fill\"><div class=\"n2-ss-slide-background-image\" data-blur=\"0\" data-opacity=\"100\" data-x=\"70\" data-y=\"100\" data-alt=\"\" data-title=\"\" style=\"--ss-o-pos-x:70%;--ss-o-pos-y:100%\"><picture class=\"skip-lazy\" data-skip-lazy=\"1\"><img decoding=\"async\" src=\"\/\/zstv.cz\/wp-content\/uploads\/2021\/06\/zabudovane-okno-prubeh-teplotnich-poli-a-izotermy-detail2.jpg\" alt=\"\" title=\"\" loading=\"lazy\" class=\"skip-lazy\" data-skip-lazy=\"1\"><\/picture><\/div><div data-color=\"RGBA(255,255,255,0)\" style=\"background-color: RGBA(255,255,255,0);\" class=\"n2-ss-slide-background-color\"><\/div><\/div><div class=\"n2-ss-slide-background\" data-public-id=\"2\" data-mode=\"fill\" aria-hidden=\"true\"><div class=\"n2-ss-slide-background-image\" data-blur=\"0\" data-opacity=\"100\" data-x=\"45\" data-y=\"53\" data-alt=\"\" data-title=\"\" style=\"--ss-o-pos-x:45%;--ss-o-pos-y:53%\"><picture class=\"skip-lazy\" data-skip-lazy=\"1\"><img decoding=\"async\" src=\"\/\/zstv.cz\/wp-content\/uploads\/2021\/06\/tepelne_simulace.png\" alt=\"\" title=\"\" loading=\"lazy\" class=\"skip-lazy\" data-skip-lazy=\"1\"><\/picture><\/div><div data-color=\"RGBA(255,255,255,0)\" style=\"background-color: RGBA(255,255,255,0);\" class=\"n2-ss-slide-background-color\"><\/div><\/div><div class=\"n2-ss-slide-background\" data-public-id=\"3\" data-mode=\"fill\" aria-hidden=\"true\"><div class=\"n2-ss-slide-background-image\" data-blur=\"0\" data-opacity=\"100\" data-x=\"70\" data-y=\"100\" data-alt=\"\" data-title=\"\" style=\"--ss-o-pos-x:70%;--ss-o-pos-y:100%\"><picture class=\"skip-lazy\" data-skip-lazy=\"1\"><img decoding=\"async\" src=\"\/\/zstv.cz\/wp-content\/uploads\/2021\/06\/zabudovane-okno-prubeh-teplotnich-poli-a-izotermy.jpg\" alt=\"\" title=\"\" loading=\"lazy\" class=\"skip-lazy\" data-skip-lazy=\"1\"><\/picture><\/div><div data-color=\"RGBA(255,255,255,0)\" style=\"background-color: RGBA(255,255,255,0);\" class=\"n2-ss-slide-background-color\"><\/div><\/div><\/div>                    <div class=\"n2-ss-slider-4 n2-ow\">\n                        <svg xmlns=\"http:\/\/www.w3.org\/2000\/svg\" viewBox=\"0 0 1200 600\" data-related-device=\"desktopPortrait\" class=\"n2-ow n2-ss-preserve-size n2-ss-preserve-size--slider n2-ss-slide-limiter\"><\/svg><div data-first=\"1\" data-slide-duration=\"0\" data-id=\"25\" data-slide-public-id=\"1\" data-title=\"zabudovan\u00e9 okno - pr\u016fb\u011bh teplotn\u00edch pol\u00ed a izotermy - detail\" class=\"n2-ss-slide n2-ow  n2-ss-slide-25\"><div role=\"note\" class=\"n2-ss-slide--focus\" tabindex=\"-1\">zabudovan\u00e9 okno &#8211; pr\u016fb\u011bh teplotn\u00edch pol\u00ed a izotermy &#8211; detail<\/div><div class=\"n2-ss-layers-container n2-ss-slide-limiter n2-ow\"><div class=\"n2-ss-layer n2-ow n-uc-KocISPiatXPu\" data-sstype=\"slide\" data-pm=\"default\"><div class=\"n2-ss-layer n2-ow n-uc-189880a4288c6\" data-pm=\"default\" data-sstype=\"content\" data-hasbackground=\"0\"><div class=\"n2-ss-section-main-content n2-ss-layer-with-background n2-ss-layer-content n2-ow n-uc-189880a4288c6-inner\"><div class=\"n2-ss-layer n2-ow n-uc-lPLSPgxTqOug\" data-pm=\"normal\" data-sstype=\"layer\"><div id=\"n2-ss-7item1\" class=\"n2-font-745e90fc2310c85013da2bf7c9fd0a33-hover n2-style-b35834208f56f667ace2a5559dad8be2-heading   n2-ss-item-content n2-ss-text n2-ow\" style=\"display:block;\">pr\u016fb\u011bh teplotn\u00edch pol\u00ed a izoterem zabudovan\u00e9ho okna <\/div><\/div><\/div><\/div><\/div><\/div><\/div><div data-slide-duration=\"0\" data-id=\"26\" data-slide-public-id=\"2\" aria-hidden=\"true\" data-title=\"Thumbnail 2\" class=\"n2-ss-slide n2-ow  n2-ss-slide-26\"><div role=\"note\" class=\"n2-ss-slide--focus\" tabindex=\"-1\">Thumbnail 2<\/div><div class=\"n2-ss-layers-container n2-ss-slide-limiter n2-ow\"><div class=\"n2-ss-layer n2-ow n-uc-ypUv0bYLS0fX\" data-sstype=\"slide\" data-pm=\"default\"><div class=\"n2-ss-layer n2-ow n-uc-1169f3523feb3\" data-pm=\"default\" data-sstype=\"content\" data-hasbackground=\"1\"><div class=\"n2-ss-section-main-content n2-ss-layer-with-background n2-ss-layer-content n2-ow n-uc-1169f3523feb3-inner\"><div class=\"n2-ss-layer n2-ow n-uc-ViiGKjybYdNd\" data-pm=\"normal\" data-sstype=\"layer\"><div id=\"n2-ss-7item2\" class=\"n2-font-cbe90f190bdfe30b3dac70d38d5ed1ad-hover n2-style-b35834208f56f667ace2a5559dad8be2-heading   n2-ss-item-content n2-ss-text n2-ow\" style=\"display:block;\">Okno s izola\u010dn\u00edm sklem<br><br>Zleva: detail pr\u016fb\u011bhu izoterm v\u202fr\u00e1mu okna s\u202fizola\u010dn\u00edm trojsklem <br>2. zleva: detail pr\u016fb\u011bhu teplotn\u00edch pol\u00ed v\u202fr\u00e1mu okna s\u202fizola\u010dn\u00edm trojsklem <br>2. z prava: r\u00e1m okna s izola\u010dn\u00edm trojsklem pro stanoven\u00ed line\u00e1rn\u00edho \u010dinitele \u03c8<br>Zprava: r\u00e1m okna s izola\u010dn\u00edm panelem pro stanoven\u00ed sou\u010dinitele prostupu tepla Uf <\/div><\/div><\/div><\/div><\/div><\/div><\/div><div data-slide-duration=\"0\" data-id=\"36\" data-slide-public-id=\"3\" aria-hidden=\"true\" data-title=\"pr\u016fb\u011bh teplotn\u00edch pol\u00ed a izoterem zabudovan\u00e9ho okna \u2013 detail \" class=\"n2-ss-slide n2-ow  n2-ss-slide-36\"><div role=\"note\" class=\"n2-ss-slide--focus\" tabindex=\"-1\">pr\u016fb\u011bh teplotn\u00edch pol\u00ed a izoterem zabudovan\u00e9ho okna \u2013 detail <\/div><div class=\"n2-ss-layers-container n2-ss-slide-limiter n2-ow\"><div class=\"n2-ss-layer n2-ow n-uc-lIsmfwArMYQ8\" data-sstype=\"slide\" data-pm=\"default\"><div class=\"n2-ss-layer n2-ow n-uc-UHDWA33gsjNY\" data-pm=\"default\" data-sstype=\"content\" data-hasbackground=\"0\"><div class=\"n2-ss-section-main-content n2-ss-layer-with-background n2-ss-layer-content n2-ow n-uc-UHDWA33gsjNY-inner\"><div class=\"n2-ss-layer n2-ow n-uc-GILJrU5UFtNT\" data-pm=\"normal\" data-sstype=\"layer\"><div id=\"n2-ss-7item3\" class=\"n2-font-745e90fc2310c85013da2bf7c9fd0a33-hover n2-style-b35834208f56f667ace2a5559dad8be2-heading   n2-ss-item-content n2-ss-text n2-ow\" style=\"display:block;\">pr\u016fb\u011bh teplotn\u00edch pol\u00ed a izoterem zabudovan\u00e9ho okna \u2013 detail <\/div><\/div><\/div><\/div><\/div><\/div><\/div>                    <\/div>\n\n                                    <\/div>\n            <\/div>\n        <\/div>\n        <div class=\"n2-ss-slider-controls n2-ss-slider-controls-absolute-left-center\"><div style=\"--widget-offset:15px;\" class=\"n2-ss-widget nextend-arrow n2-ow-all nextend-arrow-previous  nextend-arrow-animated-fade\" id=\"n2-ss-7-arrow-previous\" role=\"button\" aria-label=\"previous arrow\" tabindex=\"0\"><img decoding=\"async\" width=\"32\" height=\"32\" class=\"skip-lazy\" data-skip-lazy=\"1\" src=\"data:image\/svg+xml;base64,PHN2ZyB3aWR0aD0iMzIiIGhlaWdodD0iMzIiIHZpZXdCb3g9IjAgMCAzMiAzMiIgeG1sbnM9Imh0dHA6Ly93d3cudzMub3JnLzIwMDAvc3ZnIj4KICAgIDxwYXRoIGQ9Ik0xMS40MzMgMTUuOTkyTDIyLjY5IDUuNzEyYy4zOTMtLjM5LjM5My0xLjAzIDAtMS40Mi0uMzkzLS4zOS0xLjAzLS4zOS0xLjQyMyAwbC0xMS45OCAxMC45NGMtLjIxLjIxLS4zLjQ5LS4yODUuNzYtLjAxNS4yOC4wNzUuNTYuMjg0Ljc3bDExLjk4IDEwLjk0Yy4zOTMuMzkgMS4wMy4zOSAxLjQyNCAwIC4zOTMtLjQuMzkzLTEuMDMgMC0xLjQybC0xMS4yNTctMTAuMjkiCiAgICAgICAgICBmaWxsPSIjZmZmZmZmIiBvcGFjaXR5PSIwLjgiIGZpbGwtcnVsZT0iZXZlbm9kZCIvPgo8L3N2Zz4=\" alt=\"previous arrow\"><\/div><\/div><div class=\"n2-ss-slider-controls n2-ss-slider-controls-absolute-right-center\"><div style=\"--widget-offset:15px;\" class=\"n2-ss-widget nextend-arrow n2-ow-all nextend-arrow-next  nextend-arrow-animated-fade\" id=\"n2-ss-7-arrow-next\" role=\"button\" aria-label=\"next arrow\" tabindex=\"0\"><img decoding=\"async\" width=\"32\" height=\"32\" class=\"skip-lazy\" data-skip-lazy=\"1\" src=\"data:image\/svg+xml;base64,PHN2ZyB3aWR0aD0iMzIiIGhlaWdodD0iMzIiIHZpZXdCb3g9IjAgMCAzMiAzMiIgeG1sbnM9Imh0dHA6Ly93d3cudzMub3JnLzIwMDAvc3ZnIj4KICAgIDxwYXRoIGQ9Ik0xMC43MjIgNC4yOTNjLS4zOTQtLjM5LTEuMDMyLS4zOS0xLjQyNyAwLS4zOTMuMzktLjM5MyAxLjAzIDAgMS40MmwxMS4yODMgMTAuMjgtMTEuMjgzIDEwLjI5Yy0uMzkzLjM5LS4zOTMgMS4wMiAwIDEuNDIuMzk1LjM5IDEuMDMzLjM5IDEuNDI3IDBsMTIuMDA3LTEwLjk0Yy4yMS0uMjEuMy0uNDkuMjg0LS43Ny4wMTQtLjI3LS4wNzYtLjU1LS4yODYtLjc2TDEwLjcyIDQuMjkzeiIKICAgICAgICAgIGZpbGw9IiNmZmZmZmYiIG9wYWNpdHk9IjAuOCIgZmlsbC1ydWxlPSJldmVub2RkIi8+Cjwvc3ZnPg==\" alt=\"next arrow\"><\/div><\/div><\/div><\/div><ss3-loader><\/ss3-loader><\/div><\/div><div class=\"n2_clear\"><\/div><\/div>\n\n\n<p><\/p>\n\n\n\n<h3 class=\"wp-block-heading\"><strong>Stanoven\u00ed vnit\u0159n\u00ed povrchov\u00e9 teploty zabudovan\u00fdch otvorov\u00fdch v\u00fdpln\u00ed<\/strong>&nbsp;<\/h3>\n\n\n\n<p>Simulace lze vyu\u017e\u00edt ke stanoven\u00ed vnit\u0159n\u00ed povrchov\u00e9 teploty zabudovan\u00fdch otvorov\u00fdch v\u00fdpln\u00ed a teplotn\u00edho faktoru v kritick\u00fdch m\u00edstech posuzovan\u00e9ho detailu. V\u202fz\u00e1vislosti na tepeln\u011b vlhkostn\u00edch podm\u00ednk\u00e1ch v\u202fm\u00edst\u011b zabudov\u00e1n\u00ed otvorov\u00e9 v\u00fdpln\u011b do stavby je \u017e\u00e1douc\u00ed, aby nedoch\u00e1zelo za specifikovan\u00fdch podm\u00ednek ke kondenzaci vodn\u00edch par na otvorov\u00e9 v\u00fdplni a tvorb\u011b pl\u00edsn\u00ed na jej\u00ed konstrukci nebo v\u202fp\u0159ilehl\u00e9 stavebn\u00ed konstrukci. Takto lze vylou\u010dit nevhodnou kombinaci stavebn\u00ed konstrukce s\u202fkonstrukc\u00ed otvorov\u00e9 v\u00fdpln\u011b je\u0161t\u011b p\u0159ed jej\u00ed mont\u00e1\u017e\u00ed.&nbsp;<\/p>\n\n\n\n<p><\/p>\n\n\n\n<h2 class=\"wp-block-heading\">N\u00e1\u0161 specialista v dan\u00e9 oblasti<\/h2>\n\n\n\n<p><\/p>\n\n\n<div id=\"pl-gb375-69f340769e02e\"  class=\"panel-layout\" ><div id=\"pg-gb375-69f340769e02e-0\"  class=\"panel-grid panel-no-style\" ><div id=\"pgc-gb375-69f340769e02e-0-0\"  class=\"panel-grid-cell\" ><div id=\"panel-gb375-69f340769e02e-0-0-0\" class=\"so-panel widget widget_text panel-first-child panel-last-child\" data-index=\"0\" >\t\t\t<div class=\"textwidget\"><p><img decoding=\"async\" class=\"size-full wp-image-1015 aligncenter lazyload\" data-src=\"https:\/\/rumex.mendelu.cz\/zstv\/wp-content\/uploads\/2021\/06\/KT_1816.jpg\" alt=\"\" width=\"200\" height=\"267\" src=\"data:image\/svg+xml;base64,PHN2ZyB3aWR0aD0iMSIgaGVpZ2h0PSIxIiB4bWxucz0iaHR0cDovL3d3dy53My5vcmcvMjAwMC9zdmciPjwvc3ZnPg==\" style=\"--smush-placeholder-width: 200px; --smush-placeholder-aspect-ratio: 200\/267;\" \/><\/p>\n<\/div>\n\t\t<\/div><\/div><div id=\"pgc-gb375-69f340769e02e-0-1\"  class=\"panel-grid-cell\" ><div id=\"panel-gb375-69f340769e02e-0-1-0\" class=\"so-panel widget widget_text panel-first-child panel-last-child\" data-index=\"1\" >\t\t\t<div class=\"textwidget\"><figure class=\"wp-block-table alignwide is-style-stripes\">\n<table>\n<tbody>\n<tr>\n<td><a href=\"?page_id=390\">Ing. Tom\u00e1\u0161 Kocfelda<\/a><\/td>\n<\/tr>\n<tr>\n<td>slu\u017eby laborato\u0159e, m\u011b\u0159en\u00ed v ter\u00e9nu, BlowerDoor test, metrologie<\/td>\n<\/tr>\n<tr>\n<td>mobil: +420 739 555 329<\/td>\n<\/tr>\n<tr>\n<td>e-mail: <a href=\"mailto:tomas.kocfelda@zstv.cz\">tomas.kocfelda@zstv.cz<\/a><\/td>\n<\/tr>\n<\/tbody>\n<\/table>\n<\/figure>\n<\/div>\n\t\t<\/div><\/div><\/div><\/div>","protected":false},"excerpt":{"rendered":"<p>Po\u010d\u00edta\u010dov\u00e1 simulace tepeln\u00fdch tok\u016f&nbsp; Na z\u00e1klad\u011b dodan\u00fdch v\u00fdkresov\u00fdch podklad\u016f a v\u00fd\u010dtu pou\u017eit\u00fdch materi\u00e1l\u016f prov\u00e1d\u00edme simulace tepeln\u00fdch tok\u016f proveden\u00fdm na z\u00e1klad\u011b [&hellip;]<\/p>\n","protected":false},"author":3,"featured_media":0,"parent":0,"menu_order":0,"comment_status":"closed","ping_status":"closed","template":"","meta":{"footnotes":""},"class_list":["post-375","page","type-page","status-publish","hentry"],"yoast_head":"<!-- This site is optimized with the Yoast SEO plugin v27.4 - https:\/\/yoast.com\/product\/yoast-seo-wordpress\/ -->\n<title>Simulace a v\u00fdpo\u010dty - Zku\u0161ebna stavebn\u011b truhl\u00e1\u0159sk\u00fdch v\u00fdrobk\u016f a n\u00e1bytku<\/title>\n<meta name=\"robots\" content=\"index, follow, max-snippet:-1, max-image-preview:large, max-video-preview:-1\" \/>\n<link rel=\"canonical\" href=\"https:\/\/zstv.cz\/?page_id=375\" \/>\n<meta property=\"og:locale\" content=\"cs_CZ\" \/>\n<meta property=\"og:type\" content=\"article\" \/>\n<meta property=\"og:title\" content=\"Simulace a v\u00fdpo\u010dty - Zku\u0161ebna stavebn\u011b truhl\u00e1\u0159sk\u00fdch v\u00fdrobk\u016f a n\u00e1bytku\" \/>\n<meta property=\"og:description\" content=\"Po\u010d\u00edta\u010dov\u00e1 simulace tepeln\u00fdch tok\u016f&nbsp; Na z\u00e1klad\u011b dodan\u00fdch v\u00fdkresov\u00fdch podklad\u016f a v\u00fd\u010dtu pou\u017eit\u00fdch materi\u00e1l\u016f prov\u00e1d\u00edme simulace tepeln\u00fdch tok\u016f proveden\u00fdm na z\u00e1klad\u011b [&hellip;]\" \/>\n<meta property=\"og:url\" content=\"https:\/\/zstv.cz\/?page_id=375\" \/>\n<meta property=\"og:site_name\" content=\"Zku\u0161ebna stavebn\u011b truhl\u00e1\u0159sk\u00fdch v\u00fdrobk\u016f a n\u00e1bytku\" \/>\n<meta property=\"article:modified_time\" content=\"2021-08-11T10:38:11+00:00\" \/>\n<meta property=\"og:image\" content=\"https:\/\/rumex.mendelu.cz\/zstv\/wp-content\/uploads\/2021\/06\/KT_1816.jpg\" \/>\n<meta name=\"twitter:card\" content=\"summary_large_image\" \/>\n<meta name=\"twitter:label1\" content=\"Odhadovan\u00e1 doba \u010dten\u00ed\" \/>\n\t<meta name=\"twitter:data1\" content=\"2 minuty\" \/>\n<script type=\"application\/ld+json\" class=\"yoast-schema-graph\">{\"@context\":\"https:\\\/\\\/schema.org\",\"@graph\":[{\"@type\":\"WebPage\",\"@id\":\"https:\\\/\\\/zstv.cz\\\/?page_id=375\",\"url\":\"https:\\\/\\\/zstv.cz\\\/?page_id=375\",\"name\":\"Simulace a v\u00fdpo\u010dty - Zku\u0161ebna stavebn\u011b truhl\u00e1\u0159sk\u00fdch v\u00fdrobk\u016f a n\u00e1bytku\",\"isPartOf\":{\"@id\":\"https:\\\/\\\/zstv.cz\\\/#website\"},\"primaryImageOfPage\":{\"@id\":\"https:\\\/\\\/zstv.cz\\\/?page_id=375#primaryimage\"},\"image\":{\"@id\":\"https:\\\/\\\/zstv.cz\\\/?page_id=375#primaryimage\"},\"thumbnailUrl\":\"https:\\\/\\\/rumex.mendelu.cz\\\/zstv\\\/wp-content\\\/uploads\\\/2021\\\/06\\\/KT_1816.jpg\",\"datePublished\":\"2021-08-11T10:35:13+00:00\",\"dateModified\":\"2021-08-11T10:38:11+00:00\",\"breadcrumb\":{\"@id\":\"https:\\\/\\\/zstv.cz\\\/?page_id=375#breadcrumb\"},\"inLanguage\":\"cs\",\"potentialAction\":[{\"@type\":\"ReadAction\",\"target\":[\"https:\\\/\\\/zstv.cz\\\/?page_id=375\"]}]},{\"@type\":\"ImageObject\",\"inLanguage\":\"cs\",\"@id\":\"https:\\\/\\\/zstv.cz\\\/?page_id=375#primaryimage\",\"url\":\"https:\\\/\\\/rumex.mendelu.cz\\\/zstv\\\/wp-content\\\/uploads\\\/2021\\\/06\\\/KT_1816.jpg\",\"contentUrl\":\"https:\\\/\\\/rumex.mendelu.cz\\\/zstv\\\/wp-content\\\/uploads\\\/2021\\\/06\\\/KT_1816.jpg\"},{\"@type\":\"BreadcrumbList\",\"@id\":\"https:\\\/\\\/zstv.cz\\\/?page_id=375#breadcrumb\",\"itemListElement\":[{\"@type\":\"ListItem\",\"position\":1,\"name\":\"Dom\u016f\",\"item\":\"https:\\\/\\\/zstv.cz\\\/\"},{\"@type\":\"ListItem\",\"position\":2,\"name\":\"Simulace a v\u00fdpo\u010dty\"}]},{\"@type\":\"WebSite\",\"@id\":\"https:\\\/\\\/zstv.cz\\\/#website\",\"url\":\"https:\\\/\\\/zstv.cz\\\/\",\"name\":\"Zku\u0161ebna stavebn\u011b truhl\u00e1\u0159sk\u00fdch v\u00fdrobk\u016f a n\u00e1bytku\",\"description\":\"\",\"potentialAction\":[{\"@type\":\"SearchAction\",\"target\":{\"@type\":\"EntryPoint\",\"urlTemplate\":\"https:\\\/\\\/zstv.cz\\\/?s={search_term_string}\"},\"query-input\":{\"@type\":\"PropertyValueSpecification\",\"valueRequired\":true,\"valueName\":\"search_term_string\"}}],\"inLanguage\":\"cs\"}]}<\/script>\n<!-- \/ Yoast SEO plugin. -->","yoast_head_json":{"title":"Simulace a v\u00fdpo\u010dty - Zku\u0161ebna stavebn\u011b truhl\u00e1\u0159sk\u00fdch v\u00fdrobk\u016f a n\u00e1bytku","robots":{"index":"index","follow":"follow","max-snippet":"max-snippet:-1","max-image-preview":"max-image-preview:large","max-video-preview":"max-video-preview:-1"},"canonical":"https:\/\/zstv.cz\/?page_id=375","og_locale":"cs_CZ","og_type":"article","og_title":"Simulace a v\u00fdpo\u010dty - Zku\u0161ebna stavebn\u011b truhl\u00e1\u0159sk\u00fdch v\u00fdrobk\u016f a n\u00e1bytku","og_description":"Po\u010d\u00edta\u010dov\u00e1 simulace tepeln\u00fdch tok\u016f&nbsp; Na z\u00e1klad\u011b dodan\u00fdch v\u00fdkresov\u00fdch podklad\u016f a v\u00fd\u010dtu pou\u017eit\u00fdch materi\u00e1l\u016f prov\u00e1d\u00edme simulace tepeln\u00fdch tok\u016f proveden\u00fdm na z\u00e1klad\u011b [&hellip;]","og_url":"https:\/\/zstv.cz\/?page_id=375","og_site_name":"Zku\u0161ebna stavebn\u011b truhl\u00e1\u0159sk\u00fdch v\u00fdrobk\u016f a n\u00e1bytku","article_modified_time":"2021-08-11T10:38:11+00:00","og_image":[{"url":"https:\/\/rumex.mendelu.cz\/zstv\/wp-content\/uploads\/2021\/06\/KT_1816.jpg","type":"","width":"","height":""}],"twitter_card":"summary_large_image","twitter_misc":{"Odhadovan\u00e1 doba \u010dten\u00ed":"2 minuty"},"schema":{"@context":"https:\/\/schema.org","@graph":[{"@type":"WebPage","@id":"https:\/\/zstv.cz\/?page_id=375","url":"https:\/\/zstv.cz\/?page_id=375","name":"Simulace a v\u00fdpo\u010dty - Zku\u0161ebna stavebn\u011b truhl\u00e1\u0159sk\u00fdch v\u00fdrobk\u016f a n\u00e1bytku","isPartOf":{"@id":"https:\/\/zstv.cz\/#website"},"primaryImageOfPage":{"@id":"https:\/\/zstv.cz\/?page_id=375#primaryimage"},"image":{"@id":"https:\/\/zstv.cz\/?page_id=375#primaryimage"},"thumbnailUrl":"https:\/\/rumex.mendelu.cz\/zstv\/wp-content\/uploads\/2021\/06\/KT_1816.jpg","datePublished":"2021-08-11T10:35:13+00:00","dateModified":"2021-08-11T10:38:11+00:00","breadcrumb":{"@id":"https:\/\/zstv.cz\/?page_id=375#breadcrumb"},"inLanguage":"cs","potentialAction":[{"@type":"ReadAction","target":["https:\/\/zstv.cz\/?page_id=375"]}]},{"@type":"ImageObject","inLanguage":"cs","@id":"https:\/\/zstv.cz\/?page_id=375#primaryimage","url":"https:\/\/rumex.mendelu.cz\/zstv\/wp-content\/uploads\/2021\/06\/KT_1816.jpg","contentUrl":"https:\/\/rumex.mendelu.cz\/zstv\/wp-content\/uploads\/2021\/06\/KT_1816.jpg"},{"@type":"BreadcrumbList","@id":"https:\/\/zstv.cz\/?page_id=375#breadcrumb","itemListElement":[{"@type":"ListItem","position":1,"name":"Dom\u016f","item":"https:\/\/zstv.cz\/"},{"@type":"ListItem","position":2,"name":"Simulace a v\u00fdpo\u010dty"}]},{"@type":"WebSite","@id":"https:\/\/zstv.cz\/#website","url":"https:\/\/zstv.cz\/","name":"Zku\u0161ebna stavebn\u011b truhl\u00e1\u0159sk\u00fdch v\u00fdrobk\u016f a n\u00e1bytku","description":"","potentialAction":[{"@type":"SearchAction","target":{"@type":"EntryPoint","urlTemplate":"https:\/\/zstv.cz\/?s={search_term_string}"},"query-input":{"@type":"PropertyValueSpecification","valueRequired":true,"valueName":"search_term_string"}}],"inLanguage":"cs"}]}},"_links":{"self":[{"href":"https:\/\/zstv.cz\/index.php?rest_route=\/wp\/v2\/pages\/375","targetHints":{"allow":["GET"]}}],"collection":[{"href":"https:\/\/zstv.cz\/index.php?rest_route=\/wp\/v2\/pages"}],"about":[{"href":"https:\/\/zstv.cz\/index.php?rest_route=\/wp\/v2\/types\/page"}],"author":[{"embeddable":true,"href":"https:\/\/zstv.cz\/index.php?rest_route=\/wp\/v2\/users\/3"}],"replies":[{"embeddable":true,"href":"https:\/\/zstv.cz\/index.php?rest_route=%2Fwp%2Fv2%2Fcomments&post=375"}],"version-history":[{"count":19,"href":"https:\/\/zstv.cz\/index.php?rest_route=\/wp\/v2\/pages\/375\/revisions"}],"predecessor-version":[{"id":1337,"href":"https:\/\/zstv.cz\/index.php?rest_route=\/wp\/v2\/pages\/375\/revisions\/1337"}],"wp:attachment":[{"href":"https:\/\/zstv.cz\/index.php?rest_route=%2Fwp%2Fv2%2Fmedia&parent=375"}],"curies":[{"name":"wp","href":"https:\/\/api.w.org\/{rel}","templated":true}]}}