{"id":372,"date":"2021-08-11T10:20:06","date_gmt":"2021-08-11T08:20:06","guid":{"rendered":"https:\/\/rumex.mendelu.cz\/zstv\/?page_id=372"},"modified":"2025-09-19T09:56:06","modified_gmt":"2025-09-19T07:56:06","slug":"posuzovani-shody","status":"publish","type":"page","link":"https:\/\/zstv.cz\/?page_id=372","title":{"rendered":"Posuzov\u00e1n\u00ed shody"},"content":{"rendered":"\n<h3 class=\"wp-block-heading\"><strong>Autorizovan\u00e1 osoba 209<\/strong>&nbsp;<\/h3>\n\n\n\n<p>Zku\u0161ebna stavebn\u011b truhl\u00e1\u0159sk\u00fdch v\u00fdrobk\u016f ve Zl\u00edn\u011b je, podle Z\u00e1kona \u010d. 22\/1997 Sb. o technick\u00fdch po\u017eadavc\u00edch na v\u00fdrobky a o zm\u011bn\u011b a dopln\u011bn\u00ed n\u011bkter\u00fdch z\u00e1kon\u016f, \u00da\u0159adem pro technickou normalizaci, metrologii a st\u00e1tn\u00ed zku\u0161ebnictv\u00ed autorizov\u00e1na v rozsahu <a href=\"https:\/\/rumex.mendelu.cz\/zstv\/wp-content\/uploads\/2021\/08\/autorizace.pdf\">rozhodnut\u00ed<\/a>. Autorizace je ud\u011blena k \u010dinnostem p\u0159i posuzov\u00e1n\u00ed shody v\u00fdrobk\u016f zahrnuj\u00edc\u00edm i posuzov\u00e1n\u00ed \u010dinnost\u00ed souvisej\u00edc\u00edch s jejich v\u00fdrobou a \u010dinnost\u00ed vymezen\u00fdch v technick\u00fdch p\u0159edpisech stanoven\u00fdm v\u202fz\u00e1kon\u011b a Na\u0159\u00edzen\u00edm vl\u00e1dy \u010d. 163\/2002 Sb., kter\u00fdm se stanov\u00ed technick\u00e9 po\u017eadavky na vybran\u00e9 stavebn\u00ed v\u00fdrobky, ve zn\u011bn\u00ed n\u00e1sleduj\u00edc\u00edch zm\u011bn.<\/p>\n\n\n\n<p><strong>Postupy posuzov\u00e1n\u00ed shody:<\/strong><\/p>\n\n\n\n<ul class=\"wp-block-list\">\n<li>stavebn\u00ed technick\u00e9 osv\u011bd\u010den\u00ed (\u00a7 3),&nbsp;<\/li>\n\n\n\n<li>certifikace (\u00a7 5),<\/li>\n\n\n\n<li>certifikace bez zkou\u0161ek p\u0159i dohledu (\u00a7 5a),&nbsp;<\/li>\n\n\n\n<li>posouzen\u00ed syst\u00e9mu \u0159\u00edzen\u00ed v\u00fdroby (\u00a7 6),&nbsp;<\/li>\n\n\n\n<li>ov\u011b\u0159en\u00ed shody (\u00a7 7),&nbsp;<\/li>\n\n\n\n<li>posouzen\u00ed shody p\u0159i kusov\u00e9 v\u00fdrob\u011b (\u00a7 9).&nbsp;<\/li>\n<\/ul>\n\n\n\n<p><\/p>\n\n\n\n<p><strong>Rozsah rozhodnut\u00ed:&nbsp;<\/strong><\/p>\n\n\n\n<ul class=\"wp-block-list\">\n<li>konstruk\u010dn\u00ed v\u00fdrobky z rostl\u00e9ho d\u0159eva \u2013 jen d\u0159evo na stavebn\u00ed konstrukce,&nbsp;<\/li>\n\n\n\n<li>okna a dve\u0159e,&nbsp;<\/li>\n\n\n\n<li>z\u00e1rubn\u011b,&nbsp;<\/li>\n\n\n\n<li>st\u0159e\u0161n\u00ed okna,&nbsp;<\/li>\n\n\n\n<li>v\u00fdrobky pro tuh\u00e9 podlahov\u00e9 povrchy \u2013 jen parkety, tuh\u00e9 laminovan\u00e9 podlahoviny a v\u00fdrobky na b\u00e1zi d\u0159eva,&nbsp;<\/li>\n\n\n\n<li>vn\u011bj\u0161\u00ed a vnit\u0159n\u00ed obkladov\u00e9 prvky, desky, profily, panely, fas\u00e1dn\u00ed obklady \u2013 jen na b\u00e1zi d\u0159eva.&nbsp;<\/li>\n<\/ul>\n\n\n\n<p><\/p>\n\n\n\n<h3 class=\"wp-block-heading\"><strong>Ozn\u00e1men\u00fd subjekt \u010d. 1389<\/strong>&nbsp;<\/h3>\n\n\n\n<p>Zku\u0161ebna stavebn\u011b truhl\u00e1\u0159sk\u00fdch v\u00fdrobk\u016f ve Zl\u00edn\u011b je, podle Z\u00e1kona \u010d. 22\/1997 Sb. o technick\u00fdch po\u017eadavc\u00edch na v\u00fdrobky a o zm\u011bn\u011b a dopln\u011bn\u00ed n\u011bkter\u00fdch z\u00e1kon\u016f, \u00da\u0159adem pro technickou normalizaci, metrologii a st\u00e1tn\u00ed zku\u0161ebnictv\u00ed opr\u00e1vn\u011bna v rozsahu <a href=\"https:\/\/webgate.ec.europa.eu\/single-market-compliance-space\/notified-bodies\/notifications?organizationRefeCd=EPOS_54726&amp;filter=notificationStatusId:1\" target=\"_blank\" rel=\"noreferrer noopener\">rozhodnut\u00ed <\/a>k \u010dinnostem p\u0159i posuzov\u00e1n\u00ed a ov\u011b\u0159ov\u00e1n\u00ed st\u00e1losti vlastnost\u00ed stavebn\u00edch v\u00fdrobk\u016f ve vztahu k jejich z\u00e1kladn\u00edm charakteristik\u00e1m ve smyslu na\u0159\u00edzen\u00ed Evropsk\u00e9ho parlamentu a Rady (EU) \u010d. 305\/2011, kter\u00fdm se stanov\u00ed harmonizovan\u00e9 podm\u00ednky pro uv\u00e1d\u011bn\u00ed stavebn\u00edch v\u00fdrobk\u016f ozna\u010dovan\u00fdch CE na trh.<\/p>\n\n\n\n<p><\/p>\n\n\n\n<p><strong>Rozsah rozhodnut\u00ed<\/strong>&nbsp;<\/p>\n\n\n\n<ul class=\"wp-block-list\">\n<li>desky na b\u00e1zi d\u0159eva bez povrchov\u00e9 \u00fapravy, s povrchovou \u00fapravou a d\u00fdhovan\u00e9 nebo laminovan\u00e9 pro vnit\u0159n\u00ed nebo vn\u011bj\u0161\u00ed nosn\u00e9 konstrukce,&nbsp;<\/li>\n\n\n\n<li>desky na b\u00e1zi d\u0159eva bez povrchov\u00e9 \u00fapravy, s povrchovou \u00fapravou a d\u00fdhovan\u00e9 nebo laminovan\u00e9 pro vnit\u0159n\u00ed nebo vn\u011bj\u0161\u00ed nenosn\u00e9 konstrukce,&nbsp;<\/li>\n\n\n\n<li>dve\u0159e a vrata pro d\u011blen\u00ed na po\u017e\u00e1rn\u00ed\/kou\u0159ov\u00e9 \u00faseky a na \u00fanikov\u00fdch cest\u00e1ch,&nbsp;<\/li>\n\n\n\n<li>dve\u0159e a vrata pro jin\u00e1 ohl\u00e1\u0161en\u00e1 specifick\u00e1 pou\u017eit\u00ed a\/nebo pou\u017eit\u00ed, na kter\u00e1 se vztahuj\u00ed specifick\u00e9 po\u017eadavky, zejm\u00e9na na hluk, energii, t\u011bsnost a bezpe\u010dnost p\u0159i u\u017e\u00edv\u00e1n\u00ed,&nbsp;<\/li>\n\n\n\n<li>okna jak\u00e1koliv jin\u00e1 ne\u017e pro d\u011blen\u00ed na po\u017e\u00e1rn\u00ed\/kou\u0159ov\u00e9 \u00faseky a na \u00fanikov\u00fdch cest\u00e1ch,&nbsp;<\/li>\n\n\n\n<li>pru\u017en\u00e9 a textiln\u00ed podlahoviny,&nbsp;<\/li>\n\n\n\n<li>v\u00fdrobky pro tuh\u00e9 podlahov\u00e9 povrchy,&nbsp;<\/li>\n\n\n\n<li>konstruk\u010dn\u00ed v\u00fdrobky z rostl\u00e9ho d\u0159eva,<\/li>\n\n\n\n<li>jako prvky: mostn\u00ed prvky, p\u0159\u00edhradov\u00e9 prvky, pra\u017ece (mostnice), podlahov\u00e9 prvky, st\u011bnov\u00e9 prvky, st\u0159e\u0161n\u00ed prvky jako jsou nosn\u00edky, obloukov\u00e9 prvky, stropnice, krokve, sloupy, sto\u017e\u00e1ry, piloty),&nbsp;<\/li>\n\n\n\n<li>jako sestavy: p\u0159\u00edhradov\u00e9 nosn\u00edky, podlahy, st\u011bny, st\u0159echy, r\u00e1my \u2013 pro mosty, \u017eelezni\u010dn\u00ed trat\u011b, a pozemn\u00ed stavby,&nbsp;<\/li>\n\n\n\n<li>st\u0159e\u0161n\u00ed okna pro pou\u017eit\u00ed, na kter\u00e1 se vztahuj\u00ed p\u0159edpisy pro po\u017e\u00e1rn\u00ed odolnost,&nbsp;<\/li>\n\n\n\n<li>st\u0159e\u0161n\u00ed okna pro pou\u017eit\u00ed, na kter\u00e1 se vztahuj\u00ed p\u0159edpisy o reakci na ohe\u0148,&nbsp;<\/li>\n\n\n\n<li>st\u0159e\u0161n\u00ed okna pro pou\u017eit\u00ed, na kter\u00e1 se vztahuj\u00ed p\u0159edpisy pro o ukazatel\u00edch vlastnost\u00ed p\u0159i ohni z\u202fvenku,&nbsp;<\/li>\n\n\n\n<li>st\u0159e\u0161n\u00ed okna pro pou\u017eit\u00ed p\u0159isp\u00edvaj\u00edc\u00ed k vyztu\u017een\u00ed st\u0159e\u0161n\u00ed konstrukce,&nbsp;<\/li>\n\n\n\n<li>st\u0159e\u0161n\u00ed okna pro pou\u017eit\u00ed pro pou\u017eit\u00ed jin\u00e1 ne\u017e v\u00fd\u0161e specifikovan\u00e1,&nbsp;<\/li>\n\n\n\n<li>fas\u00e1dn\u00ed obklady.&nbsp;<\/li>\n<\/ul>\n\n\n\n<p><\/p>\n\n\n\n<p><strong>Aktu\u00e1ln\u00ed seznam harmonizovan\u00fdch norem, podle kter\u00fdch ozn\u00e1men\u00fd subjekt \u010d.1389 posuzuje shodu:&nbsp;<\/strong><\/p>\n\n\n\n<ul class=\"wp-block-list\">\n<li>\u010cSN EN 13986+A1 \u2013 Desky na b\u00e1zi d\u0159eva pro pou\u017eit\u00ed ve stavebnictv\u00ed \u2013 Charakteristiky, hodnocen\u00ed shody a ozna\u010den\u00ed,&nbsp;<\/li>\n\n\n\n<li>\u010cSN EN 14081\u20131+A1 \u2013 D\u0159ev\u011bn\u00e9 konstrukce \u2013 Konstruk\u010dn\u00ed d\u0159evo obd\u00e9ln\u00edkov\u00e9ho pr\u016f\u0159ezu t\u0159\u00edd\u011bn\u00e9 podle pevnosti \u2013 \u010c\u00e1st 1: Obecn\u00e9 po\u017eadavky,&nbsp;<\/li>\n\n\n\n<li>\u010cSN EN 14351\u20131+A1 \u2013 Okna a dve\u0159e \u2013 Norma v\u00fdrobku, funk\u010dn\u00ed vlastnosti \u2013 \u010c\u00e1st 1: Okna a vn\u011bj\u0161\u00ed dve\u0159e bez vlastnost\u00ed po\u017e\u00e1rn\u00ed odolnosti a\/nebo kou\u0159ot\u011bsnosti,&nbsp;<\/li>\n\n\n\n<li>\u010cSN EN 14351\u20131+A2 \u2013 Okna a dve\u0159e \u2013 Norma v\u00fdrobku, funk\u010dn\u00ed vlastnosti \u2013 \u010c\u00e1st 1: Okna a vn\u011bj\u0161\u00ed dve\u0159e<\/li>\n\n\n\n<li>\u010cSN EN 14041 \u2013 Pru\u017en\u00e9, textiln\u00ed a lamin\u00e1tov\u00e9 podlahov\u00e9 krytiny &#8211; Podstatn\u00e9 vlastnosti,&nbsp;<\/li>\n\n\n\n<li>\u010cSN EN 14915 \u2013 Vn\u011bj\u0161\u00ed a vnit\u0159n\u00ed obklady z rostl\u00e9ho d\u0159eva &#8211; Charakteristiky, posuzov\u00e1n\u00ed shody a ozna\u010den\u00ed,&nbsp;<\/li>\n\n\n\n<li>\u010cSN EN 14342 \u2013 D\u0159ev\u011bn\u00e9 podlahoviny &#8211; Charakteristiky, posuzov\u00e1n\u00ed shody a ozna\u010den\u00ed,<\/li>\n\n\n\n<li>\u010cSN EN 16034 \u2013 Dve\u0159e, vrata a otev\u00edrav\u00e1 okna \u2013 Norma v\u00fdrobku, funk\u010dn\u00ed vlastnosti \u2013 Charakteristiky po\u017e\u00e1rn\u00ed odolnosti a\/nebo kou\u0159ot\u011bsnosti.&nbsp;<\/li>\n<\/ul>\n\n\n\n<p><\/p>\n\n\n\n<h2 class=\"wp-block-heading\">Kontaktujte n\u00e1s<\/h2>\n\n\n\n<p>R\u00e1di V\u00e1m porad\u00edme, jak se na cel\u00fd proces posuzov\u00e1n\u00ed shody p\u0159ipravit. Pokra\u010dujte do sekce <a href=\"https:\/\/rumex.mendelu.cz\/zstv\/?page_id=390\">Kontakty <\/a>a vyhledejte odborn\u00edka pro V\u00e1\u0161 obor.<\/p>\n","protected":false},"excerpt":{"rendered":"<p>Autorizovan\u00e1 osoba 209&nbsp; Zku\u0161ebna stavebn\u011b truhl\u00e1\u0159sk\u00fdch v\u00fdrobk\u016f ve Zl\u00edn\u011b je, podle Z\u00e1kona \u010d. 22\/1997 Sb. o technick\u00fdch po\u017eadavc\u00edch na v\u00fdrobky [&hellip;]<\/p>\n","protected":false},"author":3,"featured_media":0,"parent":0,"menu_order":0,"comment_status":"closed","ping_status":"closed","template":"","meta":{"footnotes":""},"class_list":["post-372","page","type-page","status-publish","hentry"],"yoast_head":"<!-- This site is optimized with the Yoast SEO plugin v27.4 - https:\/\/yoast.com\/product\/yoast-seo-wordpress\/ -->\n<title>Posuzov\u00e1n\u00ed shody - Zku\u0161ebna stavebn\u011b truhl\u00e1\u0159sk\u00fdch v\u00fdrobk\u016f a n\u00e1bytku<\/title>\n<meta name=\"robots\" content=\"index, follow, max-snippet:-1, max-image-preview:large, max-video-preview:-1\" \/>\n<link rel=\"canonical\" href=\"https:\/\/zstv.cz\/?page_id=372\" \/>\n<meta property=\"og:locale\" content=\"cs_CZ\" \/>\n<meta property=\"og:type\" content=\"article\" \/>\n<meta property=\"og:title\" content=\"Posuzov\u00e1n\u00ed shody - Zku\u0161ebna stavebn\u011b truhl\u00e1\u0159sk\u00fdch v\u00fdrobk\u016f a n\u00e1bytku\" \/>\n<meta property=\"og:description\" content=\"Autorizovan\u00e1 osoba 209&nbsp; Zku\u0161ebna stavebn\u011b truhl\u00e1\u0159sk\u00fdch v\u00fdrobk\u016f ve Zl\u00edn\u011b je, podle Z\u00e1kona \u010d. 22\/1997 Sb. o technick\u00fdch po\u017eadavc\u00edch na v\u00fdrobky [&hellip;]\" \/>\n<meta property=\"og:url\" content=\"https:\/\/zstv.cz\/?page_id=372\" \/>\n<meta property=\"og:site_name\" content=\"Zku\u0161ebna stavebn\u011b truhl\u00e1\u0159sk\u00fdch v\u00fdrobk\u016f a n\u00e1bytku\" \/>\n<meta property=\"article:modified_time\" content=\"2025-09-19T07:56:06+00:00\" \/>\n<meta name=\"twitter:card\" content=\"summary_large_image\" \/>\n<meta name=\"twitter:label1\" content=\"Odhadovan\u00e1 doba \u010dten\u00ed\" \/>\n\t<meta name=\"twitter:data1\" content=\"4 minuty\" \/>\n<script type=\"application\/ld+json\" class=\"yoast-schema-graph\">{\"@context\":\"https:\\\/\\\/schema.org\",\"@graph\":[{\"@type\":\"WebPage\",\"@id\":\"https:\\\/\\\/zstv.cz\\\/?page_id=372\",\"url\":\"https:\\\/\\\/zstv.cz\\\/?page_id=372\",\"name\":\"Posuzov\u00e1n\u00ed shody - Zku\u0161ebna stavebn\u011b truhl\u00e1\u0159sk\u00fdch v\u00fdrobk\u016f a n\u00e1bytku\",\"isPartOf\":{\"@id\":\"https:\\\/\\\/zstv.cz\\\/#website\"},\"datePublished\":\"2021-08-11T08:20:06+00:00\",\"dateModified\":\"2025-09-19T07:56:06+00:00\",\"breadcrumb\":{\"@id\":\"https:\\\/\\\/zstv.cz\\\/?page_id=372#breadcrumb\"},\"inLanguage\":\"cs\",\"potentialAction\":[{\"@type\":\"ReadAction\",\"target\":[\"https:\\\/\\\/zstv.cz\\\/?page_id=372\"]}]},{\"@type\":\"BreadcrumbList\",\"@id\":\"https:\\\/\\\/zstv.cz\\\/?page_id=372#breadcrumb\",\"itemListElement\":[{\"@type\":\"ListItem\",\"position\":1,\"name\":\"Dom\u016f\",\"item\":\"https:\\\/\\\/zstv.cz\\\/\"},{\"@type\":\"ListItem\",\"position\":2,\"name\":\"Posuzov\u00e1n\u00ed shody\"}]},{\"@type\":\"WebSite\",\"@id\":\"https:\\\/\\\/zstv.cz\\\/#website\",\"url\":\"https:\\\/\\\/zstv.cz\\\/\",\"name\":\"Zku\u0161ebna stavebn\u011b truhl\u00e1\u0159sk\u00fdch v\u00fdrobk\u016f a n\u00e1bytku\",\"description\":\"\",\"potentialAction\":[{\"@type\":\"SearchAction\",\"target\":{\"@type\":\"EntryPoint\",\"urlTemplate\":\"https:\\\/\\\/zstv.cz\\\/?s={search_term_string}\"},\"query-input\":{\"@type\":\"PropertyValueSpecification\",\"valueRequired\":true,\"valueName\":\"search_term_string\"}}],\"inLanguage\":\"cs\"}]}<\/script>\n<!-- \/ Yoast SEO plugin. -->","yoast_head_json":{"title":"Posuzov\u00e1n\u00ed shody - Zku\u0161ebna stavebn\u011b truhl\u00e1\u0159sk\u00fdch v\u00fdrobk\u016f a n\u00e1bytku","robots":{"index":"index","follow":"follow","max-snippet":"max-snippet:-1","max-image-preview":"max-image-preview:large","max-video-preview":"max-video-preview:-1"},"canonical":"https:\/\/zstv.cz\/?page_id=372","og_locale":"cs_CZ","og_type":"article","og_title":"Posuzov\u00e1n\u00ed shody - Zku\u0161ebna stavebn\u011b truhl\u00e1\u0159sk\u00fdch v\u00fdrobk\u016f a n\u00e1bytku","og_description":"Autorizovan\u00e1 osoba 209&nbsp; Zku\u0161ebna stavebn\u011b truhl\u00e1\u0159sk\u00fdch v\u00fdrobk\u016f ve Zl\u00edn\u011b je, podle Z\u00e1kona \u010d. 22\/1997 Sb. o technick\u00fdch po\u017eadavc\u00edch na v\u00fdrobky [&hellip;]","og_url":"https:\/\/zstv.cz\/?page_id=372","og_site_name":"Zku\u0161ebna stavebn\u011b truhl\u00e1\u0159sk\u00fdch v\u00fdrobk\u016f a n\u00e1bytku","article_modified_time":"2025-09-19T07:56:06+00:00","twitter_card":"summary_large_image","twitter_misc":{"Odhadovan\u00e1 doba \u010dten\u00ed":"4 minuty"},"schema":{"@context":"https:\/\/schema.org","@graph":[{"@type":"WebPage","@id":"https:\/\/zstv.cz\/?page_id=372","url":"https:\/\/zstv.cz\/?page_id=372","name":"Posuzov\u00e1n\u00ed shody - Zku\u0161ebna stavebn\u011b truhl\u00e1\u0159sk\u00fdch v\u00fdrobk\u016f a n\u00e1bytku","isPartOf":{"@id":"https:\/\/zstv.cz\/#website"},"datePublished":"2021-08-11T08:20:06+00:00","dateModified":"2025-09-19T07:56:06+00:00","breadcrumb":{"@id":"https:\/\/zstv.cz\/?page_id=372#breadcrumb"},"inLanguage":"cs","potentialAction":[{"@type":"ReadAction","target":["https:\/\/zstv.cz\/?page_id=372"]}]},{"@type":"BreadcrumbList","@id":"https:\/\/zstv.cz\/?page_id=372#breadcrumb","itemListElement":[{"@type":"ListItem","position":1,"name":"Dom\u016f","item":"https:\/\/zstv.cz\/"},{"@type":"ListItem","position":2,"name":"Posuzov\u00e1n\u00ed shody"}]},{"@type":"WebSite","@id":"https:\/\/zstv.cz\/#website","url":"https:\/\/zstv.cz\/","name":"Zku\u0161ebna stavebn\u011b truhl\u00e1\u0159sk\u00fdch v\u00fdrobk\u016f a n\u00e1bytku","description":"","potentialAction":[{"@type":"SearchAction","target":{"@type":"EntryPoint","urlTemplate":"https:\/\/zstv.cz\/?s={search_term_string}"},"query-input":{"@type":"PropertyValueSpecification","valueRequired":true,"valueName":"search_term_string"}}],"inLanguage":"cs"}]}},"_links":{"self":[{"href":"https:\/\/zstv.cz\/index.php?rest_route=\/wp\/v2\/pages\/372","targetHints":{"allow":["GET"]}}],"collection":[{"href":"https:\/\/zstv.cz\/index.php?rest_route=\/wp\/v2\/pages"}],"about":[{"href":"https:\/\/zstv.cz\/index.php?rest_route=\/wp\/v2\/types\/page"}],"author":[{"embeddable":true,"href":"https:\/\/zstv.cz\/index.php?rest_route=\/wp\/v2\/users\/3"}],"replies":[{"embeddable":true,"href":"https:\/\/zstv.cz\/index.php?rest_route=%2Fwp%2Fv2%2Fcomments&post=372"}],"version-history":[{"count":40,"href":"https:\/\/zstv.cz\/index.php?rest_route=\/wp\/v2\/pages\/372\/revisions"}],"predecessor-version":[{"id":1699,"href":"https:\/\/zstv.cz\/index.php?rest_route=\/wp\/v2\/pages\/372\/revisions\/1699"}],"wp:attachment":[{"href":"https:\/\/zstv.cz\/index.php?rest_route=%2Fwp%2Fv2%2Fmedia&parent=372"}],"curies":[{"name":"wp","href":"https:\/\/api.w.org\/{rel}","templated":true}]}}