{"id":369,"date":"2021-08-11T12:30:59","date_gmt":"2021-08-11T10:30:59","guid":{"rendered":"https:\/\/rumex.mendelu.cz\/zstv\/?page_id=369"},"modified":"2023-05-29T14:09:10","modified_gmt":"2023-05-29T12:09:10","slug":"certifikace","status":"publish","type":"page","link":"https:\/\/zstv.cz\/?page_id=369","title":{"rendered":"V\u00fdrobkov\u00e1 certifikace"},"content":{"rendered":"\n<h3 class=\"wp-block-heading\"><strong>Certifika\u010dn\u00ed org\u00e1n \u010d. 3061<\/strong><\/h3>\n\n\n\n<p>Zku\u0161ebna stavebn\u011b truhl\u00e1\u0159sk\u00fdch v\u00fdrobk\u016f ve Zl\u00edn\u011b je, v souladu se z\u00e1konem \u010d. 22\/1997 Sb. o technick\u00fdch po\u017eadavc\u00edch na v\u00fdrobky a o zm\u011bn\u011b a dopln\u011bn\u00ed n\u011bkter\u00fdch z\u00e1kon\u016f, <a href=\"https:\/\/www.cai.cz\/?subjekt=3061-mendelova-univerzita-v-brne\" target=\"_blank\" rel=\"noreferrer noopener\">\u010cesk\u00fdm institutem pro akreditaci<\/a> akreditov\u00e1na dle \u010cSN EN ISO\/IEC 17065 v rozsahu <a href=\"https:\/\/www.cai.cz\/?subjekt=3061-mendelova-univerzita-v-brne\" target=\"_blank\" rel=\"noreferrer noopener\">osv\u011bd\u010den\u00ed<\/a>. Akreditace je ud\u011blena k \u010dinnostem p\u0159i certifikaci nebo posuzov\u00e1n\u00ed shody v\u00fdrobk\u016f zahrnuj\u00edc\u00edm i posuzov\u00e1n\u00ed \u010dinnost\u00ed souvisej\u00edc\u00edch s jejich v\u00fdrobou a \u010dinnost\u00ed vymezen\u00fdch v technick\u00fdch po\u017eadavc\u00edch na v\u00fdrobky.&nbsp;<\/p>\n\n\n\n<p><\/p>\n\n\n\n<p><strong>Certifikace produkt\u016f<\/strong>&nbsp;<\/p>\n\n\n\n<ul class=\"wp-block-list\"><li>desky ze d\u0159eva a na b\u00e1zi d\u0159eva,&nbsp;<\/li><li>podlahy ze d\u0159eva a na b\u00e1zi d\u0159eva, lamin\u00e1tov\u00e9 podlahov\u00e9 krytiny,&nbsp;<\/li><li>okna a jejich r\u00e1my,<\/li><li>dve\u0159e a jejich r\u00e1my,<\/li><li>balk\u00f3nov\u00e9 a terasov\u00e9 zaskl\u00edvac\u00ed syst\u00e9my,<\/li><li>d\u0159evo a \u0159ezivo,&nbsp;<\/li><li>n\u00e1bytek a matrace.&nbsp;<\/li><\/ul>\n\n\n\n<p><\/p>\n\n\n\n<p><strong>Certifikace proces\u016f<\/strong>&nbsp;<\/p>\n\n\n\n<ul class=\"wp-block-list\"><li>zabudov\u00e1n\u00ed oken, okenn\u00edch sestav a vn\u011bj\u0161\u00edch dve\u0159\u00ed do stavby.&nbsp;<\/li><\/ul>\n\n\n\n<p><\/p>\n\n\n\n<h2 class=\"wp-block-heading\">N\u00e1\u0161 specialista v dan\u00e9 oblasti<\/h2>\n\n\n<div id=\"pl-gb369-69f0b456b23e1\"  class=\"panel-layout\" ><div id=\"pg-gb369-69f0b456b23e1-0\"  class=\"panel-grid panel-no-style\" ><div id=\"pgc-gb369-69f0b456b23e1-0-0\"  class=\"panel-grid-cell\" ><div id=\"panel-gb369-69f0b456b23e1-0-0-0\" class=\"so-panel widget widget_text panel-first-child panel-last-child\" data-index=\"0\" >\t\t\t<div class=\"textwidget\"><p><img decoding=\"async\" class=\"size-full wp-image-979 aligncenter lazyload\" data-src=\"https:\/\/rumex.mendelu.cz\/zstv\/wp-content\/uploads\/2021\/06\/Mitacek-Petr-2021-02-03_IMG_1826-1.jpg\" alt=\"\" width=\"200\" height=\"267\" src=\"data:image\/svg+xml;base64,PHN2ZyB3aWR0aD0iMSIgaGVpZ2h0PSIxIiB4bWxucz0iaHR0cDovL3d3dy53My5vcmcvMjAwMC9zdmciPjwvc3ZnPg==\" style=\"--smush-placeholder-width: 200px; --smush-placeholder-aspect-ratio: 200\/267;\" \/><\/p>\n<\/div>\n\t\t<\/div><\/div><div id=\"pgc-gb369-69f0b456b23e1-0-1\"  class=\"panel-grid-cell\" ><div id=\"panel-gb369-69f0b456b23e1-0-1-0\" class=\"so-panel widget widget_text panel-first-child panel-last-child\" data-index=\"1\" >\t\t\t<div class=\"textwidget\"><figure class=\"wp-block-table alignwide is-style-stripes\">\n<table>\n<tbody>\n<tr>\n<td><a href=\"?page_id=390\">Ing. Petr Mit\u00e1\u010dek<\/a><\/td>\n<\/tr>\n<tr>\n<td>posuzov\u00e1n\u00ed shody a certifikace stavebn\u00edho d\u0159\u00edv\u00ed a podlahovin<\/td>\n<\/tr>\n<tr>\n<td>mobil: +420 739 555 327<\/td>\n<\/tr>\n<tr>\n<td>e-mail: <a href=\"mailto:petr.mitacek@zstv.cz\">petr.mitacek@zstv.cz<\/a><\/td>\n<\/tr>\n<\/tbody>\n<\/table>\n<\/figure>\n<\/div>\n\t\t<\/div><\/div><\/div><\/div>","protected":false},"excerpt":{"rendered":"<p>Certifika\u010dn\u00ed org\u00e1n \u010d. 3061 Zku\u0161ebna stavebn\u011b truhl\u00e1\u0159sk\u00fdch v\u00fdrobk\u016f ve Zl\u00edn\u011b je, v souladu se z\u00e1konem \u010d. 22\/1997 Sb. o technick\u00fdch [&hellip;]<\/p>\n","protected":false},"author":3,"featured_media":0,"parent":0,"menu_order":0,"comment_status":"closed","ping_status":"closed","template":"","meta":{"footnotes":""},"class_list":["post-369","page","type-page","status-publish","hentry"],"yoast_head":"<!-- This site is optimized with the Yoast SEO plugin v27.4 - https:\/\/yoast.com\/product\/yoast-seo-wordpress\/ -->\n<title>V\u00fdrobkov\u00e1 certifikace - Zku\u0161ebna stavebn\u011b truhl\u00e1\u0159sk\u00fdch v\u00fdrobk\u016f a n\u00e1bytku<\/title>\n<meta name=\"robots\" content=\"index, follow, max-snippet:-1, max-image-preview:large, max-video-preview:-1\" \/>\n<link rel=\"canonical\" href=\"https:\/\/zstv.cz\/?page_id=369\" \/>\n<meta property=\"og:locale\" content=\"cs_CZ\" \/>\n<meta property=\"og:type\" content=\"article\" \/>\n<meta property=\"og:title\" content=\"V\u00fdrobkov\u00e1 certifikace - Zku\u0161ebna stavebn\u011b truhl\u00e1\u0159sk\u00fdch v\u00fdrobk\u016f a n\u00e1bytku\" \/>\n<meta property=\"og:description\" content=\"Certifika\u010dn\u00ed org\u00e1n \u010d. 3061 Zku\u0161ebna stavebn\u011b truhl\u00e1\u0159sk\u00fdch v\u00fdrobk\u016f ve Zl\u00edn\u011b je, v souladu se z\u00e1konem \u010d. 22\/1997 Sb. o technick\u00fdch [&hellip;]\" \/>\n<meta property=\"og:url\" content=\"https:\/\/zstv.cz\/?page_id=369\" \/>\n<meta property=\"og:site_name\" content=\"Zku\u0161ebna stavebn\u011b truhl\u00e1\u0159sk\u00fdch v\u00fdrobk\u016f a n\u00e1bytku\" \/>\n<meta property=\"article:modified_time\" content=\"2023-05-29T12:09:10+00:00\" \/>\n<meta property=\"og:image\" content=\"https:\/\/rumex.mendelu.cz\/zstv\/wp-content\/uploads\/2021\/06\/Mitacek-Petr-2021-02-03_IMG_1826-1.jpg\" \/>\n<meta name=\"twitter:card\" content=\"summary_large_image\" \/>\n<meta name=\"twitter:label1\" content=\"Odhadovan\u00e1 doba \u010dten\u00ed\" \/>\n\t<meta name=\"twitter:data1\" content=\"2 minuty\" \/>\n<script type=\"application\/ld+json\" class=\"yoast-schema-graph\">{\"@context\":\"https:\\\/\\\/schema.org\",\"@graph\":[{\"@type\":\"WebPage\",\"@id\":\"https:\\\/\\\/zstv.cz\\\/?page_id=369\",\"url\":\"https:\\\/\\\/zstv.cz\\\/?page_id=369\",\"name\":\"V\u00fdrobkov\u00e1 certifikace - Zku\u0161ebna stavebn\u011b truhl\u00e1\u0159sk\u00fdch v\u00fdrobk\u016f a n\u00e1bytku\",\"isPartOf\":{\"@id\":\"https:\\\/\\\/zstv.cz\\\/#website\"},\"primaryImageOfPage\":{\"@id\":\"https:\\\/\\\/zstv.cz\\\/?page_id=369#primaryimage\"},\"image\":{\"@id\":\"https:\\\/\\\/zstv.cz\\\/?page_id=369#primaryimage\"},\"thumbnailUrl\":\"https:\\\/\\\/rumex.mendelu.cz\\\/zstv\\\/wp-content\\\/uploads\\\/2021\\\/06\\\/Mitacek-Petr-2021-02-03_IMG_1826-1.jpg\",\"datePublished\":\"2021-08-11T10:30:59+00:00\",\"dateModified\":\"2023-05-29T12:09:10+00:00\",\"breadcrumb\":{\"@id\":\"https:\\\/\\\/zstv.cz\\\/?page_id=369#breadcrumb\"},\"inLanguage\":\"cs\",\"potentialAction\":[{\"@type\":\"ReadAction\",\"target\":[\"https:\\\/\\\/zstv.cz\\\/?page_id=369\"]}]},{\"@type\":\"ImageObject\",\"inLanguage\":\"cs\",\"@id\":\"https:\\\/\\\/zstv.cz\\\/?page_id=369#primaryimage\",\"url\":\"https:\\\/\\\/rumex.mendelu.cz\\\/zstv\\\/wp-content\\\/uploads\\\/2021\\\/06\\\/Mitacek-Petr-2021-02-03_IMG_1826-1.jpg\",\"contentUrl\":\"https:\\\/\\\/rumex.mendelu.cz\\\/zstv\\\/wp-content\\\/uploads\\\/2021\\\/06\\\/Mitacek-Petr-2021-02-03_IMG_1826-1.jpg\"},{\"@type\":\"BreadcrumbList\",\"@id\":\"https:\\\/\\\/zstv.cz\\\/?page_id=369#breadcrumb\",\"itemListElement\":[{\"@type\":\"ListItem\",\"position\":1,\"name\":\"Dom\u016f\",\"item\":\"https:\\\/\\\/zstv.cz\\\/\"},{\"@type\":\"ListItem\",\"position\":2,\"name\":\"V\u00fdrobkov\u00e1 certifikace\"}]},{\"@type\":\"WebSite\",\"@id\":\"https:\\\/\\\/zstv.cz\\\/#website\",\"url\":\"https:\\\/\\\/zstv.cz\\\/\",\"name\":\"Zku\u0161ebna stavebn\u011b truhl\u00e1\u0159sk\u00fdch v\u00fdrobk\u016f a n\u00e1bytku\",\"description\":\"\",\"potentialAction\":[{\"@type\":\"SearchAction\",\"target\":{\"@type\":\"EntryPoint\",\"urlTemplate\":\"https:\\\/\\\/zstv.cz\\\/?s={search_term_string}\"},\"query-input\":{\"@type\":\"PropertyValueSpecification\",\"valueRequired\":true,\"valueName\":\"search_term_string\"}}],\"inLanguage\":\"cs\"}]}<\/script>\n<!-- \/ Yoast SEO plugin. -->","yoast_head_json":{"title":"V\u00fdrobkov\u00e1 certifikace - Zku\u0161ebna stavebn\u011b truhl\u00e1\u0159sk\u00fdch v\u00fdrobk\u016f a n\u00e1bytku","robots":{"index":"index","follow":"follow","max-snippet":"max-snippet:-1","max-image-preview":"max-image-preview:large","max-video-preview":"max-video-preview:-1"},"canonical":"https:\/\/zstv.cz\/?page_id=369","og_locale":"cs_CZ","og_type":"article","og_title":"V\u00fdrobkov\u00e1 certifikace - Zku\u0161ebna stavebn\u011b truhl\u00e1\u0159sk\u00fdch v\u00fdrobk\u016f a n\u00e1bytku","og_description":"Certifika\u010dn\u00ed org\u00e1n \u010d. 3061 Zku\u0161ebna stavebn\u011b truhl\u00e1\u0159sk\u00fdch v\u00fdrobk\u016f ve Zl\u00edn\u011b je, v souladu se z\u00e1konem \u010d. 22\/1997 Sb. o technick\u00fdch [&hellip;]","og_url":"https:\/\/zstv.cz\/?page_id=369","og_site_name":"Zku\u0161ebna stavebn\u011b truhl\u00e1\u0159sk\u00fdch v\u00fdrobk\u016f a n\u00e1bytku","article_modified_time":"2023-05-29T12:09:10+00:00","og_image":[{"url":"https:\/\/rumex.mendelu.cz\/zstv\/wp-content\/uploads\/2021\/06\/Mitacek-Petr-2021-02-03_IMG_1826-1.jpg","type":"","width":"","height":""}],"twitter_card":"summary_large_image","twitter_misc":{"Odhadovan\u00e1 doba \u010dten\u00ed":"2 minuty"},"schema":{"@context":"https:\/\/schema.org","@graph":[{"@type":"WebPage","@id":"https:\/\/zstv.cz\/?page_id=369","url":"https:\/\/zstv.cz\/?page_id=369","name":"V\u00fdrobkov\u00e1 certifikace - Zku\u0161ebna stavebn\u011b truhl\u00e1\u0159sk\u00fdch v\u00fdrobk\u016f a n\u00e1bytku","isPartOf":{"@id":"https:\/\/zstv.cz\/#website"},"primaryImageOfPage":{"@id":"https:\/\/zstv.cz\/?page_id=369#primaryimage"},"image":{"@id":"https:\/\/zstv.cz\/?page_id=369#primaryimage"},"thumbnailUrl":"https:\/\/rumex.mendelu.cz\/zstv\/wp-content\/uploads\/2021\/06\/Mitacek-Petr-2021-02-03_IMG_1826-1.jpg","datePublished":"2021-08-11T10:30:59+00:00","dateModified":"2023-05-29T12:09:10+00:00","breadcrumb":{"@id":"https:\/\/zstv.cz\/?page_id=369#breadcrumb"},"inLanguage":"cs","potentialAction":[{"@type":"ReadAction","target":["https:\/\/zstv.cz\/?page_id=369"]}]},{"@type":"ImageObject","inLanguage":"cs","@id":"https:\/\/zstv.cz\/?page_id=369#primaryimage","url":"https:\/\/rumex.mendelu.cz\/zstv\/wp-content\/uploads\/2021\/06\/Mitacek-Petr-2021-02-03_IMG_1826-1.jpg","contentUrl":"https:\/\/rumex.mendelu.cz\/zstv\/wp-content\/uploads\/2021\/06\/Mitacek-Petr-2021-02-03_IMG_1826-1.jpg"},{"@type":"BreadcrumbList","@id":"https:\/\/zstv.cz\/?page_id=369#breadcrumb","itemListElement":[{"@type":"ListItem","position":1,"name":"Dom\u016f","item":"https:\/\/zstv.cz\/"},{"@type":"ListItem","position":2,"name":"V\u00fdrobkov\u00e1 certifikace"}]},{"@type":"WebSite","@id":"https:\/\/zstv.cz\/#website","url":"https:\/\/zstv.cz\/","name":"Zku\u0161ebna stavebn\u011b truhl\u00e1\u0159sk\u00fdch v\u00fdrobk\u016f a n\u00e1bytku","description":"","potentialAction":[{"@type":"SearchAction","target":{"@type":"EntryPoint","urlTemplate":"https:\/\/zstv.cz\/?s={search_term_string}"},"query-input":{"@type":"PropertyValueSpecification","valueRequired":true,"valueName":"search_term_string"}}],"inLanguage":"cs"}]}},"_links":{"self":[{"href":"https:\/\/zstv.cz\/index.php?rest_route=\/wp\/v2\/pages\/369","targetHints":{"allow":["GET"]}}],"collection":[{"href":"https:\/\/zstv.cz\/index.php?rest_route=\/wp\/v2\/pages"}],"about":[{"href":"https:\/\/zstv.cz\/index.php?rest_route=\/wp\/v2\/types\/page"}],"author":[{"embeddable":true,"href":"https:\/\/zstv.cz\/index.php?rest_route=\/wp\/v2\/users\/3"}],"replies":[{"embeddable":true,"href":"https:\/\/zstv.cz\/index.php?rest_route=%2Fwp%2Fv2%2Fcomments&post=369"}],"version-history":[{"count":17,"href":"https:\/\/zstv.cz\/index.php?rest_route=\/wp\/v2\/pages\/369\/revisions"}],"predecessor-version":[{"id":1646,"href":"https:\/\/zstv.cz\/index.php?rest_route=\/wp\/v2\/pages\/369\/revisions\/1646"}],"wp:attachment":[{"href":"https:\/\/zstv.cz\/index.php?rest_route=%2Fwp%2Fv2%2Fmedia&parent=369"}],"curies":[{"name":"wp","href":"https:\/\/api.w.org\/{rel}","templated":true}]}}