{"id":363,"date":"2021-08-11T15:00:36","date_gmt":"2021-08-11T13:00:36","guid":{"rendered":"https:\/\/rumex.mendelu.cz\/zstv\/?page_id=363"},"modified":"2022-07-19T11:05:13","modified_gmt":"2022-07-19T09:05:13","slug":"sluzby","status":"publish","type":"page","link":"https:\/\/zstv.cz\/?page_id=363","title":{"rendered":"Partner ve sv\u011bt\u011b oken a dve\u0159\u00ed"},"content":{"rendered":"\n<p>Ka\u017ed\u00fd v\u00fdrobce oken nebo dve\u0159\u00ed m\u00e1 sv\u016fj syst\u00e9m \u0159\u00edzen\u00ed kvality a specifick\u00e9 v\u00fdrobn\u00ed prost\u0159edky. Zd\u00e1nliv\u011b stejn\u00e1 okna ze sejn\u00e9ho profilu nebo vyr\u00e1b\u011bn\u00e1 na stejn\u00e9 n\u00e1strojov\u00e9 sad\u011b mohou m\u00edt velmi odli\u0161n\u00e9 vlastnosti. Proto mus\u00ed m\u00edt v\u00fdrobce typov\u00e9 zkou\u0161ky, posouzen\u00ed vlastnost\u00ed \u010di certifikaci pro sv\u00e9 vlastn\u00ed v\u00fdrobky.<\/p>\n\n\n\n<p><strong>Slu\u017eby laborato\u0159e<\/strong><\/p>\n\n\n\n<p>V&nbsp;na\u0161\u00ed akreditovan\u00e9 zku\u0161ebn\u00ed laborato\u0159i jsme p\u0159ipraveni poskytnout zkou\u0161ky oken a dve\u0159\u00ed pro z\u00e1kladn\u00ed, ale i dopl\u0148kov\u00e9 vlastnosti. V&nbsp;p\u0159\u00edpad\u011b nutnosti zkou\u0161ek, kter\u00e9 nejsou v&nbsp;na\u0161em rozsahu, vyu\u017e\u00edv\u00e1me smluvn\u00ed akreditovan\u00e9 zku\u0161ebn\u00ed laborato\u0159e. Dok\u00e1\u017eeme tak obs\u00e1hnout ucelen\u00fd komplet zkou\u0161ek, kter\u00fd je pro dan\u00fd v\u00fdrobek po\u017eadovan\u00fd.<\/p>\n\n\n\n<p>Pro jednotliv\u00e9 kategorie v\u00fdrobk\u016f uv\u00e1d\u00edme z\u00e1kladn\u00ed vlastnosti.<\/p>\n\n\n\n<p>Okna a vn\u011bj\u0161\u00ed dve\u0159e:<\/p>\n\n\n\n<ul class=\"wp-block-list\"><li>pr\u016fvzdu\u0161nost (zkou\u0161ka),<\/li><li>vodot\u011bsnost (zkou\u0161ka),<\/li><li>odolnost proti zat\u00ed\u017een\u00ed v\u011btrem (zkou\u0161ka),<\/li><li>akustick\u00e9 vlastnosti (zkou\u0161ka nebo v\u00fdpo\u010det),<\/li><li>sou\u010dinitel prostupu tepla (zkou\u0161ka nebo v\u00fdpo\u010det a po\u010d\u00edta\u010dov\u00e1 simulace).<\/li><\/ul>\n\n\n\n<figure class=\"wp-block-gallery has-nested-images columns-default is-cropped wp-block-gallery-1 is-layout-flex wp-block-gallery-is-layout-flex\">\n<figure class=\"wp-block-image size-large\"><img decoding=\"async\" width=\"683\" height=\"1024\" data-id=\"482\" data-src=\"https:\/\/rumex.mendelu.cz\/zstv\/wp-content\/uploads\/2016\/10\/IMG_3186-683x1024.jpg\" alt=\"\" class=\"wp-image-482 lazyload\" data-srcset=\"https:\/\/zstv.cz\/wp-content\/uploads\/2016\/10\/IMG_3186-683x1024.jpg 683w, https:\/\/zstv.cz\/wp-content\/uploads\/2016\/10\/IMG_3186-200x300.jpg 200w, https:\/\/zstv.cz\/wp-content\/uploads\/2016\/10\/IMG_3186-768x1152.jpg 768w, https:\/\/zstv.cz\/wp-content\/uploads\/2016\/10\/IMG_3186-1024x1536.jpg 1024w, https:\/\/zstv.cz\/wp-content\/uploads\/2016\/10\/IMG_3186-1365x2048.jpg 1365w, https:\/\/zstv.cz\/wp-content\/uploads\/2016\/10\/IMG_3186-scaled.jpg 1707w\" data-sizes=\"(max-width: 683px) 100vw, 683px\" src=\"data:image\/svg+xml;base64,PHN2ZyB3aWR0aD0iMSIgaGVpZ2h0PSIxIiB4bWxucz0iaHR0cDovL3d3dy53My5vcmcvMjAwMC9zdmciPjwvc3ZnPg==\" style=\"--smush-placeholder-width: 683px; --smush-placeholder-aspect-ratio: 683\/1024;\" \/><\/figure>\n\n\n\n<figure class=\"wp-block-image size-large\"><img decoding=\"async\" width=\"683\" height=\"1024\" data-id=\"758\" data-src=\"https:\/\/rumex.mendelu.cz\/zstv\/wp-content\/uploads\/2021\/04\/IMG_3117-683x1024.jpg\" alt=\"\" class=\"wp-image-758 lazyload\" data-srcset=\"https:\/\/zstv.cz\/wp-content\/uploads\/2021\/04\/IMG_3117-683x1024.jpg 683w, https:\/\/zstv.cz\/wp-content\/uploads\/2021\/04\/IMG_3117-200x300.jpg 200w, https:\/\/zstv.cz\/wp-content\/uploads\/2021\/04\/IMG_3117-768x1152.jpg 768w, https:\/\/zstv.cz\/wp-content\/uploads\/2021\/04\/IMG_3117-1024x1536.jpg 1024w, https:\/\/zstv.cz\/wp-content\/uploads\/2021\/04\/IMG_3117-1365x2048.jpg 1365w, https:\/\/zstv.cz\/wp-content\/uploads\/2021\/04\/IMG_3117-scaled.jpg 1707w\" data-sizes=\"(max-width: 683px) 100vw, 683px\" src=\"data:image\/svg+xml;base64,PHN2ZyB3aWR0aD0iMSIgaGVpZ2h0PSIxIiB4bWxucz0iaHR0cDovL3d3dy53My5vcmcvMjAwMC9zdmciPjwvc3ZnPg==\" style=\"--smush-placeholder-width: 683px; --smush-placeholder-aspect-ratio: 683\/1024;\" \/><\/figure>\n<\/figure>\n\n\n\n<p><\/p>\n\n\n\n<p>Dve\u0159e vnit\u0159n\u00ed a z\u00e1rubn\u011b:<\/p>\n\n\n\n<ul class=\"wp-block-list\"><li>mechanick\u00e1 odolnost (zkou\u0161ka).<\/li><\/ul>\n\n\n\n<p>Dal\u0161\u00ed vlastnosti naleznete v&nbsp;seznamu zkou\u0161ek pro danou v\u00fdrobkovou kategorii.<\/p>\n\n\n\n<p><\/p>\n\n\n\n<p><strong>Posouzen\u00ed vlastnost\u00ed autorizovanou osobou nebo ozn\u00e1men\u00fdm subjektem<\/strong><\/p>\n\n\n\n<p>Jsme p\u0159ipraveni v\u00e1m zpracovat posouzen\u00ed vlastnost\u00ed v\u00fdrobk\u016f nebo ov\u011b\u0159en\u00ed shody typu v\u00fdrobku, abyste si na z\u00e1klad\u011b v\u00fdsledk\u016f zkou\u0161ek mohli vystavit prohl\u00e1\u0161en\u00ed o vlastnostech nebo prohl\u00e1\u0161en\u00ed o shod\u011b. Toto m\u016f\u017eeme prov\u00e9st na z\u00e1klad\u011b zkou\u0161ek proveden\u00fdch v&nbsp;na\u0161\u00ed akreditovan\u00e9 zku\u0161ebn\u00ed laborato\u0159i nebo na z\u00e1klad\u011b v\u00e1mi dodan\u00fdch protokol\u016f o zkou\u0161k\u00e1ch z jin\u00e9 akreditovan\u00e9 zku\u0161ebn\u00ed laborato\u0159e.<\/p>\n\n\n\n<p><\/p>\n\n\n\n<p><strong>Certifikace protipo\u017e\u00e1rn\u00edch dve\u0159\u00ed<\/strong><\/p>\n\n\n\n<p>Vyr\u00e1b\u00edte okna a dve\u0159e s&nbsp;po\u017e\u00e1rn\u00ed odolnost\u00ed, po\u017e\u00e1rn\u00ed nebo kou\u0159ot\u011bsn\u00e9 uz\u00e1v\u011bry? Jsme p\u0159ipraveni va\u0161e v\u00fdrobky certifikovat. Na z\u00e1klad\u011b n\u00e1mi proveden\u00e9 prov\u011brky syst\u00e9mu \u0159\u00edzen\u00ed v\u00fdroby a p\u0159ezkoum\u00e1n\u00ed v\u00e1mi dodan\u00e9 dokumentace a protokol\u016f o zkou\u0161k\u00e1ch v\u00e1m vystav\u00edme certifik\u00e1t v\u00fdrobku.<\/p>\n\n\n\n<p><\/p>\n\n\n\n<p><strong>Simulace teplotn\u00edch pol\u00ed a pr\u016fb\u011bh izoterm<\/strong><\/p>\n\n\n\n<p>M\u016f\u017ee se v\u00e1m st\u00e1t, \u017ee budete pot\u0159ebovat v\u011bd\u011bt, zda na va\u0161ich oknech nebude za standardn\u00edch podm\u00ednek kondenzovat voda. Na z\u00e1klad\u011b dodan\u00e9ho v\u00fdkresu a seznamu pou\u017eit\u00fdch materi\u00e1l\u016f v\u00e1m zpracujeme simulaci teplotn\u00edch pol\u00ed, pr\u016fb\u011bhu izoterm a ur\u010d\u00edme nejni\u017e\u0161\u00ed vnit\u0159n\u00ed povrchovou teplotu konkr\u00e9tn\u00edho detailu okna s&nbsp;p\u0159ilehlou stavebn\u00ed konstrukc\u00ed.<\/p>\n\n\n\n<p><\/p>\n\n\n\n<p><strong>Osv\u011bd\u010den\u00ed o odborn\u00e9 zp\u016fsobilosti zabudov\u00e1n\u00ed oken a vn\u011bj\u0161\u00edch dve\u0159\u00ed do stavby<\/strong><\/p>\n\n\n\n<p>Prov\u00e1d\u00edme \u0161kolen\u00ed mont\u00e1\u017en\u00edk\u016f dle platn\u00fdch po\u017eadavk\u016f na zabudov\u00e1n\u00ed oken a dve\u0159\u00ed do stavby, v\u010detn\u011b kontroly syst\u00e9mu \u0159\u00edzen\u00ed kvality a dohledu p\u0159i vlastn\u00ed mont\u00e1\u017ei. Cel\u00fd proces ukon\u010d\u00edme vyd\u00e1n\u00edm osv\u011bd\u010den\u00ed nez\u00e1visl\u00e9 instituce, kter\u00e9 prok\u00e1\u017ee va\u0161i odbornou zp\u016fsobilost.<\/p>\n\n\n\n<p><\/p>\n\n\n\n<p><strong>Aplikovan\u00fd v\u00fdzkum<\/strong><\/p>\n\n\n\n<p>Vyv\u00edj\u00edte nov\u00fd v\u00fdrobek a chcete spolupracovat s&nbsp;odbornou instituc\u00ed? Pot\u0159ebujete pro sv\u016fj vyv\u00edjen\u00fd v\u00fdrobek zjistit jeho vlastnosti a nem\u00e1te na to pot\u0159ebn\u00e9 za\u0159\u00edzen\u00ed? Nab\u00edz\u00edme v\u00e1m proveden\u00ed zkou\u0161ek v na\u0161ich laboratorn\u00edch prostor\u00e1ch i mimo n\u011b p\u0159i:<\/p>\n\n\n\n<ul class=\"wp-block-list\"><li>v\u00fdvoji nov\u00fdch v\u00fdrobk\u016f,<\/li><li>inovac\u00edch v\u00fdrobk\u016f,<\/li><li>v\u00fdvoji a testov\u00e1n\u00ed prototyp\u016f.<\/li><\/ul>\n\n\n\n<p><\/p>\n\n\n\n<p class=\"hidden\"><strong>Poradenstv\u00ed<\/strong><\/p>\n\n\n\n<ul class=\"hidden wp-block-list\"><li>konzulta\u010dn\u00ed \u010dinnost v\u00fdrobkov\u00e1 a technologick\u00e1,<\/li><li>poradenstv\u00ed p\u0159i volb\u011b a zm\u011bn\u011b materi\u00e1l\u016f,<\/li><li>poradenstv\u00ed p\u0159i volb\u011b a zm\u011bn\u011b technologi\u00ed,<\/li><li>technick\u00e1 podpora pro zad\u00e1n\u00ed v\u00fdb\u011brov\u00fdch \u0159\u00edzen\u00ed,<\/li><li>dozorov\u00e1n\u00ed mont\u00e1\u017e\u00ed otvorov\u00fdch v\u00fdpln\u00ed na stavb\u00e1ch.<\/li><\/ul>\n\n\n\n<p><\/p>\n\n\n\n<p><strong>Expertizy<\/strong><\/p>\n\n\n\n<ul class=\"wp-block-list\"><li>m\u011b\u0159en\u00ed a posuzov\u00e1n\u00ed technick\u00e9ho stavu v\u00fdrobk\u016f vstupn\u00edch polotovar\u016f,<\/li><li>podpora p\u0159i p\u0159ej\u00edmce stavby p\u0159ed mont\u00e1\u017e\u00ed v\u00fdrobk\u016f,<\/li><li>podpora a protokolov\u00e1n\u00ed stavu p\u0159i p\u0159ed\u00e1n\u00ed d\u00edla.<\/li><\/ul>\n\n\n\n<p><\/p>\n\n\n\n<p><strong>Vzd\u011bl\u00e1v\u00e1n\u00ed<\/strong><\/p>\n\n\n\n<ul class=\"wp-block-list\"><li>konzultace v oblasti platn\u00fdch na\u0159\u00edzen\u00ed a norem,<\/li><li>\u0161kolen\u00ed mont\u00e1\u017en\u00edch skupin.<\/li><\/ul>\n\n\n\n<p><\/p>\n\n\n\n<h2 class=\"wp-block-heading\">N\u00e1\u0161 specialista v dan\u00e9 oblasti<\/h2>\n\n\n<div id=\"pl-gb363-69f0b3f395665\"  class=\"panel-layout\" ><div id=\"pg-gb363-69f0b3f395665-0\"  class=\"panel-grid panel-no-style\" ><div id=\"pgc-gb363-69f0b3f395665-0-0\"  class=\"panel-grid-cell\" ><div id=\"panel-gb363-69f0b3f395665-0-0-0\" class=\"so-panel widget widget_text panel-first-child panel-last-child\" data-index=\"0\" >\t\t\t<div class=\"textwidget\"><p><img decoding=\"async\" class=\"size-full wp-image-1026 aligncenter lazyload\" data-src=\"https:\/\/rumex.mendelu.cz\/zstv\/wp-content\/uploads\/2021\/06\/SP_1790.jpg\" alt=\"\" width=\"200\" height=\"267\" src=\"data:image\/svg+xml;base64,PHN2ZyB3aWR0aD0iMSIgaGVpZ2h0PSIxIiB4bWxucz0iaHR0cDovL3d3dy53My5vcmcvMjAwMC9zdmciPjwvc3ZnPg==\" style=\"--smush-placeholder-width: 200px; --smush-placeholder-aspect-ratio: 200\/267;\" \/><\/p>\n<\/div>\n\t\t<\/div><\/div><div id=\"pgc-gb363-69f0b3f395665-0-1\"  class=\"panel-grid-cell\" ><div id=\"panel-gb363-69f0b3f395665-0-1-0\" class=\"so-panel widget widget_text panel-first-child panel-last-child\" data-index=\"1\" >\t\t\t<div class=\"textwidget\"><figure class=\"wp-block-table alignwide is-style-stripes\">\n<table>\n<tbody>\n<tr>\n<td><a href=\"?page_id=390\">Ing. Petr Sl\u00e1\u010d\u00edk<\/a><\/td>\n<\/tr>\n<tr>\n<td>vedouc\u00ed Zku\u0161ebny stavebn\u011b truhl\u00e1\u0159sk\u00fdch v\u00fdrobk\u016f ve Zl\u00edn\u011b<\/td>\n<\/tr>\n<tr>\n<td>mobil: +420 739 555 328<\/td>\n<\/tr>\n<tr>\n<td>e-mail: <a href=\"mailto:petr.slacik@zstv.cz\">petr.slacik@zstv.cz<\/a><\/td>\n<\/tr>\n<\/tbody>\n<\/table>\n<\/figure>\n<\/div>\n\t\t<\/div><\/div><\/div><\/div>","protected":false},"excerpt":{"rendered":"<p>Ka\u017ed\u00fd v\u00fdrobce oken nebo dve\u0159\u00ed m\u00e1 sv\u016fj syst\u00e9m \u0159\u00edzen\u00ed kvality a specifick\u00e9 v\u00fdrobn\u00ed prost\u0159edky. Zd\u00e1nliv\u011b stejn\u00e1 okna ze sejn\u00e9ho profilu [&hellip;]<\/p>\n","protected":false},"author":3,"featured_media":0,"parent":0,"menu_order":0,"comment_status":"closed","ping_status":"closed","template":"","meta":{"footnotes":""},"class_list":["post-363","page","type-page","status-publish","hentry"],"yoast_head":"<!-- This site is optimized with the Yoast SEO plugin v27.4 - https:\/\/yoast.com\/product\/yoast-seo-wordpress\/ -->\n<title>Partner ve sv\u011bt\u011b oken a dve\u0159\u00ed - Zku\u0161ebna stavebn\u011b truhl\u00e1\u0159sk\u00fdch v\u00fdrobk\u016f a n\u00e1bytku<\/title>\n<meta name=\"robots\" content=\"index, follow, max-snippet:-1, max-image-preview:large, max-video-preview:-1\" \/>\n<link rel=\"canonical\" href=\"https:\/\/zstv.cz\/?page_id=363\" \/>\n<meta property=\"og:locale\" content=\"cs_CZ\" \/>\n<meta property=\"og:type\" content=\"article\" \/>\n<meta property=\"og:title\" content=\"Partner ve sv\u011bt\u011b oken a dve\u0159\u00ed - Zku\u0161ebna stavebn\u011b truhl\u00e1\u0159sk\u00fdch v\u00fdrobk\u016f a n\u00e1bytku\" \/>\n<meta property=\"og:description\" content=\"Ka\u017ed\u00fd v\u00fdrobce oken nebo dve\u0159\u00ed m\u00e1 sv\u016fj syst\u00e9m \u0159\u00edzen\u00ed kvality a specifick\u00e9 v\u00fdrobn\u00ed prost\u0159edky. Zd\u00e1nliv\u011b stejn\u00e1 okna ze sejn\u00e9ho profilu [&hellip;]\" \/>\n<meta property=\"og:url\" content=\"https:\/\/zstv.cz\/?page_id=363\" \/>\n<meta property=\"og:site_name\" content=\"Zku\u0161ebna stavebn\u011b truhl\u00e1\u0159sk\u00fdch v\u00fdrobk\u016f a n\u00e1bytku\" \/>\n<meta property=\"article:modified_time\" content=\"2022-07-19T09:05:13+00:00\" \/>\n<meta property=\"og:image\" content=\"https:\/\/rumex.mendelu.cz\/zstv\/wp-content\/uploads\/2016\/10\/IMG_3186-683x1024.jpg\" \/>\n<meta name=\"twitter:card\" content=\"summary_large_image\" \/>\n<meta name=\"twitter:label1\" content=\"Odhadovan\u00e1 doba \u010dten\u00ed\" \/>\n\t<meta name=\"twitter:data1\" content=\"4 minuty\" \/>\n<script type=\"application\/ld+json\" class=\"yoast-schema-graph\">{\"@context\":\"https:\\\/\\\/schema.org\",\"@graph\":[{\"@type\":\"WebPage\",\"@id\":\"https:\\\/\\\/zstv.cz\\\/?page_id=363\",\"url\":\"https:\\\/\\\/zstv.cz\\\/?page_id=363\",\"name\":\"Partner ve sv\u011bt\u011b oken a dve\u0159\u00ed - Zku\u0161ebna stavebn\u011b truhl\u00e1\u0159sk\u00fdch v\u00fdrobk\u016f a n\u00e1bytku\",\"isPartOf\":{\"@id\":\"https:\\\/\\\/zstv.cz\\\/#website\"},\"primaryImageOfPage\":{\"@id\":\"https:\\\/\\\/zstv.cz\\\/?page_id=363#primaryimage\"},\"image\":{\"@id\":\"https:\\\/\\\/zstv.cz\\\/?page_id=363#primaryimage\"},\"thumbnailUrl\":\"https:\\\/\\\/rumex.mendelu.cz\\\/zstv\\\/wp-content\\\/uploads\\\/2016\\\/10\\\/IMG_3186-683x1024.jpg\",\"datePublished\":\"2021-08-11T13:00:36+00:00\",\"dateModified\":\"2022-07-19T09:05:13+00:00\",\"breadcrumb\":{\"@id\":\"https:\\\/\\\/zstv.cz\\\/?page_id=363#breadcrumb\"},\"inLanguage\":\"cs\",\"potentialAction\":[{\"@type\":\"ReadAction\",\"target\":[\"https:\\\/\\\/zstv.cz\\\/?page_id=363\"]}]},{\"@type\":\"ImageObject\",\"inLanguage\":\"cs\",\"@id\":\"https:\\\/\\\/zstv.cz\\\/?page_id=363#primaryimage\",\"url\":\"https:\\\/\\\/rumex.mendelu.cz\\\/zstv\\\/wp-content\\\/uploads\\\/2016\\\/10\\\/IMG_3186-683x1024.jpg\",\"contentUrl\":\"https:\\\/\\\/rumex.mendelu.cz\\\/zstv\\\/wp-content\\\/uploads\\\/2016\\\/10\\\/IMG_3186-683x1024.jpg\"},{\"@type\":\"BreadcrumbList\",\"@id\":\"https:\\\/\\\/zstv.cz\\\/?page_id=363#breadcrumb\",\"itemListElement\":[{\"@type\":\"ListItem\",\"position\":1,\"name\":\"Dom\u016f\",\"item\":\"https:\\\/\\\/zstv.cz\\\/\"},{\"@type\":\"ListItem\",\"position\":2,\"name\":\"Partner ve sv\u011bt\u011b oken a dve\u0159\u00ed\"}]},{\"@type\":\"WebSite\",\"@id\":\"https:\\\/\\\/zstv.cz\\\/#website\",\"url\":\"https:\\\/\\\/zstv.cz\\\/\",\"name\":\"Zku\u0161ebna stavebn\u011b truhl\u00e1\u0159sk\u00fdch v\u00fdrobk\u016f a n\u00e1bytku\",\"description\":\"\",\"potentialAction\":[{\"@type\":\"SearchAction\",\"target\":{\"@type\":\"EntryPoint\",\"urlTemplate\":\"https:\\\/\\\/zstv.cz\\\/?s={search_term_string}\"},\"query-input\":{\"@type\":\"PropertyValueSpecification\",\"valueRequired\":true,\"valueName\":\"search_term_string\"}}],\"inLanguage\":\"cs\"}]}<\/script>\n<!-- \/ Yoast SEO plugin. -->","yoast_head_json":{"title":"Partner ve sv\u011bt\u011b oken a dve\u0159\u00ed - Zku\u0161ebna stavebn\u011b truhl\u00e1\u0159sk\u00fdch v\u00fdrobk\u016f a n\u00e1bytku","robots":{"index":"index","follow":"follow","max-snippet":"max-snippet:-1","max-image-preview":"max-image-preview:large","max-video-preview":"max-video-preview:-1"},"canonical":"https:\/\/zstv.cz\/?page_id=363","og_locale":"cs_CZ","og_type":"article","og_title":"Partner ve sv\u011bt\u011b oken a dve\u0159\u00ed - Zku\u0161ebna stavebn\u011b truhl\u00e1\u0159sk\u00fdch v\u00fdrobk\u016f a n\u00e1bytku","og_description":"Ka\u017ed\u00fd v\u00fdrobce oken nebo dve\u0159\u00ed m\u00e1 sv\u016fj syst\u00e9m \u0159\u00edzen\u00ed kvality a specifick\u00e9 v\u00fdrobn\u00ed prost\u0159edky. Zd\u00e1nliv\u011b stejn\u00e1 okna ze sejn\u00e9ho profilu [&hellip;]","og_url":"https:\/\/zstv.cz\/?page_id=363","og_site_name":"Zku\u0161ebna stavebn\u011b truhl\u00e1\u0159sk\u00fdch v\u00fdrobk\u016f a n\u00e1bytku","article_modified_time":"2022-07-19T09:05:13+00:00","og_image":[{"url":"https:\/\/rumex.mendelu.cz\/zstv\/wp-content\/uploads\/2016\/10\/IMG_3186-683x1024.jpg","type":"","width":"","height":""}],"twitter_card":"summary_large_image","twitter_misc":{"Odhadovan\u00e1 doba \u010dten\u00ed":"4 minuty"},"schema":{"@context":"https:\/\/schema.org","@graph":[{"@type":"WebPage","@id":"https:\/\/zstv.cz\/?page_id=363","url":"https:\/\/zstv.cz\/?page_id=363","name":"Partner ve sv\u011bt\u011b oken a dve\u0159\u00ed - Zku\u0161ebna stavebn\u011b truhl\u00e1\u0159sk\u00fdch v\u00fdrobk\u016f a n\u00e1bytku","isPartOf":{"@id":"https:\/\/zstv.cz\/#website"},"primaryImageOfPage":{"@id":"https:\/\/zstv.cz\/?page_id=363#primaryimage"},"image":{"@id":"https:\/\/zstv.cz\/?page_id=363#primaryimage"},"thumbnailUrl":"https:\/\/rumex.mendelu.cz\/zstv\/wp-content\/uploads\/2016\/10\/IMG_3186-683x1024.jpg","datePublished":"2021-08-11T13:00:36+00:00","dateModified":"2022-07-19T09:05:13+00:00","breadcrumb":{"@id":"https:\/\/zstv.cz\/?page_id=363#breadcrumb"},"inLanguage":"cs","potentialAction":[{"@type":"ReadAction","target":["https:\/\/zstv.cz\/?page_id=363"]}]},{"@type":"ImageObject","inLanguage":"cs","@id":"https:\/\/zstv.cz\/?page_id=363#primaryimage","url":"https:\/\/rumex.mendelu.cz\/zstv\/wp-content\/uploads\/2016\/10\/IMG_3186-683x1024.jpg","contentUrl":"https:\/\/rumex.mendelu.cz\/zstv\/wp-content\/uploads\/2016\/10\/IMG_3186-683x1024.jpg"},{"@type":"BreadcrumbList","@id":"https:\/\/zstv.cz\/?page_id=363#breadcrumb","itemListElement":[{"@type":"ListItem","position":1,"name":"Dom\u016f","item":"https:\/\/zstv.cz\/"},{"@type":"ListItem","position":2,"name":"Partner ve sv\u011bt\u011b oken a dve\u0159\u00ed"}]},{"@type":"WebSite","@id":"https:\/\/zstv.cz\/#website","url":"https:\/\/zstv.cz\/","name":"Zku\u0161ebna stavebn\u011b truhl\u00e1\u0159sk\u00fdch v\u00fdrobk\u016f a n\u00e1bytku","description":"","potentialAction":[{"@type":"SearchAction","target":{"@type":"EntryPoint","urlTemplate":"https:\/\/zstv.cz\/?s={search_term_string}"},"query-input":{"@type":"PropertyValueSpecification","valueRequired":true,"valueName":"search_term_string"}}],"inLanguage":"cs"}]}},"_links":{"self":[{"href":"https:\/\/zstv.cz\/index.php?rest_route=\/wp\/v2\/pages\/363","targetHints":{"allow":["GET"]}}],"collection":[{"href":"https:\/\/zstv.cz\/index.php?rest_route=\/wp\/v2\/pages"}],"about":[{"href":"https:\/\/zstv.cz\/index.php?rest_route=\/wp\/v2\/types\/page"}],"author":[{"embeddable":true,"href":"https:\/\/zstv.cz\/index.php?rest_route=\/wp\/v2\/users\/3"}],"replies":[{"embeddable":true,"href":"https:\/\/zstv.cz\/index.php?rest_route=%2Fwp%2Fv2%2Fcomments&post=363"}],"version-history":[{"count":20,"href":"https:\/\/zstv.cz\/index.php?rest_route=\/wp\/v2\/pages\/363\/revisions"}],"predecessor-version":[{"id":1555,"href":"https:\/\/zstv.cz\/index.php?rest_route=\/wp\/v2\/pages\/363\/revisions\/1555"}],"wp:attachment":[{"href":"https:\/\/zstv.cz\/index.php?rest_route=%2Fwp%2Fv2%2Fmedia&parent=363"}],"curies":[{"name":"wp","href":"https:\/\/api.w.org\/{rel}","templated":true}]}}