{"id":1713,"date":"2025-09-30T10:11:40","date_gmt":"2025-09-30T08:11:40","guid":{"rendered":"https:\/\/zstv.cz\/?page_id=1713"},"modified":"2026-02-27T12:26:59","modified_gmt":"2026-02-27T11:26:59","slug":"seznam-pozastavenych-certifikatu","status":"publish","type":"page","link":"https:\/\/zstv.cz\/?page_id=1713","title":{"rendered":"P\u0159ehled pozastaven\u00fdch certifik\u00e1t\u016f"},"content":{"rendered":"\n<p>P\u0159ehled poskytuje seznam pozastaven\u00fdch certifik\u00e1t\u016f Ozn\u00e1men\u00e9ho subjektu \u010d. 1389 v dob\u011b jejich platnosti z d\u016fvod\u016f \u017e\u00e1dosti ze strany dr\u017eitele<\/p>\n\n\n\n<h3 class=\"wp-block-heading\">2025<\/h3>\n\n\n\n<ul class=\"wp-block-list\">\n<li>\u010d. 1389-CPR-C-18-002 ze dne 26.07.2018 \u2013&nbsp;<strong>P\u0159emysl Jaro\u0161, Letovice<\/strong><br>p\u0159edm\u011bt certifikace: Konstruk\u010dn\u00ed d\u0159evo obd\u00e9ln\u00edkov\u00e9ho pr\u016f\u0159ezu dle \u010cSN EN 14081-1+A1<br>datum pozastaven\u00ed certifik\u00e1tu: 25.07.2025 <\/li>\n<\/ul>\n\n\n\n<ul class=\"wp-block-list\">\n<li>\u010d. 1389-CPR-C-16-004 ze dne 19.12.2016 \u2013\u00a0<strong><strong>Pila a su\u0161\u00e1rna s.r.o.<\/strong><\/strong><br>p\u0159edm\u011bt certifikace: Konstruk\u010dn\u00ed d\u0159evo obd\u00e9ln\u00edkov\u00e9ho pr\u016f\u0159ezu dle \u010cSN EN 14081-1+A1<br>datum pozastaven\u00ed certifik\u00e1tu: 19.12.2025 <\/li>\n<\/ul>\n\n\n\n<p><\/p>\n","protected":false},"excerpt":{"rendered":"<p>P\u0159ehled poskytuje seznam pozastaven\u00fdch certifik\u00e1t\u016f Ozn\u00e1men\u00e9ho subjektu \u010d. 1389 v dob\u011b jejich platnosti z d\u016fvod\u016f \u017e\u00e1dosti ze strany dr\u017eitele 2025<\/p>\n","protected":false},"author":3,"featured_media":0,"parent":0,"menu_order":0,"comment_status":"closed","ping_status":"closed","template":"","meta":{"footnotes":""},"class_list":["post-1713","page","type-page","status-publish","hentry"],"yoast_head":"<!-- This site is optimized with the Yoast SEO plugin v27.4 - https:\/\/yoast.com\/product\/yoast-seo-wordpress\/ -->\n<title>P\u0159ehled pozastaven\u00fdch certifik\u00e1t\u016f - Zku\u0161ebna stavebn\u011b truhl\u00e1\u0159sk\u00fdch v\u00fdrobk\u016f a n\u00e1bytku<\/title>\n<meta name=\"robots\" content=\"index, follow, max-snippet:-1, max-image-preview:large, max-video-preview:-1\" \/>\n<link rel=\"canonical\" href=\"https:\/\/zstv.cz\/?page_id=1713\" \/>\n<meta property=\"og:locale\" content=\"cs_CZ\" \/>\n<meta property=\"og:type\" content=\"article\" \/>\n<meta property=\"og:title\" content=\"P\u0159ehled pozastaven\u00fdch certifik\u00e1t\u016f - Zku\u0161ebna stavebn\u011b truhl\u00e1\u0159sk\u00fdch v\u00fdrobk\u016f a n\u00e1bytku\" \/>\n<meta property=\"og:description\" content=\"P\u0159ehled poskytuje seznam pozastaven\u00fdch certifik\u00e1t\u016f Ozn\u00e1men\u00e9ho subjektu \u010d. 1389 v dob\u011b jejich platnosti z d\u016fvod\u016f \u017e\u00e1dosti ze strany dr\u017eitele 2025\" \/>\n<meta property=\"og:url\" content=\"https:\/\/zstv.cz\/?page_id=1713\" \/>\n<meta property=\"og:site_name\" content=\"Zku\u0161ebna stavebn\u011b truhl\u00e1\u0159sk\u00fdch v\u00fdrobk\u016f a n\u00e1bytku\" \/>\n<meta property=\"article:modified_time\" content=\"2026-02-27T11:26:59+00:00\" \/>\n<meta name=\"twitter:card\" content=\"summary_large_image\" \/>\n<meta name=\"twitter:label1\" content=\"Odhadovan\u00e1 doba \u010dten\u00ed\" \/>\n\t<meta name=\"twitter:data1\" content=\"1 minuta\" \/>\n<script type=\"application\/ld+json\" class=\"yoast-schema-graph\">{\"@context\":\"https:\\\/\\\/schema.org\",\"@graph\":[{\"@type\":\"WebPage\",\"@id\":\"https:\\\/\\\/zstv.cz\\\/?page_id=1713\",\"url\":\"https:\\\/\\\/zstv.cz\\\/?page_id=1713\",\"name\":\"P\u0159ehled pozastaven\u00fdch certifik\u00e1t\u016f - Zku\u0161ebna stavebn\u011b truhl\u00e1\u0159sk\u00fdch v\u00fdrobk\u016f a n\u00e1bytku\",\"isPartOf\":{\"@id\":\"https:\\\/\\\/zstv.cz\\\/#website\"},\"datePublished\":\"2025-09-30T08:11:40+00:00\",\"dateModified\":\"2026-02-27T11:26:59+00:00\",\"breadcrumb\":{\"@id\":\"https:\\\/\\\/zstv.cz\\\/?page_id=1713#breadcrumb\"},\"inLanguage\":\"cs\",\"potentialAction\":[{\"@type\":\"ReadAction\",\"target\":[\"https:\\\/\\\/zstv.cz\\\/?page_id=1713\"]}]},{\"@type\":\"BreadcrumbList\",\"@id\":\"https:\\\/\\\/zstv.cz\\\/?page_id=1713#breadcrumb\",\"itemListElement\":[{\"@type\":\"ListItem\",\"position\":1,\"name\":\"Dom\u016f\",\"item\":\"https:\\\/\\\/zstv.cz\\\/\"},{\"@type\":\"ListItem\",\"position\":2,\"name\":\"P\u0159ehled pozastaven\u00fdch certifik\u00e1t\u016f\"}]},{\"@type\":\"WebSite\",\"@id\":\"https:\\\/\\\/zstv.cz\\\/#website\",\"url\":\"https:\\\/\\\/zstv.cz\\\/\",\"name\":\"Zku\u0161ebna stavebn\u011b truhl\u00e1\u0159sk\u00fdch v\u00fdrobk\u016f a n\u00e1bytku\",\"description\":\"\",\"potentialAction\":[{\"@type\":\"SearchAction\",\"target\":{\"@type\":\"EntryPoint\",\"urlTemplate\":\"https:\\\/\\\/zstv.cz\\\/?s={search_term_string}\"},\"query-input\":{\"@type\":\"PropertyValueSpecification\",\"valueRequired\":true,\"valueName\":\"search_term_string\"}}],\"inLanguage\":\"cs\"}]}<\/script>\n<!-- \/ Yoast SEO plugin. -->","yoast_head_json":{"title":"P\u0159ehled pozastaven\u00fdch certifik\u00e1t\u016f - Zku\u0161ebna stavebn\u011b truhl\u00e1\u0159sk\u00fdch v\u00fdrobk\u016f a n\u00e1bytku","robots":{"index":"index","follow":"follow","max-snippet":"max-snippet:-1","max-image-preview":"max-image-preview:large","max-video-preview":"max-video-preview:-1"},"canonical":"https:\/\/zstv.cz\/?page_id=1713","og_locale":"cs_CZ","og_type":"article","og_title":"P\u0159ehled pozastaven\u00fdch certifik\u00e1t\u016f - Zku\u0161ebna stavebn\u011b truhl\u00e1\u0159sk\u00fdch v\u00fdrobk\u016f a n\u00e1bytku","og_description":"P\u0159ehled poskytuje seznam pozastaven\u00fdch certifik\u00e1t\u016f Ozn\u00e1men\u00e9ho subjektu \u010d. 1389 v dob\u011b jejich platnosti z d\u016fvod\u016f \u017e\u00e1dosti ze strany dr\u017eitele 2025","og_url":"https:\/\/zstv.cz\/?page_id=1713","og_site_name":"Zku\u0161ebna stavebn\u011b truhl\u00e1\u0159sk\u00fdch v\u00fdrobk\u016f a n\u00e1bytku","article_modified_time":"2026-02-27T11:26:59+00:00","twitter_card":"summary_large_image","twitter_misc":{"Odhadovan\u00e1 doba \u010dten\u00ed":"1 minuta"},"schema":{"@context":"https:\/\/schema.org","@graph":[{"@type":"WebPage","@id":"https:\/\/zstv.cz\/?page_id=1713","url":"https:\/\/zstv.cz\/?page_id=1713","name":"P\u0159ehled pozastaven\u00fdch certifik\u00e1t\u016f - Zku\u0161ebna stavebn\u011b truhl\u00e1\u0159sk\u00fdch v\u00fdrobk\u016f a n\u00e1bytku","isPartOf":{"@id":"https:\/\/zstv.cz\/#website"},"datePublished":"2025-09-30T08:11:40+00:00","dateModified":"2026-02-27T11:26:59+00:00","breadcrumb":{"@id":"https:\/\/zstv.cz\/?page_id=1713#breadcrumb"},"inLanguage":"cs","potentialAction":[{"@type":"ReadAction","target":["https:\/\/zstv.cz\/?page_id=1713"]}]},{"@type":"BreadcrumbList","@id":"https:\/\/zstv.cz\/?page_id=1713#breadcrumb","itemListElement":[{"@type":"ListItem","position":1,"name":"Dom\u016f","item":"https:\/\/zstv.cz\/"},{"@type":"ListItem","position":2,"name":"P\u0159ehled pozastaven\u00fdch certifik\u00e1t\u016f"}]},{"@type":"WebSite","@id":"https:\/\/zstv.cz\/#website","url":"https:\/\/zstv.cz\/","name":"Zku\u0161ebna stavebn\u011b truhl\u00e1\u0159sk\u00fdch v\u00fdrobk\u016f a n\u00e1bytku","description":"","potentialAction":[{"@type":"SearchAction","target":{"@type":"EntryPoint","urlTemplate":"https:\/\/zstv.cz\/?s={search_term_string}"},"query-input":{"@type":"PropertyValueSpecification","valueRequired":true,"valueName":"search_term_string"}}],"inLanguage":"cs"}]}},"_links":{"self":[{"href":"https:\/\/zstv.cz\/index.php?rest_route=\/wp\/v2\/pages\/1713","targetHints":{"allow":["GET"]}}],"collection":[{"href":"https:\/\/zstv.cz\/index.php?rest_route=\/wp\/v2\/pages"}],"about":[{"href":"https:\/\/zstv.cz\/index.php?rest_route=\/wp\/v2\/types\/page"}],"author":[{"embeddable":true,"href":"https:\/\/zstv.cz\/index.php?rest_route=\/wp\/v2\/users\/3"}],"replies":[{"embeddable":true,"href":"https:\/\/zstv.cz\/index.php?rest_route=%2Fwp%2Fv2%2Fcomments&post=1713"}],"version-history":[{"count":3,"href":"https:\/\/zstv.cz\/index.php?rest_route=\/wp\/v2\/pages\/1713\/revisions"}],"predecessor-version":[{"id":1744,"href":"https:\/\/zstv.cz\/index.php?rest_route=\/wp\/v2\/pages\/1713\/revisions\/1744"}],"wp:attachment":[{"href":"https:\/\/zstv.cz\/index.php?rest_route=%2Fwp%2Fv2%2Fmedia&parent=1713"}],"curies":[{"name":"wp","href":"https:\/\/api.w.org\/{rel}","templated":true}]}}